{"id":5264,"date":"2023-04-27T08:34:18","date_gmt":"2023-04-27T08:34:18","guid":{"rendered":"https:\/\/europaexpeditie.com\/?page_id=5264"},"modified":"2026-03-24T14:12:38","modified_gmt":"2026-03-24T14:12:38","slug":"sweden","status":"publish","type":"page","link":"https:\/\/europaexpeditie.com\/en\/sweden\/","title":{"rendered":"Sweden"},"content":{"rendered":"<div class=\"wpb-content-wrapper\"><p>[vc_row][vc_column][vc_custom_heading text=&#8221;Road transport Sweden&#8221; font_container=&#8221;tag:h1|text_align:left&#8221; google_fonts=&#8221;font_family:Open%20Sans%3A300%2C300italic%2Cregular%2Citalic%2C600%2C600italic%2C700%2C700italic%2C800%2C800italic|font_style:600%20bold%20regular%3A600%3Anormal&#8221;][vc_column_text]<img loading=\"lazy\" decoding=\"async\" class=\"alignnone wp-image-5251\" src=\"https:\/\/europaexpeditie.com\/wp-content\/uploads\/2023\/04\/steag-Suedia-300x200.png\" alt=\"steag Suedia\" width=\"150\" height=\"100\" srcset=\"https:\/\/europaexpeditie.com\/wp-content\/uploads\/2023\/04\/steag-Suedia-300x200.png 300w, https:\/\/europaexpeditie.com\/wp-content\/uploads\/2023\/04\/steag-Suedia-1024x683.png 1024w, https:\/\/europaexpeditie.com\/wp-content\/uploads\/2023\/04\/steag-Suedia-768x512.png 768w, https:\/\/europaexpeditie.com\/wp-content\/uploads\/2023\/04\/steag-Suedia-255x170.png 255w, https:\/\/europaexpeditie.com\/wp-content\/uploads\/2023\/04\/steag-Suedia-350x230.png 350w, https:\/\/europaexpeditie.com\/wp-content\/uploads\/2023\/04\/steag-Suedia.png 1200w\" sizes=\"auto, (max-width: 150px) 100vw, 150px\" \/><\/p>\n<p>Sweden has a mixed economy, mainly export oriented. <a href=\"https:\/\/european-union.europa.eu\/principles-countries-history\/country-profiles\/sweden_en\">According to the official website of \u00a0European Union<\/a>, 52% of Sweden\u2019s exports are made in the EU (Germany, Denmark, Finland) and imports come from Germany, the Netherlands, Denmark at 68%. The vast majority of Sweden\u2019s industry is in the private sector, with the basis of resources of the economy being construction, automotive, pharmaceutical industry.<\/p>\n<p>Europa Expeditie has developed, in the over 25 years of activity, a vast network of partners in carrying out import\/export transports to\/from Sweden. Thus, we can come up with a transport solution regardless of the location of loading\/delivery, the size of the goods, or their type.<\/p>\n<p>We offer you profitable transport solutions on Romania &#8211; Sweden route, but we are not limited to this. We can also provide you with import or export solutions from Sweden with a loading or unloading point in any other country in the European Union or even outside the EU (for example Ukraine, Turkey, or England).<\/p>\n<p>The trucks used by Europa Expeditie offer a wide range of FTL or LTL transport daily to various destinations in Sweden. We know from our experience that the loading of the export or import goods from Sweden can usually be combined with other loadings. Whether we are talking about groupage transport, refrigerated transport, oversized transport, or ADR transport, we will offer you an individual solution according to your transport needs.[\/vc_column_text][\/vc_column][\/vc_row][vc_row][vc_column][vc_custom_heading text=&#8221;1. Transport routes Sweden &#8211; Romania&#8221; google_fonts=&#8221;font_family:Open%20Sans%3A300%2C300italic%2Cregular%2Citalic%2C600%2C600italic%2C700%2C700italic%2C800%2C800italic|font_style:400%20regular%3A400%3Anormal&#8221; css=&#8221;.vc_custom_1682585277922{margin-bottom: 20px !important;}&#8221; el_id=&#8221;subtitlu1&#8243;][\/vc_column][vc_column][vc_column_text]Europa Expeditie organizes FTL or groupage shipments on Sweden \u2013 Romania route to most major cities or logistics centers such as <strong>Stockholm, G\u00f6teborg, Malm\u00f6, Uppsala, Link\u00f6ping<\/strong>, etc.<\/p>\n<p>We can also add your destination to this list.[\/vc_column_text][\/vc_column][\/vc_row][vc_row][vc_column][vc_custom_heading text=&#8221;2. Shipping prices to\/ from Sweden&#8221; google_fonts=&#8221;font_family:Open%20Sans%3A300%2C300italic%2Cregular%2Citalic%2C600%2C600italic%2C700%2C700italic%2C800%2C800italic|font_style:400%20regular%3A400%3Anormal&#8221; css=&#8221;.vc_custom_1682585317982{margin-bottom: 20px !important;}&#8221; el_id=&#8221;subtitlu2&#8243;][\/vc_column][vc_column][vc_column_text]Prices for transporting goods from\/to Sweden depend on the type of transport you need, volume, weight, distance, and delivery time, but also on additional services such as transshipment of goods, and permits in the case of oversized goods, special transport conditions, additional insurance, etc.<\/p>\n<p>It is well-known, that the price also depends on the volume of goods and, implicitly, on the transport demand in the market, the presence or absence of capacity in the transport market, etc. Given that Sweden is a highly industrialized country, the demand for transport is always high, which also attracts a very important transport capacity in this market.<\/p>\n<p>Since every transport request is unique and customers&#8217; needs are diverse, you can contact us to get customized solutions to your transport needs.[\/vc_column_text][\/vc_column][\/vc_row][vc_row][vc_column][vc_custom_heading text=&#8221;3. Types of transport Sweden &#8211; Romania &#8211; Sweden&#8221; google_fonts=&#8221;font_family:Open%20Sans%3A300%2C300italic%2Cregular%2Citalic%2C600%2C600italic%2C700%2C700italic%2C800%2C800italic|font_style:400%20regular%3A400%3Anormal&#8221; css=&#8221;.vc_custom_1682585384451{margin-bottom: 20px !important;}&#8221; el_id=&#8221;subtitlu3&#8243;][\/vc_column][vc_column][vc_custom_heading text=&#8221;3.1. FTL transport&#8221; font_container=&#8221;tag:h3|text_align:left&#8221; google_fonts=&#8221;font_family:Open%20Sans%3A300%2C300italic%2Cregular%2Citalic%2C600%2C600italic%2C700%2C700italic%2C800%2C800italic|font_style:300%20light%20regular%3A300%3Anormal&#8221; css=&#8221;.vc_custom_1682585399388{margin-bottom: 20px !important;}&#8221;][\/vc_column][vc_column][vc_column_text]Dedicated transport for a single customer. It involves renting a full truck to transport goods from one point to another. In most cases, the price is based on the payment per kilometer traveled by truck. There are also exceptional situations where additional costs may occur, but they are brought to the attention of customers.[\/vc_column_text][\/vc_column][vc_column][vc_custom_heading text=&#8221;3.2. LTL transport&#8221; font_container=&#8221;tag:h3|text_align:left&#8221; google_fonts=&#8221;font_family:Open%20Sans%3A300%2C300italic%2Cregular%2Citalic%2C600%2C600italic%2C700%2C700italic%2C800%2C800italic|font_style:300%20light%20regular%3A300%3Anormal&#8221; css=&#8221;.vc_custom_1682585416434{margin-bottom: 20px !important;}&#8221;][\/vc_column][vc_column][vc_column_text]This means that one truck transports goods from several customers. It is also called groupage.<\/p>\n<p>Compared to the FTL regime, for groupage shipments, the customer pays per pallet (if the goods are on pallets) or per floor space occupied in the truck (if the goods are not on pallets).[\/vc_column_text][\/vc_column][\/vc_row][vc_row][vc_column][vc_custom_heading text=&#8221;4. What goods can be shipped to\/ from Sweden with Europa Expeditie?&#8221; google_fonts=&#8221;font_family:Open%20Sans%3A300%2C300italic%2Cregular%2Citalic%2C600%2C600italic%2C700%2C700italic%2C800%2C800italic|font_style:400%20regular%3A400%3Anormal&#8221; css=&#8221;.vc_custom_1682585478478{margin-bottom: 20px !important;}&#8221;][\/vc_column][vc_column][vc_column_text]We can carry any type of goods to and from Sweden, from general cargo to dangerous goods (ADR), oversized goods, machinery, temperature-controlled goods, and so on.[\/vc_column_text][\/vc_column][\/vc_row][vc_row][vc_column][vc_custom_heading text=&#8221;5. What trucks do we use to deliver goods to\/ from Sweden?&#8221; google_fonts=&#8221;font_family:Open%20Sans%3A300%2C300italic%2Cregular%2Citalic%2C600%2C600italic%2C700%2C700italic%2C800%2C800italic|font_style:400%20regular%3A400%3Anormal&#8221; css=&#8221;.vc_custom_1682585517484{margin-bottom: 20px !important;}&#8221;][\/vc_column][vc_column][vc_custom_heading text=&#8221;Here is a list of trucks we use:&#8221; font_container=&#8221;tag:p|text_align:left&#8221; google_fonts=&#8221;font_family:Open%20Sans%3A300%2C300italic%2Cregular%2Citalic%2C600%2C600italic%2C700%2C700italic%2C800%2C800italic|font_style:300%20light%20regular%3A300%3Anormal&#8221; css=&#8221;.vc_custom_1682585535225{margin-bottom: 20px !important;}&#8221;][\/vc_column][vc_column][vc_column_text]<\/p>\n<ul>\n<li>Tarpaulin truck<\/li>\n<li>Refrigerated truck<\/li>\n<li>Flatbed trailer \/ specialized trailer<\/li>\n<li>7.5-ton truck<\/li>\n<li>3.5-ton van etc<\/li>\n<\/ul>\n<p>Our network of partners owns the fleet of trucks that are authorized and equipped appropriately for each type of transport requested.<\/p>\n<p>We organize freight transport to Sweden from all EU\/non-EU countries and vice versa.[\/vc_column_text][\/vc_column][\/vc_row][vc_row][vc_column][vc_column_text]Whether you are transporting a small amount of goods (for which you need a groupage) or you need to transport a large amount of goods (for which you need a full load), Europa Expeditie can help you.<\/p>\n<p>If your goods do not exceed the permitted dimensions or you need to transport oversized cargo, we have solutions for each type of transportation.<\/p>\n<p>In case the delivery or loading location is outside the EU and you do not have a customs commissioner to carry out customs formalities, we can help you with this, as well as with other additional services.[\/vc_column_text][\/vc_column][\/vc_row][vc_row][vc_column][vc_btn title=&#8221;Request transport offer Romania-Sweden \/ Sweden-Romania&#8221; color=&#8221;danger&#8221; align=&#8221;center&#8221; css=&#8221;.vc_custom_1682585650298{margin-top: 35px !important;margin-bottom: 35px !important;}&#8221; link=&#8221;url:https%3A%2F%2Feuropaexpeditie.com%2Fen%2Frequest-an-offer%2F|title:Request%20an%20offer&#8221;][\/vc_column][\/vc_row][vc_row][vc_column][vc_separator color=&#8221;custom&#8221; accent_color=&#8221;#b6d8e3&#8243;][\/vc_column][\/vc_row][vc_row][vc_column][vc_column_text css=&#8221;.vc_custom_1682585728393{margin-top: 20px !important;margin-bottom: 10px !important;}&#8221;]Do you want to find out more? Do not hesitate to contact us!<br \/>\nWe will always provide a logistic solution for your transport.<br \/>\nYou would like to organize \/ plan the transport? We are glad to discuss the possibilities in a free-of-charge consultation.<br \/>\nCall us at +40 372 300205 or at +40 372 300208.<br \/>\nCall +40 372 300205 directly for urgent shipments!<br \/>\nFind out more information regarding the additional insurance of goods.[\/vc_column_text][\/vc_column][\/vc_row][vc_row full_width=&#8221;stretch_row&#8221; css=&#8221;.vc_custom_1588151955336{margin-top: 0px !important;margin-bottom: 0px !important;padding-top: 50px !important;padding-bottom: 0px !important;background-image: url(https:\/\/europaexpeditie.com\/\/wp-content\/uploads\/2020\/04\/harta-firme-apartinatoare.jpg?id=1776) !important;}&#8221;][vc_column offset=&#8221;vc_col-lg-12 vc_col-md-12&#8243; css=&#8221;.vc_custom_1587730827730{margin-top: 0px !important;}&#8221;][vc_column_text css=&#8221;.vc_custom_1588152386034{margin-bottom: 60px !important;}&#8221;]<\/p>\n<h2>E van Wijk Group Companies<\/h2>\n<p>[\/vc_column_text][vc_row_inner css=&#8221;.vc_custom_1449205358710{margin-bottom: 0px !important;}&#8221;][vc_column_inner width=&#8221;1\/3&#8243; css=&#8221;.vc_custom_1449205271760{margin-bottom: 30px !important;}&#8221;][vc_single_image image=&#8221;4209&#8243; img_size=&#8221;full&#8221; alignment=&#8221;center&#8221; onclick=&#8221;custom_link&#8221; img_link_target=&#8221;_blank&#8221; link=&#8221;http:\/\/www.evanwijk.ro\/&#8221;][vc_column_text css=&#8221;.vc_custom_1682585757275{border-right-width: 1px !important;padding-top: 40px !important;padding-right: 30px !important;padding-bottom: 40px !important;padding-left: 30px !important;border-right-color: #e6e6e6 !important;border-right-style: solid !important;}&#8221;]<\/p>\n<h5><span style=\"color: #183650;\">Logistic E van Wijk<\/span><\/h5>\n<p><span style=\"color: #183650;\">Address: Clujului 7, 407042,\u00a0 Sannicoara, Cluj County, Romania<\/span>[\/vc_column_text][\/vc_column_inner][vc_column_inner width=&#8221;1\/3&#8243; css=&#8221;.vc_custom_1449205275416{margin-bottom: 30px !important;}&#8221;][vc_single_image image=&#8221;4213&#8243; img_size=&#8221;full&#8221; alignment=&#8221;center&#8221; onclick=&#8221;custom_link&#8221; img_link_target=&#8221;_blank&#8221; link=&#8221;https:\/\/www.evanwijk.com&#8221;][vc_column_text css=&#8221;.vc_custom_1682585774949{border-right-width: 1px !important;padding-top: 40px !important;padding-right: 30px !important;padding-bottom: 40px !important;padding-left: 30px !important;border-right-color: #e6e6e6 !important;border-right-style: solid !important;}&#8221;]<\/p>\n<h5><span style=\"color: #183650;\">E. van Wijk Forwarding BV<\/span><\/h5>\n<p><span style=\"color: #183650;\">Address: Columbus 5, 7609 RM Almelo, Netherlands<\/span>[\/vc_column_text][\/vc_column_inner][vc_column_inner width=&#8221;1\/3&#8243;][vc_single_image image=&#8221;4209&#8243; img_size=&#8221;full&#8221; alignment=&#8221;center&#8221; onclick=&#8221;custom_link&#8221; img_link_target=&#8221;_blank&#8221; link=&#8221;https:\/\/www.evanwijk.nl\/&#8221;][vc_column_text css=&#8221;.vc_custom_1682585787072{border-right-width: 1px !important;padding-top: 40px !important;padding-right: 30px !important;padding-bottom: 40px !important;padding-left: 30px !important;border-right-color: #e6e6e6 !important;border-right-style: solid !important;}&#8221;]<\/p>\n<h5><span style=\"color: #183650;\">E. van Wijk Logistics BV<\/span><\/h5>\n<p><span style=\"color: #183650;\">Address: Expeditiestraat 14 , 4283 JG Giessen, Netherlands<\/span>[\/vc_column_text][\/vc_column_inner][\/vc_row_inner][\/vc_column][\/vc_row]<\/p>\n<\/div>","protected":false},"excerpt":{"rendered":"<p>[vc_row][vc_column][vc_custom_heading text=&#8221;Road transport Sweden&#8221; font_container=&#8221;tag:h1|text_align:left&#8221; google_fonts=&#8221;font_family:Open%20Sans%3A300%2C300italic%2Cregular%2Citalic%2C600%2C600italic%2C700%2C700italic%2C800%2C800italic|font_style:600%20bold%20regular%3A600%3Anormal&#8221;][vc_column_text] Sweden has a mixed economy, mainly export oriented. According to the official website of \u00a0European Union, 52% of Sweden\u2019s exports are made in the EU (Germany, Denmark,&#8230;<\/p>\n","protected":false},"author":3,"featured_media":0,"parent":0,"menu_order":0,"comment_status":"closed","ping_status":"closed","template":"","meta":{"footnotes":""},"class_list":["post-5264","page","type-page","status-publish","hentry"],"yoast_head":"<!-- This site is optimized with the Yoast SEO plugin v24.7 - https:\/\/yoast.com\/wordpress\/plugins\/seo\/ -->\n<title>Sweden - Europa Expeditie<\/title>\n<meta name=\"description\" content=\"Are you looking for a road transport Sweden Romania Sweden? We offer customized solutions according to your transport needs. Request an offer\" \/>\n<meta name=\"robots\" content=\"index, follow, max-snippet:-1, max-image-preview:large, max-video-preview:-1\" \/>\n<link rel=\"canonical\" href=\"https:\/\/europaexpeditie.com\/en\/sweden\/\" \/>\n<meta property=\"og:locale\" content=\"en_US\" \/>\n<meta property=\"og:type\" content=\"article\" \/>\n<meta property=\"og:title\" content=\"Sweden - Europa Expeditie\" \/>\n<meta property=\"og:description\" content=\"Are you looking for a road transport Sweden Romania Sweden? We offer customized solutions according to your transport needs. Request an offer\" \/>\n<meta property=\"og:url\" content=\"https:\/\/europaexpeditie.com\/en\/sweden\/\" \/>\n<meta property=\"og:site_name\" content=\"Europa Expeditie\" \/>\n<meta property=\"article:modified_time\" content=\"2026-03-24T14:12:38+00:00\" \/>\n<meta property=\"og:image\" content=\"https:\/\/europaexpeditie.com\/wp-content\/uploads\/2023\/04\/steag-Suedia.png\" \/>\n\t<meta property=\"og:image:width\" content=\"1200\" \/>\n\t<meta property=\"og:image:height\" content=\"800\" \/>\n\t<meta property=\"og:image:type\" content=\"image\/png\" \/>\n<meta name=\"twitter:card\" content=\"summary_large_image\" \/>\n<meta name=\"twitter:label1\" content=\"Est. reading time\" \/>\n\t<meta name=\"twitter:data1\" content=\"5 minutes\" \/>\n<script type=\"application\/ld+json\" class=\"yoast-schema-graph\">{\"@context\":\"https:\/\/schema.org\",\"@graph\":[{\"@type\":\"WebPage\",\"@id\":\"https:\/\/europaexpeditie.com\/en\/sweden\/\",\"url\":\"https:\/\/europaexpeditie.com\/en\/sweden\/\",\"name\":\"Sweden - Europa Expeditie\",\"isPartOf\":{\"@id\":\"https:\/\/europaexpeditie.com\/en\/#website\"},\"primaryImageOfPage\":{\"@id\":\"https:\/\/europaexpeditie.com\/en\/sweden\/#primaryimage\"},\"image\":{\"@id\":\"https:\/\/europaexpeditie.com\/en\/sweden\/#primaryimage\"},\"thumbnailUrl\":\"https:\/\/europaexpeditie.com\/wp-content\/uploads\/2023\/04\/steag-Suedia-300x200.png\",\"datePublished\":\"2023-04-27T08:34:18+00:00\",\"dateModified\":\"2026-03-24T14:12:38+00:00\",\"description\":\"Are you looking for a road transport Sweden Romania Sweden? We offer customized solutions according to your transport needs. Request an offer\",\"breadcrumb\":{\"@id\":\"https:\/\/europaexpeditie.com\/en\/sweden\/#breadcrumb\"},\"inLanguage\":\"en-US\",\"potentialAction\":[{\"@type\":\"ReadAction\",\"target\":[\"https:\/\/europaexpeditie.com\/en\/sweden\/\"]}]},{\"@type\":\"ImageObject\",\"inLanguage\":\"en-US\",\"@id\":\"https:\/\/europaexpeditie.com\/en\/sweden\/#primaryimage\",\"url\":\"https:\/\/europaexpeditie.com\/wp-content\/uploads\/2023\/04\/steag-Suedia-300x200.png\",\"contentUrl\":\"https:\/\/europaexpeditie.com\/wp-content\/uploads\/2023\/04\/steag-Suedia-300x200.png\"},{\"@type\":\"BreadcrumbList\",\"@id\":\"https:\/\/europaexpeditie.com\/en\/sweden\/#breadcrumb\",\"itemListElement\":[{\"@type\":\"ListItem\",\"position\":1,\"name\":\"Home\",\"item\":\"https:\/\/europaexpeditie.com\/en\/\"},{\"@type\":\"ListItem\",\"position\":2,\"name\":\"Sweden\"}]},{\"@type\":\"WebSite\",\"@id\":\"https:\/\/europaexpeditie.com\/en\/#website\",\"url\":\"https:\/\/europaexpeditie.com\/en\/\",\"name\":\"Europa Expeditie\",\"description\":\"\",\"publisher\":{\"@id\":\"https:\/\/europaexpeditie.com\/en\/#organization\"},\"potentialAction\":[{\"@type\":\"SearchAction\",\"target\":{\"@type\":\"EntryPoint\",\"urlTemplate\":\"https:\/\/europaexpeditie.com\/en\/?s={search_term_string}\"},\"query-input\":{\"@type\":\"PropertyValueSpecification\",\"valueRequired\":true,\"valueName\":\"search_term_string\"}}],\"inLanguage\":\"en-US\"},{\"@type\":\"Organization\",\"@id\":\"https:\/\/europaexpeditie.com\/en\/#organization\",\"name\":\"Europa Expeditie\",\"url\":\"https:\/\/europaexpeditie.com\/en\/\",\"logo\":{\"@type\":\"ImageObject\",\"inLanguage\":\"en-US\",\"@id\":\"https:\/\/europaexpeditie.com\/en\/#\/schema\/logo\/image\/\",\"url\":\"https:\/\/europaexpeditie.com\/wp-content\/uploads\/2020\/06\/logo-header.png\",\"contentUrl\":\"https:\/\/europaexpeditie.com\/wp-content\/uploads\/2020\/06\/logo-header.png\",\"width\":605,\"height\":150,\"caption\":\"Europa Expeditie\"},\"image\":{\"@id\":\"https:\/\/europaexpeditie.com\/en\/#\/schema\/logo\/image\/\"}}]}<\/script>\n<!-- \/ Yoast SEO plugin. -->","yoast_head_json":{"title":"Sweden - Europa Expeditie","description":"Are you looking for a road transport Sweden Romania Sweden? We offer customized solutions according to your transport needs. Request an offer","robots":{"index":"index","follow":"follow","max-snippet":"max-snippet:-1","max-image-preview":"max-image-preview:large","max-video-preview":"max-video-preview:-1"},"canonical":"https:\/\/europaexpeditie.com\/en\/sweden\/","og_locale":"en_US","og_type":"article","og_title":"Sweden - Europa Expeditie","og_description":"Are you looking for a road transport Sweden Romania Sweden? We offer customized solutions according to your transport needs. Request an offer","og_url":"https:\/\/europaexpeditie.com\/en\/sweden\/","og_site_name":"Europa Expeditie","article_modified_time":"2026-03-24T14:12:38+00:00","og_image":[{"width":1200,"height":800,"url":"https:\/\/europaexpeditie.com\/wp-content\/uploads\/2023\/04\/steag-Suedia.png","type":"image\/png"}],"twitter_card":"summary_large_image","twitter_misc":{"Est. reading time":"5 minutes"},"schema":{"@context":"https:\/\/schema.org","@graph":[{"@type":"WebPage","@id":"https:\/\/europaexpeditie.com\/en\/sweden\/","url":"https:\/\/europaexpeditie.com\/en\/sweden\/","name":"Sweden - Europa Expeditie","isPartOf":{"@id":"https:\/\/europaexpeditie.com\/en\/#website"},"primaryImageOfPage":{"@id":"https:\/\/europaexpeditie.com\/en\/sweden\/#primaryimage"},"image":{"@id":"https:\/\/europaexpeditie.com\/en\/sweden\/#primaryimage"},"thumbnailUrl":"https:\/\/europaexpeditie.com\/wp-content\/uploads\/2023\/04\/steag-Suedia-300x200.png","datePublished":"2023-04-27T08:34:18+00:00","dateModified":"2026-03-24T14:12:38+00:00","description":"Are you looking for a road transport Sweden Romania Sweden? We offer customized solutions according to your transport needs. Request an offer","breadcrumb":{"@id":"https:\/\/europaexpeditie.com\/en\/sweden\/#breadcrumb"},"inLanguage":"en-US","potentialAction":[{"@type":"ReadAction","target":["https:\/\/europaexpeditie.com\/en\/sweden\/"]}]},{"@type":"ImageObject","inLanguage":"en-US","@id":"https:\/\/europaexpeditie.com\/en\/sweden\/#primaryimage","url":"https:\/\/europaexpeditie.com\/wp-content\/uploads\/2023\/04\/steag-Suedia-300x200.png","contentUrl":"https:\/\/europaexpeditie.com\/wp-content\/uploads\/2023\/04\/steag-Suedia-300x200.png"},{"@type":"BreadcrumbList","@id":"https:\/\/europaexpeditie.com\/en\/sweden\/#breadcrumb","itemListElement":[{"@type":"ListItem","position":1,"name":"Home","item":"https:\/\/europaexpeditie.com\/en\/"},{"@type":"ListItem","position":2,"name":"Sweden"}]},{"@type":"WebSite","@id":"https:\/\/europaexpeditie.com\/en\/#website","url":"https:\/\/europaexpeditie.com\/en\/","name":"Europa Expeditie","description":"","publisher":{"@id":"https:\/\/europaexpeditie.com\/en\/#organization"},"potentialAction":[{"@type":"SearchAction","target":{"@type":"EntryPoint","urlTemplate":"https:\/\/europaexpeditie.com\/en\/?s={search_term_string}"},"query-input":{"@type":"PropertyValueSpecification","valueRequired":true,"valueName":"search_term_string"}}],"inLanguage":"en-US"},{"@type":"Organization","@id":"https:\/\/europaexpeditie.com\/en\/#organization","name":"Europa Expeditie","url":"https:\/\/europaexpeditie.com\/en\/","logo":{"@type":"ImageObject","inLanguage":"en-US","@id":"https:\/\/europaexpeditie.com\/en\/#\/schema\/logo\/image\/","url":"https:\/\/europaexpeditie.com\/wp-content\/uploads\/2020\/06\/logo-header.png","contentUrl":"https:\/\/europaexpeditie.com\/wp-content\/uploads\/2020\/06\/logo-header.png","width":605,"height":150,"caption":"Europa Expeditie"},"image":{"@id":"https:\/\/europaexpeditie.com\/en\/#\/schema\/logo\/image\/"}}]}},"_links":{"self":[{"href":"https:\/\/europaexpeditie.com\/en\/wp-json\/wp\/v2\/pages\/5264","targetHints":{"allow":["GET"]}}],"collection":[{"href":"https:\/\/europaexpeditie.com\/en\/wp-json\/wp\/v2\/pages"}],"about":[{"href":"https:\/\/europaexpeditie.com\/en\/wp-json\/wp\/v2\/types\/page"}],"author":[{"embeddable":true,"href":"https:\/\/europaexpeditie.com\/en\/wp-json\/wp\/v2\/users\/3"}],"replies":[{"embeddable":true,"href":"https:\/\/europaexpeditie.com\/en\/wp-json\/wp\/v2\/comments?post=5264"}],"version-history":[{"count":2,"href":"https:\/\/europaexpeditie.com\/en\/wp-json\/wp\/v2\/pages\/5264\/revisions"}],"predecessor-version":[{"id":6079,"href":"https:\/\/europaexpeditie.com\/en\/wp-json\/wp\/v2\/pages\/5264\/revisions\/6079"}],"wp:attachment":[{"href":"https:\/\/europaexpeditie.com\/en\/wp-json\/wp\/v2\/media?parent=5264"}],"curies":[{"name":"wp","href":"https:\/\/api.w.org\/{rel}","templated":true}]}}