{"id":2620,"date":"2020-03-23T14:51:44","date_gmt":"2020-03-23T14:51:44","guid":{"rendered":"https:\/\/europaexpeditie.com\/?page_id=2620"},"modified":"2021-04-26T12:40:19","modified_gmt":"2021-04-26T12:40:19","slug":"tortenetunk","status":"publish","type":"page","link":"https:\/\/europaexpeditie.com\/hu\/tortenetunk\/","title":{"rendered":"T\u00f6rt\u00e9net\u00fcnk"},"content":{"rendered":"<div class=\"wpb-content-wrapper\"><p>[vc_row css=&#8221;.vc_custom_1586426807607{margin-bottom: 30px !important;}&#8221;][vc_column width=&#8221;1\/2&#8243;][vc_single_image image=&#8221;1565&#8243; img_size=&#8221;full&#8221;][\/vc_column][vc_column width=&#8221;1\/2&#8243; offset=&#8221;vc_hidden-sm vc_hidden-xs&#8221;][vc_column_text css=&#8221;.vc_custom_1595234547647{margin-bottom: 30px !important;}&#8221;]<\/p>\n<h2>EGY FOLYTAT\u00d3D\u00d3 T\u00d6RT\u00c9NET \u2026<\/h2>\n<p>T\u00e9rj\u00fcnk csak vissza a m\u00faltba, 1996-ba, az Europa Expeditie c\u00e9g deb\u00fct\u00e1l\u00e1s\u00e1nak \u00e9v\u00e9be, egy\u00fctt a nemzetk\u00f6zi logisztikai t\u00e1rsas\u00e1ggal, a Logistic E van Wijk-vel.<\/p>\n<p>Tev\u00e9kenys\u00e9g\u00fcnket v\u00e1m\u00fcgyn\u00f6kk\u00e9nt kezdt\u00fck. Az E van Wijk csoport tagjak\u00e9nt az Europa Expeditie val\u00f3di t\u00e1mogat\u00e1st jelentett a csoporthoz tartoz\u00f3 t\u00e1rsas\u00e1gok sz\u00e1m\u00e1ra, amelynek k\u00f6z\u00e9ppontj\u00e1ban a v\u00e1mhat\u00f3s\u00e1gokkal val\u00f3 kapcsolattart\u00e1s \u00e1llt.[\/vc_column_text][\/vc_column][\/vc_row][vc_row css=&#8221;.vc_custom_1588929768354{margin-bottom: 20px !important;}&#8221;][vc_column][vc_column_text css=&#8221;.vc_custom_1595234639765{margin-bottom: 30px !important;}&#8221;]<\/p>\n<h2>Az id\u0151szak mikor a nemzetk\u00f6zi \u00e1rufuvaroz\u00e1s ter\u00fclete val\u00f3ban kib\u0151v\u00fclt<\/h2>\n<p>Ez az id\u0151szak volt az amely az EuropaExpeditio t\u00e1rsas\u00e1g kiindul\u00f3pontj\u00e1t is jelentette. Egy nemzetk\u00f6zi \u00e1rufuvaroz\u00e1s neh\u00e9zkes v\u00e1mjogszab\u00e1lyokkal k\u00eds\u00e9rt val\u00f3di terjeszked\u00e9st mutatott, elengedhetetlenn\u00e9 v\u00e1lt egy ez ir\u00e1nyba ny\u00fajtott val\u00f3di t\u00e1mogat\u00e1s.<\/p>\n<p>A ny\u00fajtott szolg\u00e1ltat\u00e1sok pontoss\u00e1g\u00e1val \u00e9s min\u0151s\u00e9g\u00e9vel, a nemzetk\u00f6zi fuvaroz\u00e1si szolg\u00e1ltat\u00e1sokra valamint a megk\u00f6t\u00f6tt partnerkapcsolatokkal is r\u00e9szek\u00e9nt az Europa Expeditio val\u00f3di halad\u00e1st \u00e9rt el. Rom\u00e1nia Eur\u00f3pai Uni\u00f3hoz val\u00f3 csatlakoz\u00e1sakor a c\u00e9g az fuvaroz\u00e1si tev\u00e9kenys\u00e9g fel\u00e9 fordult, a kontinens nyugati \u00e9s keleti ter\u00fcleteire egyar\u00e1nt.<\/p>\n<p>Egy rendk\u00edv\u00fcl dinamikus ter\u00fcleten tev\u00e9kenykedve, ami nagy rugalmass\u00e1got \u00e9s piaci ig\u00e9nyekhez val\u00f3 alkalmazkod\u00f3k\u00e9pess\u00e9get ig\u00e9nyel, siker\u00fclt mind a munkav\u00e1llal\u00f3kkal, mind pedig az \u00fcgyfelekkel hossz\u00fa t\u00e1v\u00fa kapcsolatokat ki\u00e9p\u00edteni.<\/p>\n<p>B\u00fcszk\u00e9k vagyunk arra, hogy \u00fcgyfeleink nagy r\u00e9sze kezdetekt\u0151l fogva \u00fatit\u00e1rsunk volt. Beruh\u00e1zunk, \u00e9p\u00edt\u00fcnk, fejleszt\u00fcnk \u00e9s fenntartjuk a partnerkapcsolatokat, rugalmasak vagyunk az \u00fcgyfelek ig\u00e9nyeinek teljes\u00edt\u00e9s\u00e9ben.[\/vc_column_text][\/vc_column][\/vc_row][vc_row full_width=&#8221;stretch_row&#8221; css=&#8221;.vc_custom_1590579289606{margin-top: 0px !important;margin-bottom: 0px !important;padding-top: 50px !important;padding-bottom: 0px !important;background-image: url(https:\/\/europaexpeditie.com\/wp-content\/uploads\/2020\/05\/harta-firme-apartinatoare_.jpg?id=2127) !important;}&#8221;][vc_column offset=&#8221;vc_col-lg-12 vc_col-md-12&#8243; css=&#8221;.vc_custom_1587730827730{margin-top: 0px !important;}&#8221;][vc_column_text css=&#8221;.vc_custom_1588152386034{margin-bottom: 60px !important;}&#8221;]<\/p>\n<h2>E van Wijk Group Companies<\/h2>\n<p>[\/vc_column_text][vc_row_inner css=&#8221;.vc_custom_1449205358710{margin-bottom: 0px !important;}&#8221;][vc_column_inner width=&#8221;1\/4&#8243; css=&#8221;.vc_custom_1449205271760{margin-bottom: 30px !important;}&#8221;][vc_single_image image=&#8221;2130&#8243; img_size=&#8221;full&#8221; alignment=&#8221;center&#8221; onclick=&#8221;custom_link&#8221; img_link_target=&#8221;_blank&#8221; link=&#8221;http:\/\/www.evanwijk.ro\/&#8221;][vc_column_text css=&#8221;.vc_custom_1619440820619{border-right-width: 1px !important;padding-top: 40px !important;padding-right: 30px !important;padding-bottom: 40px !important;padding-left: 30px !important;border-right-color: #e6e6e6 !important;border-right-style: solid !important;}&#8221;]<\/p>\n<h5><span style=\"color: #183650;\">Logistic E van Wijk<\/span><\/h5>\n<p><span style=\"color: #183650;\">C\u00edm: Clujului 7, 407042, Sannicoara, Kolozs megye, Rom\u00e1nia<\/span><br \/>\n<span style=\"color: #183650;\">Tel. <a style=\"color: #000000;\" href=\"tel:+40 372 300 200\">+40 372 300 200<\/a><\/span>[\/vc_column_text][\/vc_column_inner][vc_column_inner width=&#8221;1\/4&#8243; css=&#8221;.vc_custom_1449205275416{margin-bottom: 30px !important;}&#8221;][vc_single_image image=&#8221;2134&#8243; img_size=&#8221;full&#8221; alignment=&#8221;center&#8221; onclick=&#8221;custom_link&#8221; img_link_target=&#8221;_blank&#8221; link=&#8221;https:\/\/www.twentepoort-logistiek.nl\/&#8221;][vc_column_text css=&#8221;.vc_custom_1619440803383{border-right-width: 1px !important;padding-top: 40px !important;padding-right: 30px !important;padding-bottom: 40px !important;padding-left: 30px !important;border-right-color: #e6e6e6 !important;border-right-style: solid !important;}&#8221;]<\/p>\n<h5><span style=\"color: #183650;\">Twentepoort Logistiek BV<\/span><\/h5>\n<p><span style=\"color: #183650;\">C\u00edm: Vijverweg 2 , 7641 LH Wierden, Hollandia<\/span><br \/>\n<span style=\"color: #183650;\">Tel. <a style=\"color: #000000;\" href=\"tel:+31 546 45 5374\">+31 546 45 5374<\/a><\/span>[\/vc_column_text][\/vc_column_inner][vc_column_inner width=&#8221;1\/4&#8243;][vc_single_image image=&#8221;2130&#8243; img_size=&#8221;full&#8221; alignment=&#8221;center&#8221; onclick=&#8221;custom_link&#8221; img_link_target=&#8221;_blank&#8221; link=&#8221;https:\/\/www.evanwijk.com\/en\/&#8221;][vc_column_text css=&#8221;.vc_custom_1619440786175{border-right-width: 1px !important;padding-top: 40px !important;padding-right: 30px !important;padding-bottom: 40px !important;padding-left: 30px !important;border-right-color: #e6e6e6 !important;border-right-style: solid !important;}&#8221;]<\/p>\n<h5><span style=\"color: #183650;\">E. van Wijk Logistics BV<\/span><\/h5>\n<p><span style=\"color: #183650;\">C\u00edm: Expeditiestraat 14 , 4283 JG Giessen, Hollandia<\/span><br \/>\n<span style=\"color: #183650;\">Tel. <a style=\"color: #000000;\" href=\"tel:+31 (0) 183 44 79 00\">+31 (0) 183 44 79 00<\/a><\/span>[\/vc_column_text][\/vc_column_inner][vc_column_inner width=&#8221;1\/4&#8243;][vc_single_image image=&#8221;1795&#8243; img_size=&#8221;full&#8221; alignment=&#8221;center&#8221; onclick=&#8221;custom_link&#8221; img_link_target=&#8221;_blank&#8221; link=&#8221;https:\/\/himexlogistics.nl\/en&#8221;][vc_column_text css=&#8221;.vc_custom_1619440760380{border-right-width: 1px !important;padding-top: 40px !important;padding-right: 30px !important;padding-bottom: 40px !important;padding-left: 30px !important;border-right-color: #e6e6e6 !important;border-right-style: solid !important;}&#8221;]<\/p>\n<h5><span style=\"color: #183650;\">Himex Logistics<\/span><\/h5>\n<p><span style=\"color: #183650;\">C\u00edm: Vijverweg 2 , 7641 LH Wierden, Hollandia<\/span><br \/>\n<span style=\"color: #183650;\">Tel. <a style=\"color: #000000;\" href=\"tel:+31 (0) 541 55 11 13\">+31 (0) 541 55 11 13<\/a><\/span>[\/vc_column_text][\/vc_column_inner][\/vc_row_inner][\/vc_column][\/vc_row]<\/p>\n<\/div>","protected":false},"excerpt":{"rendered":"<p>[vc_row css=&#8221;.vc_custom_1586426807607{margin-bottom: 30px !important;}&#8221;][vc_column width=&#8221;1\/2&#8243;][vc_single_image image=&#8221;1565&#8243; img_size=&#8221;full&#8221;][\/vc_column][vc_column width=&#8221;1\/2&#8243; offset=&#8221;vc_hidden-sm vc_hidden-xs&#8221;][vc_column_text css=&#8221;.vc_custom_1595234547647{margin-bottom: 30px !important;}&#8221;] EGY FOLYTAT\u00d3D\u00d3 T\u00d6RT\u00c9NET \u2026 T\u00e9rj\u00fcnk csak vissza a m\u00faltba, 1996-ba, az Europa Expeditie c\u00e9g deb\u00fct\u00e1l\u00e1s\u00e1nak \u00e9v\u00e9be, egy\u00fctt a nemzetk\u00f6zi logisztikai&#8230;<\/p>\n","protected":false},"author":3,"featured_media":0,"parent":0,"menu_order":0,"comment_status":"closed","ping_status":"closed","template":"","meta":{"footnotes":""},"class_list":["post-2620","page","type-page","status-publish","hentry"],"yoast_head":"<!-- This site is optimized with the Yoast SEO plugin v24.7 - https:\/\/yoast.com\/wordpress\/plugins\/seo\/ -->\n<title>T\u00f6rt\u00e9net\u00fcnk - Europa Expeditie<\/title>\n<meta name=\"robots\" content=\"index, follow, max-snippet:-1, max-image-preview:large, max-video-preview:-1\" \/>\n<link rel=\"canonical\" href=\"https:\/\/europaexpeditie.com\/hu\/tortenetunk\/\" \/>\n<meta property=\"og:locale\" content=\"hu_HU\" \/>\n<meta property=\"og:type\" content=\"article\" \/>\n<meta property=\"og:title\" content=\"T\u00f6rt\u00e9net\u00fcnk - Europa Expeditie\" \/>\n<meta property=\"og:description\" content=\"[vc_row css=&#8221;.vc_custom_1586426807607{margin-bottom: 30px !important;}&#8221;][vc_column width=&#8221;1\/2&#8243;][vc_single_image image=&#8221;1565&#8243; img_size=&#8221;full&#8221;][\/vc_column][vc_column width=&#8221;1\/2&#8243; offset=&#8221;vc_hidden-sm vc_hidden-xs&#8221;][vc_column_text css=&#8221;.vc_custom_1595234547647{margin-bottom: 30px !important;}&#8221;] EGY FOLYTAT\u00d3D\u00d3 T\u00d6RT\u00c9NET \u2026 T\u00e9rj\u00fcnk csak vissza a m\u00faltba, 1996-ba, az Europa Expeditie c\u00e9g deb\u00fct\u00e1l\u00e1s\u00e1nak \u00e9v\u00e9be, egy\u00fctt a nemzetk\u00f6zi logisztikai...\" \/>\n<meta property=\"og:url\" content=\"https:\/\/europaexpeditie.com\/hu\/tortenetunk\/\" \/>\n<meta property=\"og:site_name\" content=\"Europa Expeditie\" \/>\n<meta property=\"article:modified_time\" content=\"2021-04-26T12:40:19+00:00\" \/>\n<meta name=\"twitter:card\" content=\"summary_large_image\" \/>\n<meta name=\"twitter:label1\" content=\"Becs\u00fclt olvas\u00e1si id\u0151\" \/>\n\t<meta name=\"twitter:data1\" content=\"4 perc\" \/>\n<script type=\"application\/ld+json\" class=\"yoast-schema-graph\">{\"@context\":\"https:\/\/schema.org\",\"@graph\":[{\"@type\":\"WebPage\",\"@id\":\"https:\/\/europaexpeditie.com\/hu\/tortenetunk\/\",\"url\":\"https:\/\/europaexpeditie.com\/hu\/tortenetunk\/\",\"name\":\"T\u00f6rt\u00e9net\u00fcnk - Europa Expeditie\",\"isPartOf\":{\"@id\":\"https:\/\/europaexpeditie.com\/en\/#website\"},\"datePublished\":\"2020-03-23T14:51:44+00:00\",\"dateModified\":\"2021-04-26T12:40:19+00:00\",\"breadcrumb\":{\"@id\":\"https:\/\/europaexpeditie.com\/hu\/tortenetunk\/#breadcrumb\"},\"inLanguage\":\"hu\",\"potentialAction\":[{\"@type\":\"ReadAction\",\"target\":[\"https:\/\/europaexpeditie.com\/hu\/tortenetunk\/\"]}]},{\"@type\":\"BreadcrumbList\",\"@id\":\"https:\/\/europaexpeditie.com\/hu\/tortenetunk\/#breadcrumb\",\"itemListElement\":[{\"@type\":\"ListItem\",\"position\":1,\"name\":\"Home\",\"item\":\"https:\/\/europaexpeditie.com\/hu\/\"},{\"@type\":\"ListItem\",\"position\":2,\"name\":\"T\u00f6rt\u00e9net\u00fcnk\"}]},{\"@type\":\"WebSite\",\"@id\":\"https:\/\/europaexpeditie.com\/en\/#website\",\"url\":\"https:\/\/europaexpeditie.com\/en\/\",\"name\":\"Europa Expeditie\",\"description\":\"\",\"publisher\":{\"@id\":\"https:\/\/europaexpeditie.com\/en\/#organization\"},\"potentialAction\":[{\"@type\":\"SearchAction\",\"target\":{\"@type\":\"EntryPoint\",\"urlTemplate\":\"https:\/\/europaexpeditie.com\/en\/?s={search_term_string}\"},\"query-input\":{\"@type\":\"PropertyValueSpecification\",\"valueRequired\":true,\"valueName\":\"search_term_string\"}}],\"inLanguage\":\"hu\"},{\"@type\":\"Organization\",\"@id\":\"https:\/\/europaexpeditie.com\/en\/#organization\",\"name\":\"Europa Expeditie\",\"url\":\"https:\/\/europaexpeditie.com\/en\/\",\"logo\":{\"@type\":\"ImageObject\",\"inLanguage\":\"hu\",\"@id\":\"https:\/\/europaexpeditie.com\/en\/#\/schema\/logo\/image\/\",\"url\":\"https:\/\/europaexpeditie.com\/wp-content\/uploads\/2020\/06\/logo-header.png\",\"contentUrl\":\"https:\/\/europaexpeditie.com\/wp-content\/uploads\/2020\/06\/logo-header.png\",\"width\":605,\"height\":150,\"caption\":\"Europa Expeditie\"},\"image\":{\"@id\":\"https:\/\/europaexpeditie.com\/en\/#\/schema\/logo\/image\/\"}}]}<\/script>\n<!-- \/ Yoast SEO plugin. -->","yoast_head_json":{"title":"T\u00f6rt\u00e9net\u00fcnk - Europa Expeditie","robots":{"index":"index","follow":"follow","max-snippet":"max-snippet:-1","max-image-preview":"max-image-preview:large","max-video-preview":"max-video-preview:-1"},"canonical":"https:\/\/europaexpeditie.com\/hu\/tortenetunk\/","og_locale":"hu_HU","og_type":"article","og_title":"T\u00f6rt\u00e9net\u00fcnk - Europa Expeditie","og_description":"[vc_row css=&#8221;.vc_custom_1586426807607{margin-bottom: 30px !important;}&#8221;][vc_column width=&#8221;1\/2&#8243;][vc_single_image image=&#8221;1565&#8243; img_size=&#8221;full&#8221;][\/vc_column][vc_column width=&#8221;1\/2&#8243; offset=&#8221;vc_hidden-sm vc_hidden-xs&#8221;][vc_column_text css=&#8221;.vc_custom_1595234547647{margin-bottom: 30px !important;}&#8221;] EGY FOLYTAT\u00d3D\u00d3 T\u00d6RT\u00c9NET \u2026 T\u00e9rj\u00fcnk csak vissza a m\u00faltba, 1996-ba, az Europa Expeditie c\u00e9g deb\u00fct\u00e1l\u00e1s\u00e1nak \u00e9v\u00e9be, egy\u00fctt a nemzetk\u00f6zi logisztikai...","og_url":"https:\/\/europaexpeditie.com\/hu\/tortenetunk\/","og_site_name":"Europa Expeditie","article_modified_time":"2021-04-26T12:40:19+00:00","twitter_card":"summary_large_image","twitter_misc":{"Becs\u00fclt olvas\u00e1si id\u0151":"4 perc"},"schema":{"@context":"https:\/\/schema.org","@graph":[{"@type":"WebPage","@id":"https:\/\/europaexpeditie.com\/hu\/tortenetunk\/","url":"https:\/\/europaexpeditie.com\/hu\/tortenetunk\/","name":"T\u00f6rt\u00e9net\u00fcnk - Europa Expeditie","isPartOf":{"@id":"https:\/\/europaexpeditie.com\/en\/#website"},"datePublished":"2020-03-23T14:51:44+00:00","dateModified":"2021-04-26T12:40:19+00:00","breadcrumb":{"@id":"https:\/\/europaexpeditie.com\/hu\/tortenetunk\/#breadcrumb"},"inLanguage":"hu","potentialAction":[{"@type":"ReadAction","target":["https:\/\/europaexpeditie.com\/hu\/tortenetunk\/"]}]},{"@type":"BreadcrumbList","@id":"https:\/\/europaexpeditie.com\/hu\/tortenetunk\/#breadcrumb","itemListElement":[{"@type":"ListItem","position":1,"name":"Home","item":"https:\/\/europaexpeditie.com\/hu\/"},{"@type":"ListItem","position":2,"name":"T\u00f6rt\u00e9net\u00fcnk"}]},{"@type":"WebSite","@id":"https:\/\/europaexpeditie.com\/en\/#website","url":"https:\/\/europaexpeditie.com\/en\/","name":"Europa Expeditie","description":"","publisher":{"@id":"https:\/\/europaexpeditie.com\/en\/#organization"},"potentialAction":[{"@type":"SearchAction","target":{"@type":"EntryPoint","urlTemplate":"https:\/\/europaexpeditie.com\/en\/?s={search_term_string}"},"query-input":{"@type":"PropertyValueSpecification","valueRequired":true,"valueName":"search_term_string"}}],"inLanguage":"hu"},{"@type":"Organization","@id":"https:\/\/europaexpeditie.com\/en\/#organization","name":"Europa Expeditie","url":"https:\/\/europaexpeditie.com\/en\/","logo":{"@type":"ImageObject","inLanguage":"hu","@id":"https:\/\/europaexpeditie.com\/en\/#\/schema\/logo\/image\/","url":"https:\/\/europaexpeditie.com\/wp-content\/uploads\/2020\/06\/logo-header.png","contentUrl":"https:\/\/europaexpeditie.com\/wp-content\/uploads\/2020\/06\/logo-header.png","width":605,"height":150,"caption":"Europa Expeditie"},"image":{"@id":"https:\/\/europaexpeditie.com\/en\/#\/schema\/logo\/image\/"}}]}},"_links":{"self":[{"href":"https:\/\/europaexpeditie.com\/hu\/wp-json\/wp\/v2\/pages\/2620","targetHints":{"allow":["GET"]}}],"collection":[{"href":"https:\/\/europaexpeditie.com\/hu\/wp-json\/wp\/v2\/pages"}],"about":[{"href":"https:\/\/europaexpeditie.com\/hu\/wp-json\/wp\/v2\/types\/page"}],"author":[{"embeddable":true,"href":"https:\/\/europaexpeditie.com\/hu\/wp-json\/wp\/v2\/users\/3"}],"replies":[{"embeddable":true,"href":"https:\/\/europaexpeditie.com\/hu\/wp-json\/wp\/v2\/comments?post=2620"}],"version-history":[{"count":0,"href":"https:\/\/europaexpeditie.com\/hu\/wp-json\/wp\/v2\/pages\/2620\/revisions"}],"wp:attachment":[{"href":"https:\/\/europaexpeditie.com\/hu\/wp-json\/wp\/v2\/media?parent=2620"}],"curies":[{"name":"wp","href":"https:\/\/api.w.org\/{rel}","templated":true}]}}