{"id":2622,"date":"2020-03-30T09:02:37","date_gmt":"2020-03-30T09:02:37","guid":{"rendered":"https:\/\/europaexpeditie.com\/?page_id=2622"},"modified":"2021-04-26T12:21:18","modified_gmt":"2021-04-26T12:21:18","slug":"a-csapat","status":"publish","type":"page","link":"https:\/\/europaexpeditie.com\/hu\/a-csapat\/","title":{"rendered":"A csapat"},"content":{"rendered":"<div class=\"wpb-content-wrapper\"><p>[vc_row][vc_column][vc_custom_heading text=&#8221;A csapat&#8221; use_theme_fonts=&#8221;yes&#8221; css=&#8221;.vc_custom_1595327294159{margin-bottom: 40px !important;}&#8221;][\/vc_column][\/vc_row][vc_row css=&#8221;.vc_custom_1449143045313{margin-bottom: 20px !important;}&#8221;][vc_column width=&#8221;1\/3&#8243;][vc_single_image image=&#8221;1812&#8243; img_size=&#8221;full&#8221;][\/vc_column][vc_column width=&#8221;2\/3&#8243; css=&#8221;.vc_custom_1449143050295{margin-bottom: 30px !important;}&#8221;][vc_column_text]<strong>\u201eEgy v\u00e1llalkoz\u00e1s mind az \u0151t alkot\u00f3 emberek r\u00e9v\u00e9n, mind pedig vel\u00fck egy\u00fctt n\u00f6vekszik.\u201d<\/strong><\/p>\n<p>Minden \u00fczlet egy sor olyan alapelvre \u00e9p\u00fcl, amely a tev\u00e9kenys\u00e9g\u00e9t jellemzi, a csapat pedig az, amely befoly\u00e1solhatja ennek p\u00e1ly\u00e1j\u00e1t.<\/p>\n<p>Az Expeditie Europa-n\u00e1l sikeresen dolgozunk egy\u00fctt \u00e9s k\u00fcl\u00f6n-k\u00fcl\u00f6n is. Csapatunk minden tagja hozza azt a hozz\u00e1adott \u00e9rt\u00e9ket, amely a sikeres egy\u00fcttm\u0171k\u00f6d\u00e9shez sz\u00fcks\u00e9ges. Az \u00fcgyf\u00e9l ig\u00e9nyeire koncentr\u00e1lunk, mert hozz\u00e1 akarunk j\u00e1rulni annak siker\u00e9hez.<\/p>\n<p>Minden egy\u00fcttm\u0171k\u00f6d\u00e9s \u00faj kih\u00edv\u00e1st jelent sz\u00e1munkra, egy lehet\u0151s\u00e9get, amely seg\u00edt \u00f6nmagunkat t\u00falsz\u00e1rnyalni.\u00a0 A csapat <strong>professzionalizmus\u00e1nak, innovat\u00edv szellem\u00e9nek<\/strong>, valamint <strong>rugalmass\u00e1g\u00e1nak<\/strong> k\u00f6sz\u00f6nhet\u0151en siker\u00fcl minden egyes v\u00e1llalkoz\u00e1s ig\u00e9nyeihez igazod\u00f3 szem\u00e9lyre szabott megold\u00e1st k\u00edn\u00e1lni.<\/p>\n<p>Egy folyamatosan v\u00e1ltoz\u00f3 ter\u00fcleten, ahol az id\u0151 mindenn\u00e9l t\u00f6bbet \u00e9r, a <strong>reakci\u00f3sebess\u00e9g<\/strong> az, amely k\u00fcl\u00f6nbs\u00e9get tesz a siker \u00e9s a kudarc k\u00f6z\u00f6tt. Szil\u00e1rdan hisz\u00fcnk abban, hogy a lehet\u0151 legr\u00f6videbb id\u0151n bel\u00fcl megtal\u00e1ljuk az \u00d6n sz\u00e1m\u00e1ra legjobb megold\u00e1st!<\/p>\n<p>A nemzetk\u00f6zi \u00e1rufuvaroz\u00e1s ter\u00fclet\u00e9n szerzett t\u00f6bb mint 20 \u00e9ves tapasztalat, valamint az ebben az id\u0151szakban ny\u00fajtott szolg\u00e1ltat\u00e1sok min\u0151s\u00e9ge <strong>\u00e9letk\u00e9pes, stabil \u00e9s megb\u00edzhat\u00f3 partnerk\u00e9nt <\/strong>aj\u00e1nl minket.[\/vc_column_text][\/vc_column][\/vc_row][vc_row css=&#8221;.vc_custom_1588930017947{margin-bottom: 20px !important;}&#8221;][vc_column][stm_staff_list style=&#8221;grid&#8221; per_row=&#8221;3&#8243; count=&#8221;6&#8243;][\/vc_column][\/vc_row][vc_row full_width=&#8221;stretch_row&#8221; css=&#8221;.vc_custom_1590579289606{margin-top: 0px !important;margin-bottom: 0px !important;padding-top: 50px !important;padding-bottom: 0px !important;background-image: url(https:\/\/europaexpeditie.com\/wp-content\/uploads\/2020\/05\/harta-firme-apartinatoare_.jpg?id=2127) !important;}&#8221;][vc_column offset=&#8221;vc_col-lg-12 vc_col-md-12&#8243; css=&#8221;.vc_custom_1587730827730{margin-top: 0px !important;}&#8221;][vc_column_text css=&#8221;.vc_custom_1588152386034{margin-bottom: 60px !important;}&#8221;]<\/p>\n<h2>E van Wijk Group Companies<\/h2>\n<p>[\/vc_column_text][vc_row_inner css=&#8221;.vc_custom_1449205358710{margin-bottom: 0px !important;}&#8221;][vc_column_inner width=&#8221;1\/4&#8243; css=&#8221;.vc_custom_1449205271760{margin-bottom: 30px !important;}&#8221;][vc_single_image image=&#8221;2130&#8243; img_size=&#8221;full&#8221; alignment=&#8221;center&#8221; onclick=&#8221;custom_link&#8221; img_link_target=&#8221;_blank&#8221; link=&#8221;http:\/\/www.evanwijk.ro\/&#8221;][vc_column_text css=&#8221;.vc_custom_1619439541671{border-right-width: 1px !important;padding-top: 40px !important;padding-right: 30px !important;padding-bottom: 40px !important;padding-left: 30px !important;border-right-color: #e6e6e6 !important;border-right-style: solid !important;}&#8221;]<\/p>\n<h5><span style=\"color: #183650;\">Logistic E van Wijk<\/span><\/h5>\n<p><span style=\"color: #183650;\">C\u00edm: Clujului 7, 407042, Sannicoara, Kolozs megye, Rom\u00e1nia<\/span><br \/>\n<span style=\"color: #183650;\">Tel. <a style=\"color: #000000;\" href=\"tel:+40 372 300 200\">+40 372 300 200<\/a><\/span>[\/vc_column_text][\/vc_column_inner][vc_column_inner width=&#8221;1\/4&#8243; css=&#8221;.vc_custom_1449205275416{margin-bottom: 30px !important;}&#8221;][vc_single_image image=&#8221;2134&#8243; img_size=&#8221;full&#8221; alignment=&#8221;center&#8221; onclick=&#8221;custom_link&#8221; img_link_target=&#8221;_blank&#8221; link=&#8221;https:\/\/www.twentepoort-logistiek.nl\/&#8221;][vc_column_text css=&#8221;.vc_custom_1619439565540{border-right-width: 1px !important;padding-top: 40px !important;padding-right: 30px !important;padding-bottom: 40px !important;padding-left: 30px !important;border-right-color: #e6e6e6 !important;border-right-style: solid !important;}&#8221;]<\/p>\n<h5><span style=\"color: #183650;\">Twentepoort Logistiek BV<\/span><\/h5>\n<p><span style=\"color: #183650;\">C\u00edm: Vijverweg 2 , 7641 LH Wierden, Hollandia<\/span><br \/>\n<span style=\"color: #183650;\">Tel. <a style=\"color: #000000;\" href=\"tel:+31 546 45 5374\">+31 546 45 5374<\/a><\/span>[\/vc_column_text][\/vc_column_inner][vc_column_inner width=&#8221;1\/4&#8243;][vc_single_image image=&#8221;2130&#8243; img_size=&#8221;full&#8221; alignment=&#8221;center&#8221; onclick=&#8221;custom_link&#8221; img_link_target=&#8221;_blank&#8221; link=&#8221;https:\/\/www.evanwijk.com\/en\/&#8221;][vc_column_text css=&#8221;.vc_custom_1619439614688{border-right-width: 1px !important;padding-top: 40px !important;padding-right: 30px !important;padding-bottom: 40px !important;padding-left: 30px !important;border-right-color: #e6e6e6 !important;border-right-style: solid !important;}&#8221;]<\/p>\n<h5><span style=\"color: #183650;\">E. van Wijk Logistics BV<\/span><\/h5>\n<p><span style=\"color: #183650;\">C\u00edm: Expeditiestraat 14 , 4283 JG Giessen, Hollandia<\/span><br \/>\n<span style=\"color: #183650;\">Tel. <a style=\"color: #000000;\" href=\"tel:+31 (0) 183 44 79 00\">+31 (0) 183 44 79 00<\/a><\/span>[\/vc_column_text][\/vc_column_inner][vc_column_inner width=&#8221;1\/4&#8243;][vc_single_image image=&#8221;1795&#8243; img_size=&#8221;full&#8221; alignment=&#8221;center&#8221; onclick=&#8221;custom_link&#8221; img_link_target=&#8221;_blank&#8221; link=&#8221;https:\/\/himexlogistics.nl\/en&#8221;][vc_column_text css=&#8221;.vc_custom_1619439657274{border-right-width: 1px !important;padding-top: 40px !important;padding-right: 30px !important;padding-bottom: 40px !important;padding-left: 30px !important;border-right-color: #e6e6e6 !important;border-right-style: solid !important;}&#8221;]<\/p>\n<h5><span style=\"color: #183650;\">Himex Logistics<\/span><\/h5>\n<p><span style=\"color: #183650;\">C\u00edm: Vijverweg 2 , 7641 LH Wierden, Hollandia<\/span><br \/>\n<span style=\"color: #183650;\">Tel. <a style=\"color: #000000;\" href=\"tel:+31 (0) 541 55 11 13\">+31 (0) 541 55 11 13<\/a><\/span>[\/vc_column_text][\/vc_column_inner][\/vc_row_inner][\/vc_column][\/vc_row]<\/p>\n<\/div>","protected":false},"excerpt":{"rendered":"<p>[vc_row][vc_column][vc_custom_heading text=&#8221;A csapat&#8221; use_theme_fonts=&#8221;yes&#8221; css=&#8221;.vc_custom_1595327294159{margin-bottom: 40px !important;}&#8221;][\/vc_column][\/vc_row][vc_row css=&#8221;.vc_custom_1449143045313{margin-bottom: 20px !important;}&#8221;][vc_column width=&#8221;1\/3&#8243;][vc_single_image image=&#8221;1812&#8243; img_size=&#8221;full&#8221;][\/vc_column][vc_column width=&#8221;2\/3&#8243; css=&#8221;.vc_custom_1449143050295{margin-bottom: 30px !important;}&#8221;][vc_column_text]\u201eEgy v\u00e1llalkoz\u00e1s mind az \u0151t alkot\u00f3 emberek r\u00e9v\u00e9n, mind pedig vel\u00fck egy\u00fctt n\u00f6vekszik.\u201d Minden \u00fczlet egy sor&#8230;<\/p>\n","protected":false},"author":3,"featured_media":0,"parent":0,"menu_order":0,"comment_status":"closed","ping_status":"closed","template":"","meta":{"footnotes":""},"class_list":["post-2622","page","type-page","status-publish","hentry"],"yoast_head":"<!-- This site is optimized with the Yoast SEO plugin v24.7 - https:\/\/yoast.com\/wordpress\/plugins\/seo\/ -->\n<title>A csapat - Europa Expeditie<\/title>\n<meta name=\"robots\" content=\"index, follow, max-snippet:-1, max-image-preview:large, max-video-preview:-1\" \/>\n<link rel=\"canonical\" href=\"https:\/\/europaexpeditie.com\/hu\/a-csapat\/\" \/>\n<meta property=\"og:locale\" content=\"hu_HU\" \/>\n<meta property=\"og:type\" content=\"article\" \/>\n<meta property=\"og:title\" content=\"A csapat - Europa Expeditie\" \/>\n<meta property=\"og:description\" content=\"[vc_row][vc_column][vc_custom_heading text=&#8221;A csapat&#8221; use_theme_fonts=&#8221;yes&#8221; css=&#8221;.vc_custom_1595327294159{margin-bottom: 40px !important;}&#8221;][\/vc_column][\/vc_row][vc_row css=&#8221;.vc_custom_1449143045313{margin-bottom: 20px !important;}&#8221;][vc_column width=&#8221;1\/3&#8243;][vc_single_image image=&#8221;1812&#8243; img_size=&#8221;full&#8221;][\/vc_column][vc_column width=&#8221;2\/3&#8243; css=&#8221;.vc_custom_1449143050295{margin-bottom: 30px !important;}&#8221;][vc_column_text]\u201eEgy v\u00e1llalkoz\u00e1s mind az \u0151t alkot\u00f3 emberek r\u00e9v\u00e9n, mind pedig vel\u00fck egy\u00fctt n\u00f6vekszik.\u201d Minden \u00fczlet egy sor...\" \/>\n<meta property=\"og:url\" content=\"https:\/\/europaexpeditie.com\/hu\/a-csapat\/\" \/>\n<meta property=\"og:site_name\" content=\"Europa Expeditie\" \/>\n<meta property=\"article:modified_time\" content=\"2021-04-26T12:21:18+00:00\" \/>\n<meta name=\"twitter:card\" content=\"summary_large_image\" \/>\n<meta name=\"twitter:label1\" content=\"Becs\u00fclt olvas\u00e1si id\u0151\" \/>\n\t<meta name=\"twitter:data1\" content=\"4 perc\" \/>\n<script type=\"application\/ld+json\" class=\"yoast-schema-graph\">{\"@context\":\"https:\/\/schema.org\",\"@graph\":[{\"@type\":\"WebPage\",\"@id\":\"https:\/\/europaexpeditie.com\/hu\/a-csapat\/\",\"url\":\"https:\/\/europaexpeditie.com\/hu\/a-csapat\/\",\"name\":\"A csapat - Europa Expeditie\",\"isPartOf\":{\"@id\":\"https:\/\/europaexpeditie.com\/en\/#website\"},\"datePublished\":\"2020-03-30T09:02:37+00:00\",\"dateModified\":\"2021-04-26T12:21:18+00:00\",\"breadcrumb\":{\"@id\":\"https:\/\/europaexpeditie.com\/hu\/a-csapat\/#breadcrumb\"},\"inLanguage\":\"hu\",\"potentialAction\":[{\"@type\":\"ReadAction\",\"target\":[\"https:\/\/europaexpeditie.com\/hu\/a-csapat\/\"]}]},{\"@type\":\"BreadcrumbList\",\"@id\":\"https:\/\/europaexpeditie.com\/hu\/a-csapat\/#breadcrumb\",\"itemListElement\":[{\"@type\":\"ListItem\",\"position\":1,\"name\":\"Home\",\"item\":\"https:\/\/europaexpeditie.com\/hu\/\"},{\"@type\":\"ListItem\",\"position\":2,\"name\":\"A csapat\"}]},{\"@type\":\"WebSite\",\"@id\":\"https:\/\/europaexpeditie.com\/en\/#website\",\"url\":\"https:\/\/europaexpeditie.com\/en\/\",\"name\":\"Europa Expeditie\",\"description\":\"\",\"publisher\":{\"@id\":\"https:\/\/europaexpeditie.com\/en\/#organization\"},\"potentialAction\":[{\"@type\":\"SearchAction\",\"target\":{\"@type\":\"EntryPoint\",\"urlTemplate\":\"https:\/\/europaexpeditie.com\/en\/?s={search_term_string}\"},\"query-input\":{\"@type\":\"PropertyValueSpecification\",\"valueRequired\":true,\"valueName\":\"search_term_string\"}}],\"inLanguage\":\"hu\"},{\"@type\":\"Organization\",\"@id\":\"https:\/\/europaexpeditie.com\/en\/#organization\",\"name\":\"Europa Expeditie\",\"url\":\"https:\/\/europaexpeditie.com\/en\/\",\"logo\":{\"@type\":\"ImageObject\",\"inLanguage\":\"hu\",\"@id\":\"https:\/\/europaexpeditie.com\/en\/#\/schema\/logo\/image\/\",\"url\":\"https:\/\/europaexpeditie.com\/wp-content\/uploads\/2020\/06\/logo-header.png\",\"contentUrl\":\"https:\/\/europaexpeditie.com\/wp-content\/uploads\/2020\/06\/logo-header.png\",\"width\":605,\"height\":150,\"caption\":\"Europa Expeditie\"},\"image\":{\"@id\":\"https:\/\/europaexpeditie.com\/en\/#\/schema\/logo\/image\/\"}}]}<\/script>\n<!-- \/ Yoast SEO plugin. -->","yoast_head_json":{"title":"A csapat - Europa Expeditie","robots":{"index":"index","follow":"follow","max-snippet":"max-snippet:-1","max-image-preview":"max-image-preview:large","max-video-preview":"max-video-preview:-1"},"canonical":"https:\/\/europaexpeditie.com\/hu\/a-csapat\/","og_locale":"hu_HU","og_type":"article","og_title":"A csapat - Europa Expeditie","og_description":"[vc_row][vc_column][vc_custom_heading text=&#8221;A csapat&#8221; use_theme_fonts=&#8221;yes&#8221; css=&#8221;.vc_custom_1595327294159{margin-bottom: 40px !important;}&#8221;][\/vc_column][\/vc_row][vc_row css=&#8221;.vc_custom_1449143045313{margin-bottom: 20px !important;}&#8221;][vc_column width=&#8221;1\/3&#8243;][vc_single_image image=&#8221;1812&#8243; img_size=&#8221;full&#8221;][\/vc_column][vc_column width=&#8221;2\/3&#8243; css=&#8221;.vc_custom_1449143050295{margin-bottom: 30px !important;}&#8221;][vc_column_text]\u201eEgy v\u00e1llalkoz\u00e1s mind az \u0151t alkot\u00f3 emberek r\u00e9v\u00e9n, mind pedig vel\u00fck egy\u00fctt n\u00f6vekszik.\u201d Minden \u00fczlet egy sor...","og_url":"https:\/\/europaexpeditie.com\/hu\/a-csapat\/","og_site_name":"Europa Expeditie","article_modified_time":"2021-04-26T12:21:18+00:00","twitter_card":"summary_large_image","twitter_misc":{"Becs\u00fclt olvas\u00e1si id\u0151":"4 perc"},"schema":{"@context":"https:\/\/schema.org","@graph":[{"@type":"WebPage","@id":"https:\/\/europaexpeditie.com\/hu\/a-csapat\/","url":"https:\/\/europaexpeditie.com\/hu\/a-csapat\/","name":"A csapat - Europa Expeditie","isPartOf":{"@id":"https:\/\/europaexpeditie.com\/en\/#website"},"datePublished":"2020-03-30T09:02:37+00:00","dateModified":"2021-04-26T12:21:18+00:00","breadcrumb":{"@id":"https:\/\/europaexpeditie.com\/hu\/a-csapat\/#breadcrumb"},"inLanguage":"hu","potentialAction":[{"@type":"ReadAction","target":["https:\/\/europaexpeditie.com\/hu\/a-csapat\/"]}]},{"@type":"BreadcrumbList","@id":"https:\/\/europaexpeditie.com\/hu\/a-csapat\/#breadcrumb","itemListElement":[{"@type":"ListItem","position":1,"name":"Home","item":"https:\/\/europaexpeditie.com\/hu\/"},{"@type":"ListItem","position":2,"name":"A csapat"}]},{"@type":"WebSite","@id":"https:\/\/europaexpeditie.com\/en\/#website","url":"https:\/\/europaexpeditie.com\/en\/","name":"Europa Expeditie","description":"","publisher":{"@id":"https:\/\/europaexpeditie.com\/en\/#organization"},"potentialAction":[{"@type":"SearchAction","target":{"@type":"EntryPoint","urlTemplate":"https:\/\/europaexpeditie.com\/en\/?s={search_term_string}"},"query-input":{"@type":"PropertyValueSpecification","valueRequired":true,"valueName":"search_term_string"}}],"inLanguage":"hu"},{"@type":"Organization","@id":"https:\/\/europaexpeditie.com\/en\/#organization","name":"Europa Expeditie","url":"https:\/\/europaexpeditie.com\/en\/","logo":{"@type":"ImageObject","inLanguage":"hu","@id":"https:\/\/europaexpeditie.com\/en\/#\/schema\/logo\/image\/","url":"https:\/\/europaexpeditie.com\/wp-content\/uploads\/2020\/06\/logo-header.png","contentUrl":"https:\/\/europaexpeditie.com\/wp-content\/uploads\/2020\/06\/logo-header.png","width":605,"height":150,"caption":"Europa Expeditie"},"image":{"@id":"https:\/\/europaexpeditie.com\/en\/#\/schema\/logo\/image\/"}}]}},"_links":{"self":[{"href":"https:\/\/europaexpeditie.com\/hu\/wp-json\/wp\/v2\/pages\/2622","targetHints":{"allow":["GET"]}}],"collection":[{"href":"https:\/\/europaexpeditie.com\/hu\/wp-json\/wp\/v2\/pages"}],"about":[{"href":"https:\/\/europaexpeditie.com\/hu\/wp-json\/wp\/v2\/types\/page"}],"author":[{"embeddable":true,"href":"https:\/\/europaexpeditie.com\/hu\/wp-json\/wp\/v2\/users\/3"}],"replies":[{"embeddable":true,"href":"https:\/\/europaexpeditie.com\/hu\/wp-json\/wp\/v2\/comments?post=2622"}],"version-history":[{"count":0,"href":"https:\/\/europaexpeditie.com\/hu\/wp-json\/wp\/v2\/pages\/2622\/revisions"}],"wp:attachment":[{"href":"https:\/\/europaexpeditie.com\/hu\/wp-json\/wp\/v2\/media?parent=2622"}],"curies":[{"name":"wp","href":"https:\/\/api.w.org\/{rel}","templated":true}]}}