{"id":2656,"date":"2015-11-19T05:17:17","date_gmt":"2015-11-19T05:17:17","guid":{"rendered":"https:\/\/europaexpeditie.com\/?page_id=2656"},"modified":"2021-04-26T12:34:49","modified_gmt":"2021-04-26T12:34:49","slug":"karrier","status":"publish","type":"page","link":"https:\/\/europaexpeditie.com\/hu\/karrier\/","title":{"rendered":"Karrier"},"content":{"rendered":"<div class=\"wpb-content-wrapper\"><p>[vc_row][vc_column width=&#8221;1\/2&#8243;][vc_column_text css=&#8221;.vc_custom_1595250392941{margin-bottom: 60px !important;}&#8221;]<\/p>\n<h1><strong>MI\u00c9RT MI?<\/strong><\/h1>\n<ul>\n<li>Olyan v\u00e1llalat vagyunk, amelyben a tapasztalat \u00e9s a professzionalizmus az az alap, amelyre j\u00f6v\u0151orient\u00e1lt v\u00e1llalkoz\u00e1st \u00e9p\u00edt\u00fcnk a jelenlegi dinamik\u00e1hoz \u00e9s kommunik\u00e1ci\u00f3s eszk\u00f6z\u00f6kh\u00f6z igaz\u00edtott \u00faj megold\u00e1sok \/ technol\u00f3gi\u00e1k bevezet\u00e9s\u00e9vel.<\/li>\n<li>Nagyra \u00e9rt\u00e9kelj\u00fck a tapasztalatot, gyakorlatiass\u00e1got, rugalmass\u00e1got \u00e9s az innovat\u00edv \u00f6tletek ir\u00e1nti nyitotts\u00e1got, amelynek c\u00e9lja az \u00fcgyfelek val\u00f3di ig\u00e9nyeihez igaz\u00edtott gyors fuvaroz\u00e1si megold\u00e1sok ny\u00fajt\u00e1sa.<\/li>\n<li>Hisz\u00fcnk a hossz\u00fa t\u00e1v\u00fa partners\u00e9gekben, mind a munkat\u00e1rsakkal, mind az \u00fcgyfelekkel fenntartott kapcsolatokban.<\/li>\n<li>K\u00f6zvetlen\u00fcl, szem\u00e9lyesen k\u00f6zel\u00edtj\u00fck meg az \u00fczletet, b\u00e1rmilyen \u00faj helyzet kih\u00edv\u00e1st jelent, lehet\u0151s\u00e9get k\u00edn\u00e1l \u00f6nmagunk t\u00falsz\u00e1rnyal\u00e1s\u00e1ra \u00e9s soha nem jelent akad\u00e1lyt.<\/li>\n<li>T\u00e1rsadalmi szerepet v\u00e1llalunk, akt\u00edvan r\u00e9szt vesz\u00fcnk annak a k\u00f6z\u00f6ss\u00e9gnek az \u00e9let\u00e9ben, amelyhez tartozunk.<\/li>\n<\/ul>\n<p>[\/vc_column_text][\/vc_column][vc_column width=&#8221;1\/2&#8243;][vc_single_image image=&#8221;1835&#8243; img_size=&#8221;540&#215;470&#8243; alignment=&#8221;right&#8221;][\/vc_column][\/vc_row][vc_row][vc_column][vc_column_text css=&#8221;.vc_custom_1595327570237{margin-bottom: 60px !important;}&#8221;]Mint minden m\u00e1s partners\u00e9g, amelyet l\u00e9trehozunk, kezdett\u0151l fogva egy \u0151szintes\u00e9gre \u00e9s bizalomra \u00e9p\u00fcl\u0151 szakmai kapcsolatot szeretn\u00e9nk ki\u00e9p\u00edteni.<\/p>\n<p>Ha abban a peri\u00f3dusban vagy, amikor szakmai v\u00e1ltoz\u00e1st szeretn\u00e9l, \u00e9s csapatunkhoz szeretn\u00e9l csatlakozni, fontos tudnod, hogy melyek az elv\u00e1r\u00e1saink \u2013 hogy biztons\u00e1gos \u00faton indulhassunk el, egy\u00fctt.<\/p>\n<p>&nbsp;<\/p>\n<p>[\/vc_column_text][\/vc_column][\/vc_row][vc_row][vc_column][vc_column_text css=&#8221;.vc_custom_1595333948986{margin-bottom: 60px !important;}&#8221;]<\/p>\n<h2>MI SZ\u00dcKS\u00c9GES AHHOZ, HOGY AZ <strong>EUROPA EXPEDITIE<\/strong> CSAPAT TAGJA L\u00c9GY?<\/h2>\n<p>[\/vc_column_text][\/vc_column][\/vc_row][vc_row][vc_column width=&#8221;1\/2&#8243;][vc_single_image image=&#8221;1637&#8243; img_size=&#8221;540&#215;202&#8243; style=&#8221;vc_box_border&#8221;][\/vc_column][vc_column width=&#8221;1\/2&#8243;][vc_column_text css=&#8221;.vc_custom_1595327599373{margin-bottom: 0px !important;}&#8221;]<\/p>\n<ul>\n<li>l\u00e9gy dinamikus \u00e9s legyen reakci\u00f3k\u00e9pess\u00e9ged;<\/li>\n<li>l\u00e9gy j\u00f3 t\u00e1rgyal\u00f3partner \u00e9s rendelkezz kiv\u00e1l\u00f3 kommunik\u00e1ci\u00f3s k\u00e9szs\u00e9ggel;<\/li>\n<li>besz\u00e9lj foly\u00e9konyan angolul vagy m\u00e1s idegen nyelven, \u00e9s \u00e9rdekeljen a m\u00e1s kult\u00far\u00e1j\u00fa emberekkel val\u00f3 interakci\u00f3;<\/li>\n<li>l\u00e9gy csapatj\u00e1t\u00e9kos;<\/li>\n<li>tanulj gyorsan \u00e9s l\u00e9gy hajland\u00f3 \u00faj megold\u00e1sokkal k\u00eds\u00e9rletezni.<\/li>\n<\/ul>\n<p>[\/vc_column_text][\/vc_column][\/vc_row][vc_row css=&#8221;.vc_custom_1588937328726{margin-top: 20px !important;}&#8221;][vc_column][vc_column_text css=&#8221;.vc_custom_1595327612971{margin-bottom: 60px !important;}&#8221;]T\u00e1mogatjuk \u00e9s \u00f6szt\u00f6n\u00f6zz\u00fck a szakmai fejl\u0151d\u00e9st, nagyra becs\u00fclj\u00fck \u00e9s jutalmazzuk csapatunk minden tagj\u00e1nak kezdem\u00e9nyez\u00e9s\u00e9t, kreativit\u00e1s\u00e1t \u00e9s r\u00e9szv\u00e9tel\u00e9t! Meggy\u0151z\u0151d\u00e9s\u00fcnk, hogy egy eg\u00e9sz minden egyes r\u00e9sze a sz\u00fcks\u00e9ges hozz\u00e1adott \u00e9rt\u00e9ket hozza ahhoz, hogy az eg\u00e9sz maxim\u00e1lis kapacit\u00e1ssal m\u0171k\u00f6dj\u00f6n.<\/p>\n<p>&nbsp;<\/p>\n<p>[\/vc_column_text][\/vc_column][\/vc_row][vc_row][vc_column offset=&#8221;vc_col-lg-12 vc_col-md-12&#8243;][vc_custom_heading text=&#8221;AKTU\u00c1LIS \u00c1LL\u00c1SAJ\u00c1NLATOK&#8221; use_theme_fonts=&#8221;yes&#8221;][vc_tta_accordion style=&#8221;outline&#8221; shape=&#8221;square&#8221; color=&#8221;theme_style&#8221; c_icon=&#8221;chevron&#8221; c_position=&#8221;right&#8221; active_section=&#8221;-1&#8243;][vc_tta_section title=&#8221;K\u00f6z\u00fati fuvarszervez\u0151&#8221; tab_id=&#8221;1585567187956-5373a885-486d&#8221;][vc_column_text]<em>Mit fogsz csin\u00e1lni?<\/em><\/p>\n<ul>\n<li>\u00e1tveszed az \u00fcgyfelek k\u00e9r\u00e9seit, \u00e9s a lehet\u0151 legr\u00f6videbb id\u0151n bel\u00fcl megkeresed az optim\u00e1lis fuvaroz\u00e1si megold\u00e1sokat;<\/li>\n<li>folyamatosan figyelemmel k\u00eds\u00e9ri a fuvaroz\u00e1sok alakul\u00e1s\u00e1t, \u00e9s k\u00f6zl\u00f6d az \u00fcgyfelekkel a lehets\u00e9ges elt\u00e9r\u00e9seket;<\/li>\n<li>tartod a kapcsolatot az elfogadott fuvaroz\u00f3kkal, illetve akt\u00edvan keresel \u00faj partnereket a c\u00e9g \u00e1ltal meghat\u00e1rozott jogosults\u00e1gi krit\u00e9riumok alapj\u00e1n;<\/li>\n<li>a teljes\u00edtett fuvaroz\u00e1sokkal kapcsolatos \u00f6sszes dokumentum kezel\u00e9se.<\/li>\n<\/ul>\n<p><em>K\u00e9r\u00fcnk jelentkezz, hogyha:<\/em><\/p>\n<ul>\n<li>fels\u0151fok\u00fa v\u00e9gzetts\u00e9ggel rendelkezel vagy most folytatod fels\u0151fok\u00fa tanulm\u00e1nyaidat;<\/li>\n<li>tapasztalattal rendelkezel az \u00e1ruk\u00fcld\u00e9s \/ fuvaroz\u00e1s ter\u00fclet\u00e9n;<\/li>\n<li>foly\u00e9konyan besz\u00e9lsz angolul;<\/li>\n<li>j\u00f3 t\u00e1rgyal\u00f3partner vagy, \u00e9s kiv\u00e1l\u00f3 kommunik\u00e1ci\u00f3s k\u00e9szs\u00e9ggel rendelkezel.<\/li>\n<\/ul>\n<p>[\/vc_column_text][vc_btn title=&#8221;Jelentkezz most&#8221; color=&#8221;primary&#8221; link=&#8221;url:mailto%3Acontact%40europaex.ro||target:%20_blank|&#8221;][\/vc_tta_section][vc_tta_section title=&#8221;\u00dcgyf\u00e9l kapcsolattart\u00f3&#8221; tab_id=&#8221;1585567188020-ff85a7ce-8e4e&#8221;][vc_column_text]<em>Mit fogsz csin\u00e1lni?<\/em><\/p>\n<ul>\n<li>a potenci\u00e1lis \u00fcgyfelek azonos\u00edt\u00e1sa \u00e9s telefonos kapcsolatfelv\u00e9tel az \u00e1gazatok \/ ipar\u00e1gak \/ szolg\u00e1ltat\u00e1st\u00edpusok \/ \u00e9rdekl\u0151d\u00e9si k\u00f6r\u00f6k szerint, az Europa Expeditie \u00e1ltal k\u00edn\u00e1lt szolg\u00e1ltat\u00e1sok n\u00e9pszer\u0171s\u00edt\u00e9se;<\/li>\n<li>az \u00fcgyfelek ig\u00e9nyeihez igaz\u00edtott kereskedelmi aj\u00e1nlatokat \u00e9p\u00edtesz;<\/li>\n<li>figyelemmel k\u00eds\u00e9red az \u00fcgyfelekkel folytatott egy\u00fcttm\u0171k\u00f6d\u00e9s alakul\u00e1s\u00e1t, folyamatosan cselekszel annak \u00e9rdek\u00e9ben, hogy megszil\u00e1rd\u00edtsd \/ \u00e1polod az \u00fcgyfelekkel fenn\u00e1ll\u00f3 kapcsolatot.<\/li>\n<\/ul>\n<p><em>K\u00e9r\u00fcnk jelentkezz, hogyha:<\/em><\/p>\n<ul>\n<li>fels\u0151fok\u00fa v\u00e9gzetts\u00e9ggel rendelkezel vagy most folytatod fels\u0151fok\u00fa tanulm\u00e1nyaidat;<\/li>\n<li>telesales \/ backoffice \/ indoor sales tapasztalattal rendelkezel az \u00e1ruk\u00fcld\u00e9s \/ fuvaroz\u00e1s ter\u00fclet\u00e9n vagy m\u00e1s kapcsol\u00f3d\u00f3 ter\u00fcleteken;<\/li>\n<li>foly\u00e9konyan besz\u00e9lsz angolul;<\/li>\n<li>j\u00f3 t\u00e1rgyal\u00f3partner vagy, \u00e9s kiv\u00e1l\u00f3 kommunik\u00e1ci\u00f3s k\u00e9szs\u00e9ggel rendelkezel;<\/li>\n<li>\u00fcgyf\u00e9l-orient\u00e1lt ember vagy;<\/li>\n<li>lehet\u0151s\u00e9ged van alkalmi kisz\u00e1ll\u00e1sokra.<\/li>\n<\/ul>\n<p>[\/vc_column_text][vc_btn title=&#8221;Jelentkezz most&#8221; color=&#8221;primary&#8221; link=&#8221;url:mailto%3Acontact%40europaex.ro||target:%20_blank|&#8221;][\/vc_tta_section][\/vc_tta_accordion][vc_column_text css=&#8221;.vc_custom_1595327657925{margin-bottom: 60px !important;}&#8221;]<\/p>\n<p>&nbsp;<\/p>\n<h4>EL\u0150NY\u00d6K:<\/h4>\n<p><strong><em>Az eg\u00e9szs\u00e9ged fontos sz\u00e1munkra!<\/em>\u00a0Ez\u00e9rt partnereink r\u00e9v\u00e9n korl\u00e1tlan hozz\u00e1f\u00e9r\u00e9st biztos\u00edtunk az orvosi konzult\u00e1ci\u00f3khoz \u00e9s vizsg\u00e1latokhoz, azok \u00e1r\u00e1t\u00f3l f\u00fcggetlen\u00fcl, a mag\u00e1n eg\u00e9szs\u00e9g\u00fcgyi rendszerben.<\/strong><\/p>\n<p>&nbsp;<\/p>\n<p><em><strong>Rugalmass\u00e1g<\/strong> &#8211; <\/em>rugalmas programot \/ munkam\u00f3dszert k\u00edn\u00e1lunk, mind a c\u00e9g ig\u00e9nyeihez, mind a te ig\u00e9nyeidhez igaz\u00edtva.<br \/>\n<em><strong>K\u00e9pz\u00e9s<\/strong> &#8211; <\/em>k\u00e9pz\u00e9seket \u00e9s fejleszt\u00e9si programokat k\u00edn\u00e1lunk h\u00e1zon bel\u00fcl vagy k\u00fcls\u0151 partnerekkel<br \/>\n<em><strong>Fizetett szabadnapok<\/strong> &#8211; <\/em>Tudjuk, hogy fontos a munka \u00e9s a mag\u00e1n\u00e9let egyens\u00falya. Ez\u00e9rt biztos\u00edtjuk sz\u00e1modra azt az id\u0151t, amelyre sz\u00fcks\u00e9ged van ahhoz, hogy k\u00f6zel l\u00e9gy szeretteidhez az \u00e9letetek fontos pillanataiban.<br \/>\n<em><strong>A t\u00e1rsas\u00e1g \u00e1ltal fizetett turisztikai szolg\u00e1ltat\u00e1sok<\/strong> &#8211; <\/em>Jutalmazzuk a munkav\u00e1llal\u00f3ink h\u0171s\u00e9g\u00e9t az \u00e9ves \u00fcd\u00fcl\u00e9si k\u00f6lts\u00e9geik egy r\u00e9sz\u00e9t visel\u00e9s\u00e9vel.<br \/>\n<em><strong>Az egy\u00fcttm\u0171k\u00f6d\u00e9st \u00f6szt\u00f6nz\u0151 munkak\u00f6rnyezet<\/strong> &#8211; <\/em>folyamatosan cseleksz\u00fcnk annak \u00e9rdek\u00e9ben, hogy a csapatot csapat\u00e9p\u00edt\u0151 programok, m\u0171helyek stb. r\u00e9v\u00e9n konszolid\u00e1ljuk.<br \/>\n<em><strong>Megold\u00e1sok a munkahelyre t\u00f6rt\u00e9n\u0151 \/ a munkahelyr\u0151l t\u00f6rt\u00e9n\u0151 sz\u00e1ll\u00edt\u00e1shoz<\/strong> \u2013 <\/em>a munkav\u00e1llal\u00f3inknak olyan t\u00e1vols\u00e1ghoz \u00e9s ig\u00e9nyekhez igaz\u00edtott megold\u00e1sokat bocs\u00e1tunk a rendelkez\u00e9s\u00fckre, amelyek a munkahelyre \u00e9s a munkahelyr\u0151l t\u00f6rt\u00e9n\u0151 napi sz\u00e1ll\u00edt\u00e1shoz sz\u00fcks\u00e9gesek.<br \/>\n<em><strong>Jutalmazzuk a teljes\u00edtm\u00e9nyt<\/strong> &#8211; <\/em>a fontos projektek, a folyamatos er\u0151fesz\u00edt\u00e9sek, a megval\u00f3s\u00edtott \u00f6tletek b\u00f3nuszokkal, d\u00edjakkal stb. vannak megjutalmazva.<\/p>\n<p>&nbsp;<\/p>\n<p>[\/vc_column_text][\/vc_column][\/vc_row][vc_row css=&#8221;.vc_custom_1589198588741{padding-top: 20px !important;padding-bottom: 20px !important;background-color: #183650 !important;}&#8221;][vc_column][vc_column_text]<\/p>\n<p style=\"text-align: center;\"><span style=\"color: #ffffff; font-size: 14pt;\">Ha szeretn\u00e9l \u00fati partner\u00fcnkk\u00e9 v\u00e1lni, nagyon sz\u00edvesen megismern\u00e9nk!<\/span><\/p>\n<p>[\/vc_column_text][\/vc_column][\/vc_row][vc_row full_width=&#8221;stretch_row&#8221; css=&#8221;.vc_custom_1590579289606{margin-top: 0px !important;margin-bottom: 0px !important;padding-top: 50px !important;padding-bottom: 0px !important;background-image: url(https:\/\/europaexpeditie.com\/wp-content\/uploads\/2020\/05\/harta-firme-apartinatoare_.jpg?id=2127) !important;}&#8221;][vc_column offset=&#8221;vc_col-lg-12 vc_col-md-12&#8243; css=&#8221;.vc_custom_1587730827730{margin-top: 0px !important;}&#8221;][vc_column_text css=&#8221;.vc_custom_1588152386034{margin-bottom: 60px !important;}&#8221;]<\/p>\n<h2>E van Wijk Group Companies<\/h2>\n<p>[\/vc_column_text][vc_row_inner css=&#8221;.vc_custom_1449205358710{margin-bottom: 0px !important;}&#8221;][vc_column_inner width=&#8221;1\/4&#8243; css=&#8221;.vc_custom_1449205271760{margin-bottom: 30px !important;}&#8221;][vc_single_image image=&#8221;2130&#8243; img_size=&#8221;full&#8221; alignment=&#8221;center&#8221; onclick=&#8221;custom_link&#8221; img_link_target=&#8221;_blank&#8221; link=&#8221;http:\/\/www.evanwijk.ro\/&#8221;][vc_column_text css=&#8221;.vc_custom_1619440483928{border-right-width: 1px !important;padding-top: 40px !important;padding-right: 30px !important;padding-bottom: 40px !important;padding-left: 30px !important;border-right-color: #e6e6e6 !important;border-right-style: solid !important;}&#8221;]<\/p>\n<h5><span style=\"color: #183650;\">Logistic E van Wijk<\/span><\/h5>\n<p><span style=\"color: #183650;\">C\u00edm: Clujului 7, 407042, Sannicoara, Kolozs megye, Rom\u00e1nia<\/span><br \/>\n<span style=\"color: #183650;\">Tel. <a style=\"color: #000000;\" href=\"tel:+40 372 300 200\">+40 372 300 200<\/a><\/span>[\/vc_column_text][\/vc_column_inner][vc_column_inner width=&#8221;1\/4&#8243; css=&#8221;.vc_custom_1449205275416{margin-bottom: 30px !important;}&#8221;][vc_single_image image=&#8221;2134&#8243; img_size=&#8221;full&#8221; alignment=&#8221;center&#8221; onclick=&#8221;custom_link&#8221; img_link_target=&#8221;_blank&#8221; link=&#8221;https:\/\/www.twentepoort-logistiek.nl\/&#8221;][vc_column_text css=&#8221;.vc_custom_1619440466848{border-right-width: 1px !important;padding-top: 40px !important;padding-right: 30px !important;padding-bottom: 40px !important;padding-left: 30px !important;border-right-color: #e6e6e6 !important;border-right-style: solid !important;}&#8221;]<\/p>\n<h5><span style=\"color: #183650;\">Twentepoort Logistiek BV<\/span><\/h5>\n<p><span style=\"color: #183650;\">C\u00edm: Vijverweg 2 , 7641 LH Wierden, Hollandia<\/span><br \/>\n<span style=\"color: #183650;\">Tel. <a style=\"color: #000000;\" href=\"tel:+31 546 45 5374\">+31 546 45 5374<\/a><\/span>[\/vc_column_text][\/vc_column_inner][vc_column_inner width=&#8221;1\/4&#8243;][vc_single_image image=&#8221;2130&#8243; img_size=&#8221;full&#8221; alignment=&#8221;center&#8221; onclick=&#8221;custom_link&#8221; img_link_target=&#8221;_blank&#8221; link=&#8221;https:\/\/www.evanwijk.com\/en\/&#8221;][vc_column_text css=&#8221;.vc_custom_1619440450534{border-right-width: 1px !important;padding-top: 40px !important;padding-right: 30px !important;padding-bottom: 40px !important;padding-left: 30px !important;border-right-color: #e6e6e6 !important;border-right-style: solid !important;}&#8221;]<\/p>\n<h5><span style=\"color: #183650;\">E. van Wijk Logistics BV<\/span><\/h5>\n<p><span style=\"color: #183650;\">C\u00edm: Expeditiestraat 14 , 4283 JG Giessen, Hollandia<\/span><br \/>\n<span style=\"color: #183650;\">Tel. <a style=\"color: #000000;\" href=\"tel:+31 (0) 183 44 79 00\">+31 (0) 183 44 79 00<\/a><\/span>[\/vc_column_text][\/vc_column_inner][vc_column_inner width=&#8221;1\/4&#8243;][vc_single_image image=&#8221;1795&#8243; img_size=&#8221;full&#8221; alignment=&#8221;center&#8221; onclick=&#8221;custom_link&#8221; img_link_target=&#8221;_blank&#8221; link=&#8221;https:\/\/himexlogistics.nl\/en&#8221;][vc_column_text css=&#8221;.vc_custom_1619440429697{border-right-width: 1px !important;padding-top: 40px !important;padding-right: 30px !important;padding-bottom: 40px !important;padding-left: 30px !important;border-right-color: #e6e6e6 !important;border-right-style: solid !important;}&#8221;]<\/p>\n<h5><span style=\"color: #183650;\">Himex Logistics<\/span><\/h5>\n<p><span style=\"color: #183650;\">C\u00edm: Vijverweg 2 , 7641 LH Wierden, Hollandia<\/span><br \/>\n<span style=\"color: #183650;\">Tel. <a style=\"color: #000000;\" href=\"tel:+31 (0) 541 55 11 13\">+31 (0) 541 55 11 13<\/a><\/span>[\/vc_column_text][\/vc_column_inner][\/vc_row_inner][\/vc_column][\/vc_row]<\/p>\n<\/div>","protected":false},"excerpt":{"rendered":"<p>[vc_row][vc_column width=&#8221;1\/2&#8243;][vc_column_text css=&#8221;.vc_custom_1595250392941{margin-bottom: 60px !important;}&#8221;] MI\u00c9RT MI? Olyan v\u00e1llalat vagyunk, amelyben a tapasztalat \u00e9s a professzionalizmus az az alap, amelyre j\u00f6v\u0151orient\u00e1lt v\u00e1llalkoz\u00e1st \u00e9p\u00edt\u00fcnk a jelenlegi dinamik\u00e1hoz \u00e9s kommunik\u00e1ci\u00f3s eszk\u00f6z\u00f6kh\u00f6z igaz\u00edtott \u00faj megold\u00e1sok \/&#8230;<\/p>\n","protected":false},"author":3,"featured_media":0,"parent":0,"menu_order":0,"comment_status":"closed","ping_status":"closed","template":"","meta":{"footnotes":""},"class_list":["post-2656","page","type-page","status-publish","hentry"],"yoast_head":"<!-- This site is optimized with the Yoast SEO plugin v24.7 - https:\/\/yoast.com\/wordpress\/plugins\/seo\/ -->\n<title>Karrier - Europa Expeditie<\/title>\n<meta name=\"robots\" content=\"index, follow, max-snippet:-1, max-image-preview:large, max-video-preview:-1\" \/>\n<link rel=\"canonical\" href=\"https:\/\/europaexpeditie.com\/hu\/karrier\/\" \/>\n<meta property=\"og:locale\" content=\"hu_HU\" \/>\n<meta property=\"og:type\" content=\"article\" \/>\n<meta property=\"og:title\" content=\"Karrier - Europa Expeditie\" \/>\n<meta property=\"og:description\" content=\"[vc_row][vc_column width=&#8221;1\/2&#8243;][vc_column_text css=&#8221;.vc_custom_1595250392941{margin-bottom: 60px !important;}&#8221;] MI\u00c9RT MI? Olyan v\u00e1llalat vagyunk, amelyben a tapasztalat \u00e9s a professzionalizmus az az alap, amelyre j\u00f6v\u0151orient\u00e1lt v\u00e1llalkoz\u00e1st \u00e9p\u00edt\u00fcnk a jelenlegi dinamik\u00e1hoz \u00e9s kommunik\u00e1ci\u00f3s eszk\u00f6z\u00f6kh\u00f6z igaz\u00edtott \u00faj megold\u00e1sok \/...\" \/>\n<meta property=\"og:url\" content=\"https:\/\/europaexpeditie.com\/hu\/karrier\/\" \/>\n<meta property=\"og:site_name\" content=\"Europa Expeditie\" \/>\n<meta property=\"article:modified_time\" content=\"2021-04-26T12:34:49+00:00\" \/>\n<meta name=\"twitter:card\" content=\"summary_large_image\" \/>\n<meta name=\"twitter:label1\" content=\"Becs\u00fclt olvas\u00e1si id\u0151\" \/>\n\t<meta name=\"twitter:data1\" content=\"8 perc\" \/>\n<script type=\"application\/ld+json\" class=\"yoast-schema-graph\">{\"@context\":\"https:\/\/schema.org\",\"@graph\":[{\"@type\":\"WebPage\",\"@id\":\"https:\/\/europaexpeditie.com\/hu\/karrier\/\",\"url\":\"https:\/\/europaexpeditie.com\/hu\/karrier\/\",\"name\":\"Karrier - Europa Expeditie\",\"isPartOf\":{\"@id\":\"https:\/\/europaexpeditie.com\/en\/#website\"},\"datePublished\":\"2015-11-19T05:17:17+00:00\",\"dateModified\":\"2021-04-26T12:34:49+00:00\",\"breadcrumb\":{\"@id\":\"https:\/\/europaexpeditie.com\/hu\/karrier\/#breadcrumb\"},\"inLanguage\":\"hu\",\"potentialAction\":[{\"@type\":\"ReadAction\",\"target\":[\"https:\/\/europaexpeditie.com\/hu\/karrier\/\"]}]},{\"@type\":\"BreadcrumbList\",\"@id\":\"https:\/\/europaexpeditie.com\/hu\/karrier\/#breadcrumb\",\"itemListElement\":[{\"@type\":\"ListItem\",\"position\":1,\"name\":\"Home\",\"item\":\"https:\/\/europaexpeditie.com\/hu\/\"},{\"@type\":\"ListItem\",\"position\":2,\"name\":\"Karrier\"}]},{\"@type\":\"WebSite\",\"@id\":\"https:\/\/europaexpeditie.com\/en\/#website\",\"url\":\"https:\/\/europaexpeditie.com\/en\/\",\"name\":\"Europa Expeditie\",\"description\":\"\",\"publisher\":{\"@id\":\"https:\/\/europaexpeditie.com\/en\/#organization\"},\"potentialAction\":[{\"@type\":\"SearchAction\",\"target\":{\"@type\":\"EntryPoint\",\"urlTemplate\":\"https:\/\/europaexpeditie.com\/en\/?s={search_term_string}\"},\"query-input\":{\"@type\":\"PropertyValueSpecification\",\"valueRequired\":true,\"valueName\":\"search_term_string\"}}],\"inLanguage\":\"hu\"},{\"@type\":\"Organization\",\"@id\":\"https:\/\/europaexpeditie.com\/en\/#organization\",\"name\":\"Europa Expeditie\",\"url\":\"https:\/\/europaexpeditie.com\/en\/\",\"logo\":{\"@type\":\"ImageObject\",\"inLanguage\":\"hu\",\"@id\":\"https:\/\/europaexpeditie.com\/en\/#\/schema\/logo\/image\/\",\"url\":\"https:\/\/europaexpeditie.com\/wp-content\/uploads\/2020\/06\/logo-header.png\",\"contentUrl\":\"https:\/\/europaexpeditie.com\/wp-content\/uploads\/2020\/06\/logo-header.png\",\"width\":605,\"height\":150,\"caption\":\"Europa Expeditie\"},\"image\":{\"@id\":\"https:\/\/europaexpeditie.com\/en\/#\/schema\/logo\/image\/\"}}]}<\/script>\n<!-- \/ Yoast SEO plugin. -->","yoast_head_json":{"title":"Karrier - Europa Expeditie","robots":{"index":"index","follow":"follow","max-snippet":"max-snippet:-1","max-image-preview":"max-image-preview:large","max-video-preview":"max-video-preview:-1"},"canonical":"https:\/\/europaexpeditie.com\/hu\/karrier\/","og_locale":"hu_HU","og_type":"article","og_title":"Karrier - Europa Expeditie","og_description":"[vc_row][vc_column width=&#8221;1\/2&#8243;][vc_column_text css=&#8221;.vc_custom_1595250392941{margin-bottom: 60px !important;}&#8221;] MI\u00c9RT MI? Olyan v\u00e1llalat vagyunk, amelyben a tapasztalat \u00e9s a professzionalizmus az az alap, amelyre j\u00f6v\u0151orient\u00e1lt v\u00e1llalkoz\u00e1st \u00e9p\u00edt\u00fcnk a jelenlegi dinamik\u00e1hoz \u00e9s kommunik\u00e1ci\u00f3s eszk\u00f6z\u00f6kh\u00f6z igaz\u00edtott \u00faj megold\u00e1sok \/...","og_url":"https:\/\/europaexpeditie.com\/hu\/karrier\/","og_site_name":"Europa Expeditie","article_modified_time":"2021-04-26T12:34:49+00:00","twitter_card":"summary_large_image","twitter_misc":{"Becs\u00fclt olvas\u00e1si id\u0151":"8 perc"},"schema":{"@context":"https:\/\/schema.org","@graph":[{"@type":"WebPage","@id":"https:\/\/europaexpeditie.com\/hu\/karrier\/","url":"https:\/\/europaexpeditie.com\/hu\/karrier\/","name":"Karrier - Europa Expeditie","isPartOf":{"@id":"https:\/\/europaexpeditie.com\/en\/#website"},"datePublished":"2015-11-19T05:17:17+00:00","dateModified":"2021-04-26T12:34:49+00:00","breadcrumb":{"@id":"https:\/\/europaexpeditie.com\/hu\/karrier\/#breadcrumb"},"inLanguage":"hu","potentialAction":[{"@type":"ReadAction","target":["https:\/\/europaexpeditie.com\/hu\/karrier\/"]}]},{"@type":"BreadcrumbList","@id":"https:\/\/europaexpeditie.com\/hu\/karrier\/#breadcrumb","itemListElement":[{"@type":"ListItem","position":1,"name":"Home","item":"https:\/\/europaexpeditie.com\/hu\/"},{"@type":"ListItem","position":2,"name":"Karrier"}]},{"@type":"WebSite","@id":"https:\/\/europaexpeditie.com\/en\/#website","url":"https:\/\/europaexpeditie.com\/en\/","name":"Europa Expeditie","description":"","publisher":{"@id":"https:\/\/europaexpeditie.com\/en\/#organization"},"potentialAction":[{"@type":"SearchAction","target":{"@type":"EntryPoint","urlTemplate":"https:\/\/europaexpeditie.com\/en\/?s={search_term_string}"},"query-input":{"@type":"PropertyValueSpecification","valueRequired":true,"valueName":"search_term_string"}}],"inLanguage":"hu"},{"@type":"Organization","@id":"https:\/\/europaexpeditie.com\/en\/#organization","name":"Europa Expeditie","url":"https:\/\/europaexpeditie.com\/en\/","logo":{"@type":"ImageObject","inLanguage":"hu","@id":"https:\/\/europaexpeditie.com\/en\/#\/schema\/logo\/image\/","url":"https:\/\/europaexpeditie.com\/wp-content\/uploads\/2020\/06\/logo-header.png","contentUrl":"https:\/\/europaexpeditie.com\/wp-content\/uploads\/2020\/06\/logo-header.png","width":605,"height":150,"caption":"Europa Expeditie"},"image":{"@id":"https:\/\/europaexpeditie.com\/en\/#\/schema\/logo\/image\/"}}]}},"_links":{"self":[{"href":"https:\/\/europaexpeditie.com\/hu\/wp-json\/wp\/v2\/pages\/2656","targetHints":{"allow":["GET"]}}],"collection":[{"href":"https:\/\/europaexpeditie.com\/hu\/wp-json\/wp\/v2\/pages"}],"about":[{"href":"https:\/\/europaexpeditie.com\/hu\/wp-json\/wp\/v2\/types\/page"}],"author":[{"embeddable":true,"href":"https:\/\/europaexpeditie.com\/hu\/wp-json\/wp\/v2\/users\/3"}],"replies":[{"embeddable":true,"href":"https:\/\/europaexpeditie.com\/hu\/wp-json\/wp\/v2\/comments?post=2656"}],"version-history":[{"count":0,"href":"https:\/\/europaexpeditie.com\/hu\/wp-json\/wp\/v2\/pages\/2656\/revisions"}],"wp:attachment":[{"href":"https:\/\/europaexpeditie.com\/hu\/wp-json\/wp\/v2\/media?parent=2656"}],"curies":[{"name":"wp","href":"https:\/\/api.w.org\/{rel}","templated":true}]}}