{"id":2665,"date":"2015-12-02T10:34:15","date_gmt":"2015-12-02T10:34:15","guid":{"rendered":"https:\/\/europaexpeditie.com\/?page_id=2665"},"modified":"2020-06-02T13:16:44","modified_gmt":"2020-06-02T13:16:44","slug":"ajanlat-kerese","status":"publish","type":"page","link":"https:\/\/europaexpeditie.com\/hu\/ajanlat-kerese\/","title":{"rendered":"Aj\u00e1nlat k\u00e9r\u00e9se"},"content":{"rendered":"<div class=\"wpb-content-wrapper\"><p>[vc_row css=&#8221;.vc_custom_1449205477020{margin-bottom: 60px !important;}&#8221;][vc_column]<div class=\"wpforms-container wpforms-container-full\" id=\"wpforms-2613\"><form id=\"wpforms-form-2613\" class=\"wpforms-validate wpforms-form\" data-formid=\"2613\" method=\"post\" enctype=\"multipart\/form-data\" action=\"\/hu\/wp-json\/wp\/v2\/pages\/2665\"><div class=\"wpforms-field-container\"><div id=\"wpforms-2613-field_18-container\" class=\"wpforms-field wpforms-field-divider\" data-field-id=\"18\"><h3 id=\"wpforms-2613-field_18\" name=\"wpforms[fields][18]\">Az Europa Expeditie kiz\u00e1r\u00f3lag jogi szem\u00e9lyekkel hoz l\u00e9tre partnerkapcsolatokat.<\/h3><div class=\"wpforms-field-description\">Ha \u00fatit\u00e1rsunkk\u00e1 szeretne v\u00e1lni, k\u00e9rj\u00fck, adja meg nek\u00fcnk az al\u00e1bbi inform\u00e1ci\u00f3kat, hogy megtal\u00e1lhassuk az \u00d6n sz\u00e1m\u00e1ra megfelel\u0151 megold\u00e1st:<\/div><\/div><div id=\"wpforms-2613-field_1-container\" class=\"wpforms-field wpforms-field-text\" data-field-id=\"1\"><label class=\"wpforms-field-label\" for=\"wpforms-2613-field_1\">C\u00e9gn\u00e9v <span class=\"wpforms-required-label\">*<\/span><\/label><input type=\"text\" id=\"wpforms-2613-field_1\" class=\"wpforms-field-medium wpforms-field-required\" name=\"wpforms[fields][1]\" required><\/div><div id=\"wpforms-2613-field_0-container\" class=\"wpforms-field wpforms-field-name\" data-field-id=\"0\"><label class=\"wpforms-field-label\" for=\"wpforms-2613-field_0\">Vezet\u00e9kn\u00e9v, keresztn\u00e9v <span class=\"wpforms-required-label\">*<\/span><\/label><div class=\"wpforms-field-row wpforms-field-medium\"><div class=\"wpforms-field-row-block wpforms-first wpforms-one-half\"><input type=\"text\" id=\"wpforms-2613-field_0\" class=\"wpforms-field-name-first wpforms-field-required\" name=\"wpforms[fields][0][first]\" placeholder=\"Vezet\u00e9kn\u00e9v\" required><label for=\"wpforms-2613-field_0\" class=\"wpforms-field-sublabel after wpforms-sublabel-hide\">First<\/label><\/div><div class=\"wpforms-field-row-block wpforms-one-half\"><input type=\"text\" id=\"wpforms-2613-field_0-last\" class=\"wpforms-field-name-last wpforms-field-required\" name=\"wpforms[fields][0][last]\" placeholder=\"Keresztn\u00e9v\" required><label for=\"wpforms-2613-field_0-last\" class=\"wpforms-field-sublabel after wpforms-sublabel-hide\">Last<\/label><\/div><\/div><\/div><div id=\"wpforms-2613-field_6-container\" class=\"wpforms-field wpforms-field-phone\" data-field-id=\"6\"><label class=\"wpforms-field-label\" for=\"wpforms-2613-field_6\">Telefonsz\u00e1m <span class=\"wpforms-required-label\">*<\/span><\/label><input type=\"tel\" id=\"wpforms-2613-field_6\" class=\"wpforms-field-medium wpforms-field-required\" name=\"wpforms[fields][6]\" required><\/div><div id=\"wpforms-2613-field_2-container\" class=\"wpforms-field wpforms-field-email\" data-field-id=\"2\"><label class=\"wpforms-field-label\" for=\"wpforms-2613-field_2\">E-mail-c\u00edm <span class=\"wpforms-required-label\">*<\/span><\/label><input type=\"email\" id=\"wpforms-2613-field_2\" class=\"wpforms-field-medium wpforms-field-required\" name=\"wpforms[fields][2]\" required><\/div><div id=\"wpforms-2613-field_8-container\" class=\"wpforms-field wpforms-field-textarea\" data-field-id=\"8\"><label class=\"wpforms-field-label\" for=\"wpforms-2613-field_8\">R\u00e9szletek <span class=\"wpforms-required-label\">*<\/span><\/label><textarea id=\"wpforms-2613-field_8\" class=\"wpforms-field-medium wpforms-field-required\" name=\"wpforms[fields][8]\" required><\/textarea><\/div><div id=\"wpforms-2613-field_10-container\" class=\"wpforms-field wpforms-field-number\" data-field-id=\"10\"><label class=\"wpforms-field-label\" for=\"wpforms-2613-field_10\">Mennyis\u00e9g<\/label><input type=\"number\" id=\"wpforms-2613-field_10\" class=\"wpforms-field-medium\" name=\"wpforms[fields][10]\" ><\/div><div id=\"wpforms-2613-field_5-container\" class=\"wpforms-field wpforms-field-checkbox wpforms-conditional-trigger\" data-field-id=\"5\"><label class=\"wpforms-field-label wpforms-label-hide\" for=\"wpforms-2613-field_5\">Checkboxes<\/label><ul id=\"wpforms-2613-field_5\"><li class=\"choice-1 depth-1\"><input type=\"checkbox\" id=\"wpforms-2613-field_5_1\" name=\"wpforms[fields][5][]\" value=\"Igen, pontos felrakod\u00e1si id\u0151pontom van\"  ><label class=\"wpforms-field-label-inline\" for=\"wpforms-2613-field_5_1\">Igen, pontos felrakod\u00e1si id\u0151pontom van<\/label><\/li><li class=\"choice-2 depth-1\"><input type=\"checkbox\" id=\"wpforms-2613-field_5_2\" name=\"wpforms[fields][5][]\" value=\"Nincs pontos felrakod\u00e1si id\u0151pontom\"  ><label class=\"wpforms-field-label-inline\" for=\"wpforms-2613-field_5_2\">Nincs pontos felrakod\u00e1si id\u0151pontom<\/label><\/li><\/ul><\/div><div id=\"wpforms-2613-field_11-container\" class=\"wpforms-field wpforms-field-date-time wpforms-conditional-field wpforms-conditional-show\" data-field-id=\"11\" style=\"display:none;\"><label class=\"wpforms-field-label\" for=\"wpforms-2613-field_11\">Felrakod\u00e1s d\u00e1tuma<\/label><input type=\"text\" id=\"wpforms-2613-field_11\" class=\"wpforms-field-date-time-date wpforms-datepicker wpforms-field-medium\" data-date-format=\"m\/d\/Y\" name=\"wpforms[fields][11][date]\" ><\/div><div id=\"wpforms-2613-field_13-container\" class=\"wpforms-field wpforms-field-text\" data-field-id=\"13\"><label class=\"wpforms-field-label\" for=\"wpforms-2613-field_13\">Felrakod\u00e1s helye<\/label><input type=\"text\" id=\"wpforms-2613-field_13\" class=\"wpforms-field-medium\" name=\"wpforms[fields][13]\" ><\/div><div id=\"wpforms-2613-field_15-container\" class=\"wpforms-field wpforms-field-text\" data-field-id=\"15\"><label class=\"wpforms-field-label\" for=\"wpforms-2613-field_15\">Lerakod\u00e1s helye <\/label><input type=\"text\" id=\"wpforms-2613-field_15\" class=\"wpforms-field-medium\" name=\"wpforms[fields][15]\" ><\/div><div id=\"wpforms-2613-field_22-container\" class=\"wpforms-field wpforms-field-gdpr-checkbox\" data-field-id=\"22\"><label class=\"wpforms-field-label\" for=\"wpforms-2613-field_22\">GDPR <span class=\"wpforms-required-label\">*<\/span><\/label><ul id=\"wpforms-2613-field_22\" class=\"wpforms-field-required\"><li class=\"choice-1\"><input type=\"checkbox\" id=\"wpforms-2613-field_22_1\" name=\"wpforms[fields][22][]\" value=\"Enged\u00e9lyezem adataim adatv\u00e9delmi ir\u00e1nyelveknek megfelel\u0151 t\u00e1rol\u00e1s\u00e1t.\" required ><label class=\"wpforms-field-label-inline\" for=\"wpforms-2613-field_22_1\">Enged\u00e9lyezem adataim adatv\u00e9delmi ir\u00e1nyelveknek megfelel\u0151 t\u00e1rol\u00e1s\u00e1t.<\/label><\/li><\/ul><\/div><\/div><div class=\"wpforms-field wpforms-field-hp\"><label for=\"wpforms-field_hp\" class=\"wpforms-field-label\">Message<\/label><input type=\"text\" name=\"wpforms[hp]\" id=\"wpforms-field_hp\" class=\"wpforms-field-medium\"><\/div><div class=\"wpforms-submit-container\" ><input type=\"hidden\" name=\"wpforms[id]\" value=\"2613\"><input type=\"hidden\" name=\"wpforms[author]\" value=\"3\"><button type=\"submit\" name=\"wpforms[submit]\" class=\"wpforms-submit \" id=\"wpforms-submit-2613\" value=\"wpforms-submit\" data-alt-text=\"K\u00fcld\u00e9s...\">K\u00fcld<\/button><\/div><\/form><\/div>[\/vc_column][\/vc_row][vc_row][vc_column][vc_column_text]K\u00f6sz\u00f6nj\u00fck a bizalm\u00e1t! Az egyik munkat\u00e1rsunk a lehet\u0151 legr\u00f6videbb id\u0151n bel\u00fcl felveszi \u00d6nnel a kapcsolatot a fuvaroz\u00e1shoz sz\u00fcks\u00e9ges kieg\u00e9sz\u00edt\u0151 inform\u00e1ci\u00f3k meghat\u00e1roz\u00e1sa \u00e9rdek\u00e9ben.[\/vc_column_text][\/vc_column][\/vc_row]<\/p>\n<\/div>","protected":false},"excerpt":{"rendered":"<p>[vc_row css=&#8221;.vc_custom_1449205477020{margin-bottom: 60px !important;}&#8221;][vc_column][\/vc_column][\/vc_row][vc_row][vc_column][vc_column_text]K\u00f6sz\u00f6nj\u00fck a bizalm\u00e1t! Az egyik munkat\u00e1rsunk a lehet\u0151 legr\u00f6videbb id\u0151n bel\u00fcl felveszi \u00d6nnel a kapcsolatot a fuvaroz\u00e1shoz sz\u00fcks\u00e9ges kieg\u00e9sz\u00edt\u0151 inform\u00e1ci\u00f3k meghat\u00e1roz\u00e1sa \u00e9rdek\u00e9ben.[\/vc_column_text][\/vc_column][\/vc_row]<\/p>\n","protected":false},"author":3,"featured_media":0,"parent":0,"menu_order":0,"comment_status":"closed","ping_status":"closed","template":"","meta":{"footnotes":""},"class_list":["post-2665","page","type-page","status-publish","hentry"],"yoast_head":"<!-- This site is optimized with the Yoast SEO plugin v24.7 - https:\/\/yoast.com\/wordpress\/plugins\/seo\/ -->\n<title>Aj\u00e1nlat k\u00e9r\u00e9se - Europa Expeditie<\/title>\n<meta name=\"robots\" content=\"index, follow, max-snippet:-1, max-image-preview:large, max-video-preview:-1\" \/>\n<link rel=\"canonical\" href=\"https:\/\/europaexpeditie.com\/hu\/ajanlat-kerese\/\" \/>\n<meta property=\"og:locale\" content=\"hu_HU\" \/>\n<meta property=\"og:type\" content=\"article\" \/>\n<meta property=\"og:title\" content=\"Aj\u00e1nlat k\u00e9r\u00e9se - Europa Expeditie\" \/>\n<meta property=\"og:description\" content=\"[vc_row css=&#8221;.vc_custom_1449205477020{margin-bottom: 60px !important;}&#8221;][vc_column][\/vc_column][\/vc_row][vc_row][vc_column][vc_column_text]K\u00f6sz\u00f6nj\u00fck a bizalm\u00e1t! Az egyik munkat\u00e1rsunk a lehet\u0151 legr\u00f6videbb id\u0151n bel\u00fcl felveszi \u00d6nnel a kapcsolatot a fuvaroz\u00e1shoz sz\u00fcks\u00e9ges kieg\u00e9sz\u00edt\u0151 inform\u00e1ci\u00f3k meghat\u00e1roz\u00e1sa \u00e9rdek\u00e9ben.[\/vc_column_text][\/vc_column][\/vc_row]\" \/>\n<meta property=\"og:url\" content=\"https:\/\/europaexpeditie.com\/hu\/ajanlat-kerese\/\" \/>\n<meta property=\"og:site_name\" content=\"Europa Expeditie\" \/>\n<meta property=\"article:modified_time\" content=\"2020-06-02T13:16:44+00:00\" \/>\n<meta name=\"twitter:card\" content=\"summary_large_image\" \/>\n<script type=\"application\/ld+json\" class=\"yoast-schema-graph\">{\"@context\":\"https:\/\/schema.org\",\"@graph\":[{\"@type\":\"WebPage\",\"@id\":\"https:\/\/europaexpeditie.com\/hu\/ajanlat-kerese\/\",\"url\":\"https:\/\/europaexpeditie.com\/hu\/ajanlat-kerese\/\",\"name\":\"Aj\u00e1nlat k\u00e9r\u00e9se - Europa Expeditie\",\"isPartOf\":{\"@id\":\"https:\/\/europaexpeditie.com\/en\/#website\"},\"datePublished\":\"2015-12-02T10:34:15+00:00\",\"dateModified\":\"2020-06-02T13:16:44+00:00\",\"breadcrumb\":{\"@id\":\"https:\/\/europaexpeditie.com\/hu\/ajanlat-kerese\/#breadcrumb\"},\"inLanguage\":\"hu\",\"potentialAction\":[{\"@type\":\"ReadAction\",\"target\":[\"https:\/\/europaexpeditie.com\/hu\/ajanlat-kerese\/\"]}]},{\"@type\":\"BreadcrumbList\",\"@id\":\"https:\/\/europaexpeditie.com\/hu\/ajanlat-kerese\/#breadcrumb\",\"itemListElement\":[{\"@type\":\"ListItem\",\"position\":1,\"name\":\"Home\",\"item\":\"https:\/\/europaexpeditie.com\/hu\/\"},{\"@type\":\"ListItem\",\"position\":2,\"name\":\"Aj\u00e1nlat k\u00e9r\u00e9se\"}]},{\"@type\":\"WebSite\",\"@id\":\"https:\/\/europaexpeditie.com\/en\/#website\",\"url\":\"https:\/\/europaexpeditie.com\/en\/\",\"name\":\"Europa Expeditie\",\"description\":\"\",\"publisher\":{\"@id\":\"https:\/\/europaexpeditie.com\/en\/#organization\"},\"potentialAction\":[{\"@type\":\"SearchAction\",\"target\":{\"@type\":\"EntryPoint\",\"urlTemplate\":\"https:\/\/europaexpeditie.com\/en\/?s={search_term_string}\"},\"query-input\":{\"@type\":\"PropertyValueSpecification\",\"valueRequired\":true,\"valueName\":\"search_term_string\"}}],\"inLanguage\":\"hu\"},{\"@type\":\"Organization\",\"@id\":\"https:\/\/europaexpeditie.com\/en\/#organization\",\"name\":\"Europa Expeditie\",\"url\":\"https:\/\/europaexpeditie.com\/en\/\",\"logo\":{\"@type\":\"ImageObject\",\"inLanguage\":\"hu\",\"@id\":\"https:\/\/europaexpeditie.com\/en\/#\/schema\/logo\/image\/\",\"url\":\"https:\/\/europaexpeditie.com\/wp-content\/uploads\/2020\/06\/logo-header.png\",\"contentUrl\":\"https:\/\/europaexpeditie.com\/wp-content\/uploads\/2020\/06\/logo-header.png\",\"width\":605,\"height\":150,\"caption\":\"Europa Expeditie\"},\"image\":{\"@id\":\"https:\/\/europaexpeditie.com\/en\/#\/schema\/logo\/image\/\"}}]}<\/script>\n<!-- \/ Yoast SEO plugin. -->","yoast_head_json":{"title":"Aj\u00e1nlat k\u00e9r\u00e9se - Europa Expeditie","robots":{"index":"index","follow":"follow","max-snippet":"max-snippet:-1","max-image-preview":"max-image-preview:large","max-video-preview":"max-video-preview:-1"},"canonical":"https:\/\/europaexpeditie.com\/hu\/ajanlat-kerese\/","og_locale":"hu_HU","og_type":"article","og_title":"Aj\u00e1nlat k\u00e9r\u00e9se - Europa Expeditie","og_description":"[vc_row css=&#8221;.vc_custom_1449205477020{margin-bottom: 60px !important;}&#8221;][vc_column][\/vc_column][\/vc_row][vc_row][vc_column][vc_column_text]K\u00f6sz\u00f6nj\u00fck a bizalm\u00e1t! Az egyik munkat\u00e1rsunk a lehet\u0151 legr\u00f6videbb id\u0151n bel\u00fcl felveszi \u00d6nnel a kapcsolatot a fuvaroz\u00e1shoz sz\u00fcks\u00e9ges kieg\u00e9sz\u00edt\u0151 inform\u00e1ci\u00f3k meghat\u00e1roz\u00e1sa \u00e9rdek\u00e9ben.[\/vc_column_text][\/vc_column][\/vc_row]","og_url":"https:\/\/europaexpeditie.com\/hu\/ajanlat-kerese\/","og_site_name":"Europa Expeditie","article_modified_time":"2020-06-02T13:16:44+00:00","twitter_card":"summary_large_image","schema":{"@context":"https:\/\/schema.org","@graph":[{"@type":"WebPage","@id":"https:\/\/europaexpeditie.com\/hu\/ajanlat-kerese\/","url":"https:\/\/europaexpeditie.com\/hu\/ajanlat-kerese\/","name":"Aj\u00e1nlat k\u00e9r\u00e9se - Europa Expeditie","isPartOf":{"@id":"https:\/\/europaexpeditie.com\/en\/#website"},"datePublished":"2015-12-02T10:34:15+00:00","dateModified":"2020-06-02T13:16:44+00:00","breadcrumb":{"@id":"https:\/\/europaexpeditie.com\/hu\/ajanlat-kerese\/#breadcrumb"},"inLanguage":"hu","potentialAction":[{"@type":"ReadAction","target":["https:\/\/europaexpeditie.com\/hu\/ajanlat-kerese\/"]}]},{"@type":"BreadcrumbList","@id":"https:\/\/europaexpeditie.com\/hu\/ajanlat-kerese\/#breadcrumb","itemListElement":[{"@type":"ListItem","position":1,"name":"Home","item":"https:\/\/europaexpeditie.com\/hu\/"},{"@type":"ListItem","position":2,"name":"Aj\u00e1nlat k\u00e9r\u00e9se"}]},{"@type":"WebSite","@id":"https:\/\/europaexpeditie.com\/en\/#website","url":"https:\/\/europaexpeditie.com\/en\/","name":"Europa Expeditie","description":"","publisher":{"@id":"https:\/\/europaexpeditie.com\/en\/#organization"},"potentialAction":[{"@type":"SearchAction","target":{"@type":"EntryPoint","urlTemplate":"https:\/\/europaexpeditie.com\/en\/?s={search_term_string}"},"query-input":{"@type":"PropertyValueSpecification","valueRequired":true,"valueName":"search_term_string"}}],"inLanguage":"hu"},{"@type":"Organization","@id":"https:\/\/europaexpeditie.com\/en\/#organization","name":"Europa Expeditie","url":"https:\/\/europaexpeditie.com\/en\/","logo":{"@type":"ImageObject","inLanguage":"hu","@id":"https:\/\/europaexpeditie.com\/en\/#\/schema\/logo\/image\/","url":"https:\/\/europaexpeditie.com\/wp-content\/uploads\/2020\/06\/logo-header.png","contentUrl":"https:\/\/europaexpeditie.com\/wp-content\/uploads\/2020\/06\/logo-header.png","width":605,"height":150,"caption":"Europa Expeditie"},"image":{"@id":"https:\/\/europaexpeditie.com\/en\/#\/schema\/logo\/image\/"}}]}},"_links":{"self":[{"href":"https:\/\/europaexpeditie.com\/hu\/wp-json\/wp\/v2\/pages\/2665","targetHints":{"allow":["GET"]}}],"collection":[{"href":"https:\/\/europaexpeditie.com\/hu\/wp-json\/wp\/v2\/pages"}],"about":[{"href":"https:\/\/europaexpeditie.com\/hu\/wp-json\/wp\/v2\/types\/page"}],"author":[{"embeddable":true,"href":"https:\/\/europaexpeditie.com\/hu\/wp-json\/wp\/v2\/users\/3"}],"replies":[{"embeddable":true,"href":"https:\/\/europaexpeditie.com\/hu\/wp-json\/wp\/v2\/comments?post=2665"}],"version-history":[{"count":0,"href":"https:\/\/europaexpeditie.com\/hu\/wp-json\/wp\/v2\/pages\/2665\/revisions"}],"wp:attachment":[{"href":"https:\/\/europaexpeditie.com\/hu\/wp-json\/wp\/v2\/media?parent=2665"}],"curies":[{"name":"wp","href":"https:\/\/api.w.org\/{rel}","templated":true}]}}