{"id":2667,"date":"2020-03-18T12:59:59","date_gmt":"2020-03-18T12:59:59","guid":{"rendered":"https:\/\/europaexpeditie.com\/?page_id=2667"},"modified":"2024-06-05T09:19:24","modified_gmt":"2024-06-05T09:19:24","slug":"adatvedelmi-politika","status":"publish","type":"page","link":"https:\/\/europaexpeditie.com\/hu\/adatvedelmi-politika\/","title":{"rendered":"Adatv\u00e9delmi politika"},"content":{"rendered":"<p><strong>Szem\u00e9lyes jelleg\u0171 adatok kezel\u00e9se \u2013 Privacy Policy<\/strong><\/p>\n<p>Az \u00d6n adatainak biztons\u00e1ga fontos sz\u00e1munkra! T\u00e1j\u00e9koztatjuk, hogy tiszteletben tartjuk az adatv\u00e9delemr\u0151l sz\u00f3l\u00f3 2016\/679\/EU Rendeletet, \u00e9s meger\u0151s\u00edtj\u00fck, hogy adatai n\u00e1lunk biztons\u00e1gban vannak!<\/p>\n<p>Tudnia kell, hogy az \u00d6n adataihoz kapcsol\u00f3d\u00f3an t\u00f6bb joga van, amelyeket mi tiszteletben tartunk. Az al\u00e1bbiakban t\u00e1j\u00e9koztatjuk \u00d6nt arr\u00f3l, hogy hogyan alkalmazzuk az eur\u00f3pai Rendeletet a t\u00f6rv\u00e9ny \u00e1ltal biztos\u00edtott jogaival kapcsolatban.<\/p>\n<p>Ezeket az adatokat akkor gy\u0171jtj\u00fck, amikor kit\u00f6lti a weboldalon tal\u00e1lhat\u00f3 aj\u00e1nlatk\u00e9r\u00e9si vagy kapcsolatfelv\u00e9teli \u0171rlapot annak \u00e9rdek\u00e9ben, hogy v\u00e1laszolni tudjunk az aj\u00e1nlatk\u00e9r\u00e9sre. Ezeket az adatokat els\u0151sorban a k\u00e9rt inform\u00e1ci\u00f3k kommunik\u00e1l\u00e1s\u00e1ra \u00e9s biztos\u00edt\u00e1s\u00e1ra fogj\u00e1k haszn\u00e1lni. Mindig lehet\u0151s\u00e9ge van adatainak adatb\u00e1zisunkb\u00f3l val\u00f3 t\u00f6rl\u00e9s\u00e9re. Ha azonban \u00d6n m\u00e1r \u00fcgyfel\u00fcnk, akkor a szem\u00e9lyes adatokat a t\u00f6rv\u00e9nyeknek megfelel\u0151en minim\u00e1lis ideig meg kell \u0151rizni.<\/p>\n<p><strong>Milyen szem\u00e9lyes adatokat gy\u0171jt\u00fcnk \u00d6nr\u0151l? &#8211; az inform\u00e1ci\u00f3hoz val\u00f3 jog<\/strong><\/p>\n<p>Az europaexpeditie.com weboldal seg\u00edts\u00e9g\u00e9vel szigor\u00faan azokat az adatokat dolgozzuk fel, amelyek a k\u00e9relmez\u0151 \u00e1ltal felett k\u00e9r\u00e9s megv\u00e1laszol\u00e1s\u00e1hoz sz\u00fcks\u00e9gesek, valamint a ny\u00fajtott szolg\u00e1ltat\u00e1sokkal \u00e9s a felsz\u00e1m\u00edtott k\u00f6lts\u00e9gekkel kapcsolatos inform\u00e1ci\u00f3kat.<\/p>\n<p><strong>Az Europa Expeditie a weboldal r\u00e9v\u00e9n az al\u00e1bbi t\u00edpus\u00fa adatokat gy\u0171jti:<\/strong><\/p>\n<p>Vezet\u00e9kn\u00e9v, keresztn\u00e9v, e-mail-c\u00edm, telefonsz\u00e1m.<\/p>\n<p>A kapcsolatfelv\u00e9teli \u0171rlapon \/ aj\u00e1nlatk\u00e9r\u00e9sen kereszt\u00fcl gy\u0171jt\u00f6tt \u00e9s t\u00e1rolt adatok: vezet\u00e9kn\u00e9v, ut\u00f3n\u00e9v, e-mail, telefon.<\/p>\n<p><strong>Az adatfeldolgoz\u00e1s c\u00e9lja \u00e9s jogalapja:<\/strong><\/p>\n<p>Az ig\u00e9nyelt adatok az \u00e1raj\u00e1nlatk\u00e9r\u00e9sek e-mailben vagy telefonon t\u00f6rt\u00e9n\u0151 megv\u00e1laszol\u00e1s\u00e1hoz sz\u00fcks\u00e9gesek. A v\u00e1lasz elk\u00fcld\u00e9s\u00e9nek m\u00f3dj\u00e1t az Europa Expeditie k\u00e9pvisel\u0151je hat\u00e1rozza meg.<\/p>\n<p><strong>Hogyan haszn\u00e1ljuk ezeket az adatokat?<\/strong><\/p>\n<p>Az adatokat szigor\u00faan a k\u00e9relmez\u0151k aj\u00e1nlatk\u00e9r\u00e9seire adand\u00f3 v\u00e1laszokhoz haszn\u00e1lj\u00e1k fel, azaz a k\u00edn\u00e1lt, ny\u00fajtott szolg\u00e1ltat\u00e1sokkal \u00e9s a felsz\u00e1m\u00edtott k\u00f6lts\u00e9gekkel kapcsolatos inform\u00e1ci\u00f3k szolg\u00e1ltat\u00e1s\u00e1ra. Az \u00d6nnel val\u00f3 kommunik\u00e1ci\u00f3 csak adminisztrat\u00edv c\u00e9lokat szolg\u00e1l, \u00e9s az Europa Expeditie k\u00e9pvisel\u0151je hat\u00e1rozza meg.<\/p>\n<p><strong>Kinek tov\u00e1bb\u00edtjuk m\u00e9g az adatait?<\/strong><\/p>\n<p>Az adatokat az Europaexpeditie SRL c\u00e9g dolgozza fel, a sz\u00e9khely: Clujului 7, 407042, Sannicoara, Kolozs megye, Rom\u00e1nia, \u00e9s m\u00e1s mag\u00e1n entit\u00e1snak szolg\u00e1ltatj\u00e1k ki, de csak abban az, ha ez sz\u00fcks\u00e9ges az aj\u00e1nlatk\u00e9r\u00e9s megv\u00e1laszol\u00e1s\u00e1hoz vagy a k\u00e9rt szolg\u00e1ltat\u00e1sok ny\u00fajt\u00e1s\u00e1hoz.<\/p>\n<p><strong>Adatbiztos\u00edt\u00e1s \u00e9s titkos\u00edt\u00e1s<\/strong><\/p>\n<p>A ter\u00fcleten \u00e1ltal\u00e1nosan elfogadott szabv\u00e1nyokat alkalmazunk az adatt\u00e1rol\u00e1s biztons\u00e1ga \u00e9rdek\u00e9ben \u00e9s adott esetben a titkos\u00edt\u00e1s szempontj\u00e1b\u00f3l. Adott esetben azonnal \u00e9rtes\u00edtj\u00fck \u00d6nt, ha arra jogosulatlan szem\u00e9lyek f\u00e9rhetnek hozz\u00e1 az adatokhoz!<\/p>\n<p>S\u00fctik \u00e9s hasonl\u00f3 technol\u00f3gi\u00e1k haszn\u00e1lata<\/p>\n<p><strong>Mik azok a s\u00fctik?<\/strong><\/p>\n<p>Csak a szoftver belsej\u00e9ben haszn\u00e1lunk s\u00fctiket, hogy a felhaszn\u00e1l\u00f3nak jobb, hasznosabb \u00e9s kellemesebb navig\u00e1ci\u00f3t biztos\u00edtson a k\u00fcl\u00f6nb\u00f6z\u0151 szakaszok k\u00f6z\u00f6tt. Nem t\u00e1roljuk a felhaszn\u00e1l\u00f3 tev\u00e9kenys\u00e9g\u00e9nek t\u00f6rt\u00e9net\u00e9t sem a szoftver elhagy\u00e1sa ut\u00e1n, sem pedig az europaexpeditie.com weboldalon tal\u00e1lhat\u00f3 szoftveren k\u00edv\u00fcli tev\u00e9kenys\u00e9gekkel kapcsolatban.<\/p>\n<p>A s\u00fctik bet\u0171kb\u0151l \u00e9s sz\u00e1mokb\u00f3l \u00e1ll\u00f3 kis f\u00e1jlok, amelyeket a felhaszn\u00e1l\u00f3 termin\u00e1lj\u00e1n t\u00e1rolnak (pl. sz\u00e1m\u00edt\u00f3g\u00e9p, mobiltelefon vagy a felhaszn\u00e1l\u00f3 egy\u00e9b \u00f3 berendez\u00e9se, amelyen az Internet el\u00e9rhet\u0151). A s\u00fcti a webszerver \u00e1ltal a b\u00f6ng\u00e9sz\u0151nek kiadott k\u00e9r\u00e9s alapj\u00e1n ker\u00fcl telep\u00edt\u00e9sre (pl. Internet Explorer, Firefox, Opera, Safari, Chrome stb.)<\/p>\n<p>A b\u00f6ng\u00e9sz\u0151 be\u00e1ll\u00edt\u00e1sainak seg\u00edts\u00e9g\u00e9vel d\u00f6nthet arr\u00f3l, hogy t\u00f6rli a s\u00fctiket, vagy abbahagyja azok \u00edr\u00e1s\u00e1t. A s\u00fctik letilt\u00e1sa megakad\u00e1lyozhatja a weblapjaink vagy alkalmaz\u00e1saink bizonyos r\u00e9szeinek haszn\u00e1lat\u00e1t.<\/p>\n<p><strong>Mennyi ideig t\u00e1roljuk az adatokat?<\/strong><\/p>\n<p>A szem\u00e9lyes adatokat mindaddig t\u00e1roljuk, am\u00edg hasznosnak tekintj\u00fck azokat, vagy am\u00edg a t\u00f6rv\u00e9ny el\u0151\u00edrja, kiv\u00e9ve, ha kifejezett utas\u00edt\u00e1sokat kapunk \u00d6nt\u0151l arra vonatkoz\u00f3an, hogy m\u00e1sk\u00e9nt cselekedj\u00fcnk.<\/p>\n<p><strong>Az \u00d6n jogai a k\u00f6vetkez\u0151k:<\/strong><\/p>\n<p>A SZEM\u00c9LYES ADATOKHOZ VAL\u00d3 HOZZ\u00c1F\u00c9R\u00c9S JOGA<\/p>\n<p>A FELDOLGOZOTT ADATOK KIJAV\u00cdT\u00c1S\u00c1NAK JOGA<\/p>\n<p>AZ ADATOK FELDOLGOZ\u00c1S\u00c1RA VONATKOZ\u00d3 TILTAKOZ\u00c1SI JOG<\/p>\n<p>AZ ADATOK T\u00d6RL\u00c9S\u00c9NEK JOGA<\/p>\n<p>A FELDOLGOZ\u00c1S KORL\u00c1TOZ\u00c1S\u00c1NAK JOGA<\/p>\n<p>AZ ADATOK HORDOZHAT\u00d3S\u00c1G\u00c1HOZ VAL\u00d3 JOG<\/p>\n<p>AZ AUTOMATIKUS FELDOLGOZ\u00c1SNAK \/ PROFILK\u00c9SZIT\u00c9SNEK AL\u00c1 NEM VET\u00c9SHEZ VAL\u00d3 JOG<\/p>\n<p>A FEL\u00dcGYELETI HAT\u00d3S\u00c1GNAK VAL\u00d3 PANASZ BENY\u00daJT\u00c1SI JOG<\/p>\n<p><strong>Hogyan f\u00e9rhet hozz\u00e1 a saj\u00e1t adataihoz?<\/strong><\/p>\n<p>Ha b\u00e1rmilyen k\u00e9rd\u00e9se vagy k\u00e9r\u00e9se van az \u00d6n \u00e1ltal megadott szem\u00e9lyes jelleg\u0171 adatokkal kapcsolatban, ide\u00e9rtve az el\u0151z\u0151 szakaszban eml\u00edtett jogainak gyakorl\u00e1s\u00e1t is, b\u00e1rmikor felveheti vel\u00fcnk a kapcsolatot:<\/p>\n<p>E-mail-c\u00edm: <a href=\"mailto:dpo@europaex.ro\"><strong><span style=\"color: #000000; text-decoration: underline;\">dpo@europaex.ro<\/span><\/strong><\/a><\/p>\n<p>Telefonsz\u00e1m: \u00a0+40 372 300207<\/p>\n<p>C\u00edm:\u00a0 Clujului 7, 407042, Sannicoara, Kolozs megye, Rom\u00e1nia<\/p>\n<p><strong>Hogyan t\u00f6r\u00f6lhetem a szem\u00e9lyes jelleg\u0171 adataimat?<\/strong><\/p>\n<p>A szem\u00e9lyes adatokat a <a href=\"mailto:dpo@europaex.ro\"><strong><span style=\"color: #000000; text-decoration: underline;\">dpo@europaex.ro<\/span><\/strong><\/a> c\u00edmre k\u00fcld\u00f6tt e-maillel t\u00f6r\u00f6lheti, mi regisztr\u00e1ljuk k\u00e9r\u00e9s\u00e9t, \u00e9s az adatokat v\u00e9glegesen t\u00f6r\u00f6lj\u00fck a k\u00e9relem k\u00e9zhezv\u00e9tel\u00e9t\u0151l sz\u00e1m\u00edtott 15 napon bel\u00fcl, kiv\u00e9ve, ha jogalap m\u00e1sra k\u00f6telez minket.<\/p>\n<p><strong>Kihez fordulok, ha nem akarom, hogy szem\u00e9lyes jelleg\u0171 adataimat feldolgozz\u00e1k? &#8211; tiltakoz\u00e1si jog<\/strong><\/p>\n<p>Ha szem\u00e9lyes jelleg\u0171 adatainak az adatb\u00e1zisban val\u00f3 t\u00e1rol\u00e1sa vagy feldolgoz\u00e1sa k\u00e1rt okoz \u00d6nnek, akkor \u00edrhat nek\u00fcnk a <a href=\"mailto:dpo@europaex.ro\"><strong><span style=\"color: #000000; text-decoration: underline;\">dpo@europaex.ro<\/span><\/strong><\/a> e-mail c\u00edmre, \u00e9s a k\u00e9relem k\u00e9zhezv\u00e9tel\u00e9t\u0151l sz\u00e1m\u00edtott legfeljebb 15 napon bel\u00fcl megtessz\u00fck a t\u00f6rv\u00e9nyes l\u00e9p\u00e9seket.<\/p>\n<p>Joga van ahhoz is, hogy a Szem\u00e9lyes Jelleg\u0171 Adatok Feldolgoz\u00e1s\u00e1nak Fel\u00fcgyelet\u00e9vel Foglalkoz\u00f3 Nemzeti Hat\u00f3s\u00e1ghoz vagy az illet\u00e9kes b\u00edr\u00f3s\u00e1gokhoz forduljon.<\/p>\n<p>Az Europaexpeditie SRL csapata<\/p>\n<div id=\"cookie-statement\">\n<h2>Cookie nyilatkozat<\/h2>\n<\/div>\n","protected":false},"excerpt":{"rendered":"<p>Szem\u00e9lyes jelleg\u0171 adatok kezel\u00e9se \u2013 Privacy Policy Az \u00d6n adatainak biztons\u00e1ga fontos sz\u00e1munkra! T\u00e1j\u00e9koztatjuk, hogy tiszteletben tartjuk az adatv\u00e9delemr\u0151l sz\u00f3l\u00f3 2016\/679\/EU Rendeletet, \u00e9s meger\u0151s\u00edtj\u00fck, hogy adatai n\u00e1lunk biztons\u00e1gban vannak! Tudnia kell, hogy az&#8230;<\/p>\n","protected":false},"author":3,"featured_media":0,"parent":0,"menu_order":0,"comment_status":"closed","ping_status":"open","template":"","meta":{"footnotes":""},"class_list":["post-2667","page","type-page","status-publish","hentry"],"yoast_head":"<!-- This site is optimized with the Yoast SEO plugin v24.7 - https:\/\/yoast.com\/wordpress\/plugins\/seo\/ -->\n<title>Adatv\u00e9delmi politika - Europa Expeditie<\/title>\n<meta name=\"robots\" content=\"index, follow, max-snippet:-1, max-image-preview:large, max-video-preview:-1\" \/>\n<link rel=\"canonical\" href=\"https:\/\/europaexpeditie.com\/hu\/adatvedelmi-politika\/\" \/>\n<meta property=\"og:locale\" content=\"hu_HU\" \/>\n<meta property=\"og:type\" content=\"article\" \/>\n<meta property=\"og:title\" content=\"Adatv\u00e9delmi politika - Europa Expeditie\" \/>\n<meta property=\"og:description\" content=\"Szem\u00e9lyes jelleg\u0171 adatok kezel\u00e9se \u2013 Privacy Policy Az \u00d6n adatainak biztons\u00e1ga fontos sz\u00e1munkra! T\u00e1j\u00e9koztatjuk, hogy tiszteletben tartjuk az adatv\u00e9delemr\u0151l sz\u00f3l\u00f3 2016\/679\/EU Rendeletet, \u00e9s meger\u0151s\u00edtj\u00fck, hogy adatai n\u00e1lunk biztons\u00e1gban vannak! Tudnia kell, hogy az...\" \/>\n<meta property=\"og:url\" content=\"https:\/\/europaexpeditie.com\/hu\/adatvedelmi-politika\/\" \/>\n<meta property=\"og:site_name\" content=\"Europa Expeditie\" \/>\n<meta property=\"article:modified_time\" content=\"2024-06-05T09:19:24+00:00\" \/>\n<meta name=\"twitter:card\" content=\"summary_large_image\" \/>\n<meta name=\"twitter:label1\" content=\"Becs\u00fclt olvas\u00e1si id\u0151\" \/>\n\t<meta name=\"twitter:data1\" content=\"4 perc\" \/>\n<script type=\"application\/ld+json\" class=\"yoast-schema-graph\">{\"@context\":\"https:\/\/schema.org\",\"@graph\":[{\"@type\":\"WebPage\",\"@id\":\"https:\/\/europaexpeditie.com\/hu\/adatvedelmi-politika\/\",\"url\":\"https:\/\/europaexpeditie.com\/hu\/adatvedelmi-politika\/\",\"name\":\"Adatv\u00e9delmi politika - Europa Expeditie\",\"isPartOf\":{\"@id\":\"https:\/\/europaexpeditie.com\/en\/#website\"},\"datePublished\":\"2020-03-18T12:59:59+00:00\",\"dateModified\":\"2024-06-05T09:19:24+00:00\",\"breadcrumb\":{\"@id\":\"https:\/\/europaexpeditie.com\/hu\/adatvedelmi-politika\/#breadcrumb\"},\"inLanguage\":\"hu\",\"potentialAction\":[{\"@type\":\"ReadAction\",\"target\":[\"https:\/\/europaexpeditie.com\/hu\/adatvedelmi-politika\/\"]}]},{\"@type\":\"BreadcrumbList\",\"@id\":\"https:\/\/europaexpeditie.com\/hu\/adatvedelmi-politika\/#breadcrumb\",\"itemListElement\":[{\"@type\":\"ListItem\",\"position\":1,\"name\":\"Home\",\"item\":\"https:\/\/europaexpeditie.com\/hu\/\"},{\"@type\":\"ListItem\",\"position\":2,\"name\":\"Adatv\u00e9delmi politika\"}]},{\"@type\":\"WebSite\",\"@id\":\"https:\/\/europaexpeditie.com\/en\/#website\",\"url\":\"https:\/\/europaexpeditie.com\/en\/\",\"name\":\"Europa Expeditie\",\"description\":\"\",\"publisher\":{\"@id\":\"https:\/\/europaexpeditie.com\/en\/#organization\"},\"potentialAction\":[{\"@type\":\"SearchAction\",\"target\":{\"@type\":\"EntryPoint\",\"urlTemplate\":\"https:\/\/europaexpeditie.com\/en\/?s={search_term_string}\"},\"query-input\":{\"@type\":\"PropertyValueSpecification\",\"valueRequired\":true,\"valueName\":\"search_term_string\"}}],\"inLanguage\":\"hu\"},{\"@type\":\"Organization\",\"@id\":\"https:\/\/europaexpeditie.com\/en\/#organization\",\"name\":\"Europa Expeditie\",\"url\":\"https:\/\/europaexpeditie.com\/en\/\",\"logo\":{\"@type\":\"ImageObject\",\"inLanguage\":\"hu\",\"@id\":\"https:\/\/europaexpeditie.com\/en\/#\/schema\/logo\/image\/\",\"url\":\"https:\/\/europaexpeditie.com\/wp-content\/uploads\/2020\/06\/logo-header.png\",\"contentUrl\":\"https:\/\/europaexpeditie.com\/wp-content\/uploads\/2020\/06\/logo-header.png\",\"width\":605,\"height\":150,\"caption\":\"Europa Expeditie\"},\"image\":{\"@id\":\"https:\/\/europaexpeditie.com\/en\/#\/schema\/logo\/image\/\"}}]}<\/script>\n<!-- \/ Yoast SEO plugin. -->","yoast_head_json":{"title":"Adatv\u00e9delmi politika - Europa Expeditie","robots":{"index":"index","follow":"follow","max-snippet":"max-snippet:-1","max-image-preview":"max-image-preview:large","max-video-preview":"max-video-preview:-1"},"canonical":"https:\/\/europaexpeditie.com\/hu\/adatvedelmi-politika\/","og_locale":"hu_HU","og_type":"article","og_title":"Adatv\u00e9delmi politika - Europa Expeditie","og_description":"Szem\u00e9lyes jelleg\u0171 adatok kezel\u00e9se \u2013 Privacy Policy Az \u00d6n adatainak biztons\u00e1ga fontos sz\u00e1munkra! T\u00e1j\u00e9koztatjuk, hogy tiszteletben tartjuk az adatv\u00e9delemr\u0151l sz\u00f3l\u00f3 2016\/679\/EU Rendeletet, \u00e9s meger\u0151s\u00edtj\u00fck, hogy adatai n\u00e1lunk biztons\u00e1gban vannak! Tudnia kell, hogy az...","og_url":"https:\/\/europaexpeditie.com\/hu\/adatvedelmi-politika\/","og_site_name":"Europa Expeditie","article_modified_time":"2024-06-05T09:19:24+00:00","twitter_card":"summary_large_image","twitter_misc":{"Becs\u00fclt olvas\u00e1si id\u0151":"4 perc"},"schema":{"@context":"https:\/\/schema.org","@graph":[{"@type":"WebPage","@id":"https:\/\/europaexpeditie.com\/hu\/adatvedelmi-politika\/","url":"https:\/\/europaexpeditie.com\/hu\/adatvedelmi-politika\/","name":"Adatv\u00e9delmi politika - Europa Expeditie","isPartOf":{"@id":"https:\/\/europaexpeditie.com\/en\/#website"},"datePublished":"2020-03-18T12:59:59+00:00","dateModified":"2024-06-05T09:19:24+00:00","breadcrumb":{"@id":"https:\/\/europaexpeditie.com\/hu\/adatvedelmi-politika\/#breadcrumb"},"inLanguage":"hu","potentialAction":[{"@type":"ReadAction","target":["https:\/\/europaexpeditie.com\/hu\/adatvedelmi-politika\/"]}]},{"@type":"BreadcrumbList","@id":"https:\/\/europaexpeditie.com\/hu\/adatvedelmi-politika\/#breadcrumb","itemListElement":[{"@type":"ListItem","position":1,"name":"Home","item":"https:\/\/europaexpeditie.com\/hu\/"},{"@type":"ListItem","position":2,"name":"Adatv\u00e9delmi politika"}]},{"@type":"WebSite","@id":"https:\/\/europaexpeditie.com\/en\/#website","url":"https:\/\/europaexpeditie.com\/en\/","name":"Europa Expeditie","description":"","publisher":{"@id":"https:\/\/europaexpeditie.com\/en\/#organization"},"potentialAction":[{"@type":"SearchAction","target":{"@type":"EntryPoint","urlTemplate":"https:\/\/europaexpeditie.com\/en\/?s={search_term_string}"},"query-input":{"@type":"PropertyValueSpecification","valueRequired":true,"valueName":"search_term_string"}}],"inLanguage":"hu"},{"@type":"Organization","@id":"https:\/\/europaexpeditie.com\/en\/#organization","name":"Europa Expeditie","url":"https:\/\/europaexpeditie.com\/en\/","logo":{"@type":"ImageObject","inLanguage":"hu","@id":"https:\/\/europaexpeditie.com\/en\/#\/schema\/logo\/image\/","url":"https:\/\/europaexpeditie.com\/wp-content\/uploads\/2020\/06\/logo-header.png","contentUrl":"https:\/\/europaexpeditie.com\/wp-content\/uploads\/2020\/06\/logo-header.png","width":605,"height":150,"caption":"Europa Expeditie"},"image":{"@id":"https:\/\/europaexpeditie.com\/en\/#\/schema\/logo\/image\/"}}]}},"_links":{"self":[{"href":"https:\/\/europaexpeditie.com\/hu\/wp-json\/wp\/v2\/pages\/2667","targetHints":{"allow":["GET"]}}],"collection":[{"href":"https:\/\/europaexpeditie.com\/hu\/wp-json\/wp\/v2\/pages"}],"about":[{"href":"https:\/\/europaexpeditie.com\/hu\/wp-json\/wp\/v2\/types\/page"}],"author":[{"embeddable":true,"href":"https:\/\/europaexpeditie.com\/hu\/wp-json\/wp\/v2\/users\/3"}],"replies":[{"embeddable":true,"href":"https:\/\/europaexpeditie.com\/hu\/wp-json\/wp\/v2\/comments?post=2667"}],"version-history":[{"count":3,"href":"https:\/\/europaexpeditie.com\/hu\/wp-json\/wp\/v2\/pages\/2667\/revisions"}],"predecessor-version":[{"id":5744,"href":"https:\/\/europaexpeditie.com\/hu\/wp-json\/wp\/v2\/pages\/2667\/revisions\/5744"}],"wp:attachment":[{"href":"https:\/\/europaexpeditie.com\/hu\/wp-json\/wp\/v2\/media?parent=2667"}],"curies":[{"name":"wp","href":"https:\/\/api.w.org\/{rel}","templated":true}]}}