{"id":2668,"date":"2020-04-29T13:18:55","date_gmt":"2020-04-29T13:18:55","guid":{"rendered":"https:\/\/europaexpeditie.com\/?page_id=2668"},"modified":"2020-07-21T10:21:13","modified_gmt":"2020-07-21T10:21:13","slug":"feltetelek","status":"publish","type":"page","link":"https:\/\/europaexpeditie.com\/hu\/feltetelek\/","title":{"rendered":"Felt\u00e9telek"},"content":{"rendered":"<p><strong>Haszn\u00e1lati felt\u00e9telek<\/strong><\/p>\n<p>Ez a meg\u00e1llapod\u00e1s ismerteti a rendelkez\u00e9sre \u00e1ll\u00f3 szolg\u00e1ltat\u00e1sokra \u00e9s a weboldal haszn\u00e1lat\u00e1ra vonatkoz\u00f3 felt\u00e9teleket.<\/p>\n<p>Ahhoz, hogy felhaszn\u00e1l\u00f3 lehessen, el kell olvasnia \u00e9s felt\u00e9tel n\u00e9lk\u00fcl el kell fogadnia a jelen meg\u00e1llapod\u00e1sba foglalt felt\u00e9teleket.<\/p>\n<p><strong>Szellemi tulajdonjog<\/strong><\/p>\n<p>Az europaexpeditie.com szoftver az Europaexpeditie SRL c\u00e9g tulajdon\u00e1t k\u00e9pezi, logisztikai szolg\u00e1ltat\u00e1sokra, teherfuvaroz\u00e1sra \u00e9s rakt\u00e1roz\u00e1sra szakosodott.<\/p>\n<p>A weboldal eredeti elk\u00e9pzel\u00e9sei, megjelen\u00e9se \u00e9s fel\u00e9p\u00edt\u00e9se nemzetk\u00f6zileg elismert \u00e9s v\u00e9dett \u00a9, \u00e9s m\u00e1s szem\u00e9lyek vagy int\u00e9zm\u00e9nyek nem haszn\u00e1lhatj\u00e1k fel hasonl\u00f3 szolg\u00e1ltat\u00e1sok ny\u00fajt\u00e1s\u00e1ra.<\/p>\n<p>Az Europaexpeditie SRL el\u0151zetes \u00e9rtes\u00edt\u00e9s n\u00e9lk\u00fcl felf\u00fcggesztheti vagy megsz\u00fcntetheti a weboldal tartalm\u00e1hoz val\u00f3 hozz\u00e1f\u00e9r\u00e9st ezen int\u00e9zked\u00e9s megindokl\u00e1sa n\u00e9lk\u00fcl.<\/p>\n<p><strong>\u00c1ltal\u00e1nos haszn\u00e1lati felt\u00e9telek <\/strong><\/p>\n<p>Szolg\u00e1ltat\u00e1sainkat b\u00e1rmely felhaszn\u00e1l\u00f3 haszn\u00e1lhatja, aki mag\u00e1n- vagy \u00e1llami v\u00e1llalatot k\u00e9pvisel. Az aj\u00e1nlatk\u00e9r\u00e9seket a platformon bel\u00fcl lehet elk\u00fcldeni, \u00e9s az Europaexpeditie alkalmazottja \u00e1tveszi ezt a k\u00e9r\u00e9st, \u00e9s e-mailben vagy telefonon v\u00e1laszol r\u00e1.<\/p>\n<p><strong>\u00c1raj\u00e1nlatok k\u00e9r\u00e9se<\/strong><\/p>\n<p>Ezeket a weboldalon felt\u00fcntetett telefonsz\u00e1mokon vagy az aj\u00e1nlatk\u00e9r\u00e9si \u0171rlapon lehet k\u00e9rni. A k\u00e9relemhez kapcsol\u00f3d\u00f3an a k\u00e9relmez\u0151 k\u00f6teles pontos \u00e9s konkr\u00e9t adatokat szolg\u00e1ltatni. Ha a megadott adatok nem teljesek, nem fogja az \u00e1raj\u00e1nlatot megkapni \u00e9s\/vagy az Europaexpeditie tov\u00e1bbi inform\u00e1ci\u00f3kat k\u00e9rhet a megadott adatok felhaszn\u00e1l\u00e1s\u00e1val, legyen sz\u00f3 telefonsz\u00e1mr\u00f3l, vagy e-mail-c\u00edmr\u0151l.<\/p>\n<p><strong>Az adatok bizalmas kezel\u00e9se<\/strong><\/p>\n<p>A szem\u00e9lyes jelleg\u0171 inform\u00e1ci\u00f3k, amelyeket e szoftver ig\u00e9nybev\u00e9tele \u00e9rdek\u00e9ben haszn\u00e1lnak, valamint az \u00d6n \u00e1ltal v\u00e9gzett tev\u00e9kenys\u00e9gekre vonatkoz\u00f3 inform\u00e1ci\u00f3k bizalmasak, biztons\u00e1gi rendszerek \u00e1ltal v\u00e9dettek, \u00e9s csak a funkcionalit\u00e1s \u00e9rdek\u00e9ben haszn\u00e1lj\u00e1k fel \u0151ket, a weboldal m\u0171k\u00f6d\u00e9si szab\u00e1lyainak megfelel\u0151en. A szem\u00e9lyes jelleg\u0171 adatok felhaszn\u00e1l\u00e1s\u00e1val kapcsolatos r\u00e9szletek\u00e9rt k\u00e9rj\u00fck, olvassa el az Adatv\u00e9delmi politika &#8211; Privacy Policy dokumentumot. Ezeket a rendelkez\u00e9seket a hat\u00e1lyos jogszab\u00e1lyi rendelkez\u00e9sek eg\u00e9sz\u00edtik ki.<\/p>\n<p><strong>V\u00e9gs\u0151 rendelkez\u00e9sek<\/strong><\/p>\n<p>Jelen meg\u00e1llapod\u00e1s teljes m\u00e9rt\u00e9kben a rom\u00e1n jog hat\u00e1lya al\u00e1 tartozik, \u00e9s az \u00d6n hozz\u00e1j\u00e1rul\u00e1sa n\u00e9lk\u00fcl m\u00f3dos\u00edthat\u00f3.\u00a0 A v\u00e1ltoz\u00e1sokat a weboldal els\u0151 oldal\u00e1n jelentik be, \u00e9s a nyilv\u00e1noss\u00e1gra hozatal id\u0151pontj\u00e1t\u00f3l l\u00e9pnek hat\u00e1lyba.<\/p>\n<p>B\u00e1rmely olyan helyzetben, amikor kifog\u00e1sa vagy fenntart\u00e1sa van a meg\u00e1llapod\u00e1s valamely rendelkez\u00e9s\u00e9vel \u00e9s a felmer\u00fcl\u0151 m\u00f3dos\u00edt\u00e1sokkal szemben, \u00d6n k\u00f6teles azonnal felf\u00fcggeszteni szolg\u00e1ltat\u00e1saink haszn\u00e1lat\u00e1t.<\/p>\n<p>Tov\u00e1bbi inform\u00e1ci\u00f3k\u00e9rt vagy n\u00e9h\u00e1ny f\u00e9lre\u00e9rt\u00e9s tiszt\u00e1z\u00e1sa \u00e9rdek\u00e9ben \u00edrjon nek\u00fcnk a KAPCSOLAT mez\u0151ben felt\u00fcntetett e-mail c\u00edmre!<\/p>\n<p>A felhaszn\u00e1l\u00f3 kifejezetten kijelenti, hogy megfelel az \u00e1ltalunk k\u00edn\u00e1lt szolg\u00e1ltat\u00e1sok ig\u00e9nybev\u00e9tel\u00e9hez sz\u00fcks\u00e9ges valamennyi jogi felt\u00e9telnek, hogy tudom\u00e1sul vette a meg\u00e1llapod\u00e1s \u00f6sszes rendelkez\u00e9s\u00e9t, \u00e9s teljes m\u00e9rt\u00e9kben meg\u00e9rtette a weboldalunkon k\u00edn\u00e1lt szolg\u00e1ltat\u00e1sok m\u0171k\u00f6d\u00e9si m\u00f3dj\u00e1t.<\/p>\n<p>Europaexpeditie SRL<\/p>\n","protected":false},"excerpt":{"rendered":"<p>Haszn\u00e1lati felt\u00e9telek Ez a meg\u00e1llapod\u00e1s ismerteti a rendelkez\u00e9sre \u00e1ll\u00f3 szolg\u00e1ltat\u00e1sokra \u00e9s a weboldal haszn\u00e1lat\u00e1ra vonatkoz\u00f3 felt\u00e9teleket. Ahhoz, hogy felhaszn\u00e1l\u00f3 lehessen, el kell olvasnia \u00e9s felt\u00e9tel n\u00e9lk\u00fcl el kell fogadnia a jelen meg\u00e1llapod\u00e1sba foglalt&#8230;<\/p>\n","protected":false},"author":3,"featured_media":0,"parent":0,"menu_order":0,"comment_status":"closed","ping_status":"open","template":"","meta":{"footnotes":""},"class_list":["post-2668","page","type-page","status-publish","hentry"],"yoast_head":"<!-- This site is optimized with the Yoast SEO plugin v24.7 - https:\/\/yoast.com\/wordpress\/plugins\/seo\/ -->\n<title>Felt\u00e9telek - Europa Expeditie<\/title>\n<meta name=\"robots\" content=\"index, follow, max-snippet:-1, max-image-preview:large, max-video-preview:-1\" \/>\n<link rel=\"canonical\" href=\"https:\/\/europaexpeditie.com\/hu\/feltetelek\/\" \/>\n<meta property=\"og:locale\" content=\"hu_HU\" \/>\n<meta property=\"og:type\" content=\"article\" \/>\n<meta property=\"og:title\" content=\"Felt\u00e9telek - Europa Expeditie\" \/>\n<meta property=\"og:description\" content=\"Haszn\u00e1lati felt\u00e9telek Ez a meg\u00e1llapod\u00e1s ismerteti a rendelkez\u00e9sre \u00e1ll\u00f3 szolg\u00e1ltat\u00e1sokra \u00e9s a weboldal haszn\u00e1lat\u00e1ra vonatkoz\u00f3 felt\u00e9teleket. Ahhoz, hogy felhaszn\u00e1l\u00f3 lehessen, el kell olvasnia \u00e9s felt\u00e9tel n\u00e9lk\u00fcl el kell fogadnia a jelen meg\u00e1llapod\u00e1sba foglalt...\" \/>\n<meta property=\"og:url\" content=\"https:\/\/europaexpeditie.com\/hu\/feltetelek\/\" \/>\n<meta property=\"og:site_name\" content=\"Europa Expeditie\" \/>\n<meta property=\"article:modified_time\" content=\"2020-07-21T10:21:13+00:00\" \/>\n<meta name=\"twitter:card\" content=\"summary_large_image\" \/>\n<meta name=\"twitter:label1\" content=\"Becs\u00fclt olvas\u00e1si id\u0151\" \/>\n\t<meta name=\"twitter:data1\" content=\"3 perc\" \/>\n<script type=\"application\/ld+json\" class=\"yoast-schema-graph\">{\"@context\":\"https:\/\/schema.org\",\"@graph\":[{\"@type\":\"WebPage\",\"@id\":\"https:\/\/europaexpeditie.com\/hu\/feltetelek\/\",\"url\":\"https:\/\/europaexpeditie.com\/hu\/feltetelek\/\",\"name\":\"Felt\u00e9telek - Europa Expeditie\",\"isPartOf\":{\"@id\":\"https:\/\/europaexpeditie.com\/en\/#website\"},\"datePublished\":\"2020-04-29T13:18:55+00:00\",\"dateModified\":\"2020-07-21T10:21:13+00:00\",\"breadcrumb\":{\"@id\":\"https:\/\/europaexpeditie.com\/hu\/feltetelek\/#breadcrumb\"},\"inLanguage\":\"hu\",\"potentialAction\":[{\"@type\":\"ReadAction\",\"target\":[\"https:\/\/europaexpeditie.com\/hu\/feltetelek\/\"]}]},{\"@type\":\"BreadcrumbList\",\"@id\":\"https:\/\/europaexpeditie.com\/hu\/feltetelek\/#breadcrumb\",\"itemListElement\":[{\"@type\":\"ListItem\",\"position\":1,\"name\":\"Home\",\"item\":\"https:\/\/europaexpeditie.com\/hu\/\"},{\"@type\":\"ListItem\",\"position\":2,\"name\":\"Felt\u00e9telek\"}]},{\"@type\":\"WebSite\",\"@id\":\"https:\/\/europaexpeditie.com\/en\/#website\",\"url\":\"https:\/\/europaexpeditie.com\/en\/\",\"name\":\"Europa Expeditie\",\"description\":\"\",\"publisher\":{\"@id\":\"https:\/\/europaexpeditie.com\/en\/#organization\"},\"potentialAction\":[{\"@type\":\"SearchAction\",\"target\":{\"@type\":\"EntryPoint\",\"urlTemplate\":\"https:\/\/europaexpeditie.com\/en\/?s={search_term_string}\"},\"query-input\":{\"@type\":\"PropertyValueSpecification\",\"valueRequired\":true,\"valueName\":\"search_term_string\"}}],\"inLanguage\":\"hu\"},{\"@type\":\"Organization\",\"@id\":\"https:\/\/europaexpeditie.com\/en\/#organization\",\"name\":\"Europa Expeditie\",\"url\":\"https:\/\/europaexpeditie.com\/en\/\",\"logo\":{\"@type\":\"ImageObject\",\"inLanguage\":\"hu\",\"@id\":\"https:\/\/europaexpeditie.com\/en\/#\/schema\/logo\/image\/\",\"url\":\"https:\/\/europaexpeditie.com\/wp-content\/uploads\/2020\/06\/logo-header.png\",\"contentUrl\":\"https:\/\/europaexpeditie.com\/wp-content\/uploads\/2020\/06\/logo-header.png\",\"width\":605,\"height\":150,\"caption\":\"Europa Expeditie\"},\"image\":{\"@id\":\"https:\/\/europaexpeditie.com\/en\/#\/schema\/logo\/image\/\"}}]}<\/script>\n<!-- \/ Yoast SEO plugin. -->","yoast_head_json":{"title":"Felt\u00e9telek - Europa Expeditie","robots":{"index":"index","follow":"follow","max-snippet":"max-snippet:-1","max-image-preview":"max-image-preview:large","max-video-preview":"max-video-preview:-1"},"canonical":"https:\/\/europaexpeditie.com\/hu\/feltetelek\/","og_locale":"hu_HU","og_type":"article","og_title":"Felt\u00e9telek - Europa Expeditie","og_description":"Haszn\u00e1lati felt\u00e9telek Ez a meg\u00e1llapod\u00e1s ismerteti a rendelkez\u00e9sre \u00e1ll\u00f3 szolg\u00e1ltat\u00e1sokra \u00e9s a weboldal haszn\u00e1lat\u00e1ra vonatkoz\u00f3 felt\u00e9teleket. Ahhoz, hogy felhaszn\u00e1l\u00f3 lehessen, el kell olvasnia \u00e9s felt\u00e9tel n\u00e9lk\u00fcl el kell fogadnia a jelen meg\u00e1llapod\u00e1sba foglalt...","og_url":"https:\/\/europaexpeditie.com\/hu\/feltetelek\/","og_site_name":"Europa Expeditie","article_modified_time":"2020-07-21T10:21:13+00:00","twitter_card":"summary_large_image","twitter_misc":{"Becs\u00fclt olvas\u00e1si id\u0151":"3 perc"},"schema":{"@context":"https:\/\/schema.org","@graph":[{"@type":"WebPage","@id":"https:\/\/europaexpeditie.com\/hu\/feltetelek\/","url":"https:\/\/europaexpeditie.com\/hu\/feltetelek\/","name":"Felt\u00e9telek - Europa Expeditie","isPartOf":{"@id":"https:\/\/europaexpeditie.com\/en\/#website"},"datePublished":"2020-04-29T13:18:55+00:00","dateModified":"2020-07-21T10:21:13+00:00","breadcrumb":{"@id":"https:\/\/europaexpeditie.com\/hu\/feltetelek\/#breadcrumb"},"inLanguage":"hu","potentialAction":[{"@type":"ReadAction","target":["https:\/\/europaexpeditie.com\/hu\/feltetelek\/"]}]},{"@type":"BreadcrumbList","@id":"https:\/\/europaexpeditie.com\/hu\/feltetelek\/#breadcrumb","itemListElement":[{"@type":"ListItem","position":1,"name":"Home","item":"https:\/\/europaexpeditie.com\/hu\/"},{"@type":"ListItem","position":2,"name":"Felt\u00e9telek"}]},{"@type":"WebSite","@id":"https:\/\/europaexpeditie.com\/en\/#website","url":"https:\/\/europaexpeditie.com\/en\/","name":"Europa Expeditie","description":"","publisher":{"@id":"https:\/\/europaexpeditie.com\/en\/#organization"},"potentialAction":[{"@type":"SearchAction","target":{"@type":"EntryPoint","urlTemplate":"https:\/\/europaexpeditie.com\/en\/?s={search_term_string}"},"query-input":{"@type":"PropertyValueSpecification","valueRequired":true,"valueName":"search_term_string"}}],"inLanguage":"hu"},{"@type":"Organization","@id":"https:\/\/europaexpeditie.com\/en\/#organization","name":"Europa Expeditie","url":"https:\/\/europaexpeditie.com\/en\/","logo":{"@type":"ImageObject","inLanguage":"hu","@id":"https:\/\/europaexpeditie.com\/en\/#\/schema\/logo\/image\/","url":"https:\/\/europaexpeditie.com\/wp-content\/uploads\/2020\/06\/logo-header.png","contentUrl":"https:\/\/europaexpeditie.com\/wp-content\/uploads\/2020\/06\/logo-header.png","width":605,"height":150,"caption":"Europa Expeditie"},"image":{"@id":"https:\/\/europaexpeditie.com\/en\/#\/schema\/logo\/image\/"}}]}},"_links":{"self":[{"href":"https:\/\/europaexpeditie.com\/hu\/wp-json\/wp\/v2\/pages\/2668","targetHints":{"allow":["GET"]}}],"collection":[{"href":"https:\/\/europaexpeditie.com\/hu\/wp-json\/wp\/v2\/pages"}],"about":[{"href":"https:\/\/europaexpeditie.com\/hu\/wp-json\/wp\/v2\/types\/page"}],"author":[{"embeddable":true,"href":"https:\/\/europaexpeditie.com\/hu\/wp-json\/wp\/v2\/users\/3"}],"replies":[{"embeddable":true,"href":"https:\/\/europaexpeditie.com\/hu\/wp-json\/wp\/v2\/comments?post=2668"}],"version-history":[{"count":0,"href":"https:\/\/europaexpeditie.com\/hu\/wp-json\/wp\/v2\/pages\/2668\/revisions"}],"wp:attachment":[{"href":"https:\/\/europaexpeditie.com\/hu\/wp-json\/wp\/v2\/media?parent=2668"}],"curies":[{"name":"wp","href":"https:\/\/api.w.org\/{rel}","templated":true}]}}