{"id":3191,"date":"2020-10-21T11:58:19","date_gmt":"2020-10-21T11:58:19","guid":{"rendered":"https:\/\/europaexpeditie.com\/?page_id=3191"},"modified":"2024-06-17T10:13:07","modified_gmt":"2024-06-17T10:13:07","slug":"incoterms-hu","status":"publish","type":"page","link":"https:\/\/europaexpeditie.com\/hu\/incoterms-hu\/","title":{"rendered":"Incoterms"},"content":{"rendered":"<div class=\"wpb-content-wrapper\"><p>[vc_row][vc_column][vc_column_text]<span style=\"font-size: 14pt;\"><strong>Mit jelentenek Incoterms <sup>\u00ae<\/sup>?<\/strong><\/span><\/p>\n<p><span style=\"font-size: 12pt;\">Az angol \u201e Incoterms <sup>\u00ae<\/sup>\u201d egy r\u00f6vid \u00e9s tal\u00e1l\u00f3 sz\u00f3 az International Commercial Terms (Nemzetk\u00f6zi Kereskedelmi Felt\u00e9telek) helyett. El\u0151sz\u00f6r 1936-ban haszn\u00e1lt\u00e1k hivatalosan arra a 11 szab\u00e1lyra, amelyek meghat\u00e1rozt\u00e1k, kinek mi a felel\u0151ss\u00e9ge a nemzetk\u00f6zi \u00fcgyletek sor\u00e1n.<\/span><\/p>\n<p><span style=\"font-size: 12pt;\">Az Incoterms <sup>\u00ae<\/sup> \u00a0meghat\u00e1rozza az \u00e1ruk elad\u00f3 \u00e9s vev\u0151 k\u00f6z\u00f6tti tranzakci\u00f3j\u00e1t \u00e9rint\u0151 \u00f6sszes feladatot, kock\u00e1zatot \u00e9s k\u00f6lts\u00e9get.<\/span><\/p>\n<p>&nbsp;<\/p>\n<p><strong>A legfontosabb v\u00e1ltoz\u00e1sok Incoterms <span style=\"font-size: 14pt;\"><sup>\u00ae<\/sup><\/span> 2020 k\u00e9pest Incoterms <span style=\"font-size: 14pt;\"><sup>\u00ae<\/sup><\/span> 2010<\/strong><\/p>\n<ul>\n<li>DAT &#8211; Delivered At Terminal (Termin\u00e1lhoz sz\u00e1ll\u00edtva) \u00e1tnevezve DPU &#8211; Delivered at Place Unloaded (Lesz\u00e1ll\u00edtva a kirakod\u00e1s hely\u00e9n) &#8211; a lerakodasi hely lehet b\u00e1rhol, nem kell lennie egy termin\u00e1l<\/li>\n<li>FCA &#8211; Free Carrier (K\u00f6lts\u00e9gmentesen a fuvaroz\u00f3nak \u00e1tadva) most lehet\u0151v\u00e9 teszi a sz\u00e1ml\u00e1k ki\u00e1ll\u00edt\u00e1s\u00e1t a rakodas ut\u00e1n<\/li>\n<\/ul>\n<p><strong>Az Incoterms <span style=\"font-size: 14pt;\"><sup>\u00ae<\/sup><\/span> 2020 egy\u00e9b l\u00e9nyeges v\u00e1ltoztat\u00e1sai:<\/strong><\/p>\n<ul>\n<li>CIF &#8211; Cost Insurance and Freight (K\u00f6lts\u00e9g, biztos\u00edt\u00e1s \u00e9s fuvard\u00edj fizetve) es CIP &#8211; Carriage and Insurance Paid To (Fuvaroz\u00e1s, biztos\u00edt\u00e1s fizetve valameddig) &#8211; \u00faj, szabv\u00e1nyos biztos\u00edt\u00e1si felt\u00e9telek meg\u00e1llap\u00edt\u00e1sa \u2013 a biztos\u00edt\u00e1s szintje tov\u00e1bbra is \u00e1truh\u00e1zhat\u00f3 a vev\u0151 \u00e9s az elad\u00f3 k\u00f6z\u00f6tt.<\/li>\n<li>FCA \u2013 Free Carrier (K\u00f6lts\u00e9gmentesen a fuvaroz\u00f3nak \u00e1tadva) DAP \u2013 Delivered At Place (Helysz\u00ednre lesz\u00e1ll\u00edtva) DDP \u2013 Delivered Duty Paid (Lesz\u00e1ll\u00edtva v\u00e1mfizet\u00e9ssel) DPU &#8211; Delivered at Place Unloaded (Lesz\u00e1ll\u00edtva a kirakod\u00e1s hely\u00e9n) \u2013 saj\u00e1t k\u00f6zleked\u00e9si m\u00f3djukkal es sz\u00e1ll\u00edt\u00f3eszk\u00f6z\u00f6k hasznalata, an\u00e9lk\u00fcl hogy harmadik f\u00e9lhez folyamodna.<\/li>\n<li>Nagyobb hangs\u00falyt tesznek a biztons\u00e1gi k\u00f6telezetts\u00e9gekre<\/li>\n<\/ul>\n<p>A felt\u00e9telek jobb meg\u00e9rt\u00e9se \u00e9rdek\u00e9ben minden egyes Incoterm <span style=\"font-size: 12pt;\"><span style=\"font-size: 14pt;\"><sup>\u00ae<\/sup><\/span><\/span> &#8222;magyar\u00e1z\u00f3 megjegyz\u00e9sek&#8221; eset\u00e9ben elvetett\u00e9k az \u00fatmutat\u00f3 kondi\u00e1rjegyzeteit.[\/vc_column_text][\/vc_column][\/vc_row][vc_row css=&#8221;.vc_custom_1603977015735{margin-top: 30px !important;margin-bottom: 60px !important;padding-top: 20px !important;}&#8221;][vc_column width=&#8221;1\/2&#8243; offset=&#8221;vc_col-lg-12 vc_col-md-12&#8243; css=&#8221;.vc_custom_1603281567718{margin-bottom: 30px !important;}&#8221;][vc_custom_heading text=&#8221;B\u00e1rmilyen t\u00edpus\u00fa k\u00f6zleked\u00e9sre vonatkoz\u00f3 szab\u00e1lyok&#8221; font_container=&#8221;tag:p|font_size:36|text_align:center|color:%23000000&#8243; google_fonts=&#8221;font_family:Open%20Sans%3A300%2C300italic%2Cregular%2Citalic%2C600%2C600italic%2C700%2C700italic%2C800%2C800italic|font_style:600%20bold%20regular%3A600%3Anormal&#8221; css=&#8221;.vc_custom_1604413283781{margin-bottom: 38px !important;}&#8221;][vc_tta_accordion style=&#8221;outline&#8221; shape=&#8221;square&#8221; color=&#8221;theme_style&#8221; c_icon=&#8221;chevron&#8221; c_position=&#8221;right&#8221; active_section=&#8221;-1&#8243; no_fill=&#8221;true&#8221;][vc_tta_section title=&#8221;EXW \u2013 Ex Works (\u00dczemb\u0151l)&#8221; tab_id=&#8221;1&#8243;][vc_column_text]A sz\u00e1ll\u00edt\u00e1si folyamat sor\u00e1n csaknem az \u00f6sszes k\u00f6lts\u00e9get \u00e9s kock\u00e1zatot a vev\u0151 v\u00e1llalja.<\/p>\n<p>Az elad\u00f3nak mind\u00f6ssze annyi a felel\u0151ss\u00e9ge, hogy el\u00e9rhet\u0151v\u00e9 tegye az \u00e1rukat a vev\u0151 sz\u00e1m\u00e1ra.<\/p>\n<p>Amint az \u00e1ruk el\u00e9rhet\u0151v\u00e9 v\u00e1lnak a vev\u0151 sz\u00e1m\u00e1ra, minden felel\u0151ss\u00e9get \u00e9s kock\u00e1zatot \u0151 visel (a rakod\u00e1st is bele\u00e9rtve).<\/p>\n<p>A kock\u00e1zat az elad\u00f3r\u00f3l a vev\u0151re sz\u00e1ll: Az elad\u00f3 rakt\u00e1r\u00e1ban, irod\u00e1j\u00e1ban vagy b\u00e1rmely egy\u00e9b helyen, ahonnan az \u00e1rufelv\u00e9tel t\u00f6rt\u00e9nik[\/vc_column_text][\/vc_tta_section][vc_tta_section title=&#8221;FCA \u2013 Free Carrier (K\u00f6lts\u00e9gmentesen a fuvaroz\u00f3nak \u00e1tadva)&#8221; tab_id=&#8221;2&#8243;][vc_column_text]Az elad\u00f3 feladata, hogy eljuttassa az \u00e1rukat a vev\u0151 fuvaroz\u00f3j\u00e1hoz, a megbesz\u00e9lt helyre. Az elad\u00f3 felel\u0151s az \u00e1ruk export v\u00e1mkezel\u00e9s\u00e9\u00e9rt is.<\/p>\n<p>A kock\u00e1zat az elad\u00f3r\u00f3l a vev\u0151re sz\u00e1ll: Amikor a vev\u0151 fuvaroz\u00f3ja megkapja az \u00e1rukat.[\/vc_column_text][\/vc_tta_section][vc_tta_section title=&#8221;CPT \u2013 Carriage Paid To (Fuvaroz\u00e1s fizetve valameddig)&#8221; tab_id=&#8221;3&#8243;][vc_column_text]Az FCA-val megegyez\u0151 felel\u0151ss\u00e9g az elad\u00f3 r\u00e9sz\u00e9r\u0151l, egyetlen elt\u00e9r\u00e9ssel: a sz\u00e1ll\u00edt\u00e1si k\u00f6lts\u00e9gek az elad\u00f3t terhelik. Az FCA-hoz hasonl\u00f3an az export v\u00e1mkezel\u00e9s az elad\u00f3 feladata.<\/p>\n<p>A kock\u00e1zat az elad\u00f3r\u00f3l a vev\u0151re sz\u00e1ll: Amikor a vev\u0151 fuvaroz\u00f3ja megkapja az \u00e1rukat.[\/vc_column_text][\/vc_tta_section][vc_tta_section title=&#8221;CIP \u2013 Carriage and Insurance Paid To (Fuvaroz\u00e1s \u00e9s biztos\u00edt\u00e1s fizetve valameddig)&#8221; tab_id=&#8221;4&#8243;][vc_column_text]A CPT-vel megegyez\u0151 felel\u0151ss\u00e9g az elad\u00f3 r\u00e9sz\u00e9r\u0151l, egyetlen elt\u00e9r\u00e9ssel: az \u00e1ruk biztos\u00edt\u00e1s\u00e1\u00e9rt is az elad\u00f3 felel. Az elad\u00f3nak csak minim\u00e1lis fedezetet kell v\u00e1s\u00e1rolnia.<\/p>\n<p>Amennyiben a vev\u0151 \u00e1tfog\u00f3bb biztos\u00edt\u00e1st szeretne, err\u0151l mag\u00e1nak kell gondoskodnia.<\/p>\n<p>A kock\u00e1zat az elad\u00f3r\u00f3l a vev\u0151re sz\u00e1ll: Amikor a vev\u0151 fuvaroz\u00f3ja megkapja az \u00e1rukat.[\/vc_column_text][\/vc_tta_section][vc_tta_section title=&#8221;DAP \u2013 Delivered At Place (Helysz\u00ednre lesz\u00e1ll\u00edtva)&#8221; tab_id=&#8221;5&#8243;][vc_column_text]Az elad\u00f3 viseli az \u00e1ruk megadott c\u00edmre t\u00f6rt\u00e9n\u0151 sz\u00e1ll\u00edt\u00e1s\u00e1nak k\u00f6lts\u00e9g\u00e9t \u00e9s kock\u00e1zat\u00e1t.<\/p>\n<p>Az \u00e1ruk akkor sz\u00e1m\u00edtanak k\u00e9zbes\u00edtettnek, ha meg\u00e9rkeztek a k\u00e9rt c\u00edmre \u00e9s kirakodhat\u00f3k. Az exportra \u00e9s importra vonatkoz\u00f3 felel\u0151ss\u00e9gek ugyanazok, mint a DAT eset\u00e9ben.<\/p>\n<p>A kock\u00e1zat az elad\u00f3r\u00f3l a vev\u0151re sz\u00e1ll: Amikor az \u00e1ruk a megbesz\u00e9lt c\u00edmen kirakodhat\u00f3k.[\/vc_column_text][\/vc_tta_section][vc_tta_section title=&#8221;DPU \u2013 Delivered at Place Unloaded (Lesz\u00e1ll\u00edtva a kirakod\u00e1s hely\u00e9n)&#8221; tab_id=&#8221;6&#8243;][vc_column_text]Az elad\u00f3 v\u00e1llalja az \u00e1ruk megbesz\u00e9lt termin\u00e1lra t\u00f6rt\u00e9n\u0151 k\u00e9zbes\u00edt\u00e9s\u00e9nek k\u00f6lts\u00e9g\u00e9t \u00e9s kock\u00e1zat\u00e1t.<\/p>\n<p>A termin\u00e1l lehet rep\u00fcl\u0151t\u00e9r, rakt\u00e1r, k\u00f6z\u00fati vagy kont\u00e9ner kirakod\u00f3 telephely. Az elad\u00f3 gondoskodik az \u00e1ruk export v\u00e1mkezel\u00e9s\u00e9r\u0151l \u00e9s rakodja ki azokat a termin\u00e1lon. Az import v\u00e1mkezel\u00e9st \u00e9s a kapcsol\u00f3d\u00f3 v\u00e1mterheket a vev\u0151 rendezi.<\/p>\n<p>A kock\u00e1zat az elad\u00f3r\u00f3l a vev\u0151re sz\u00e1ll: kirakott helyen[\/vc_column_text][\/vc_tta_section][vc_tta_section title=&#8221;DDP \u2013 Delivered Duty Paid (Lesz\u00e1ll\u00edtva v\u00e1mfizet\u00e9ssel)&#8221; tab_id=&#8221;7&#8243;][vc_column_text]A sz\u00e1ll\u00edt\u00e1si folyamat sor\u00e1n csaknem teljes eg\u00e9sz\u00e9ben az elad\u00f3 v\u00e1llalja a felel\u0151ss\u00e9get \u00e9s a k\u00f6lts\u00e9geket. \u0150 \u00e1ll minden k\u00f6lts\u00e9get \u00e9s kock\u00e1zatot az \u00e1ruk megbesz\u00e9lt c\u00edmre t\u00f6rt\u00e9n\u0151 sz\u00e1ll\u00edt\u00e1s\u00e1val kapcsolatban.<\/p>\n<p>Az elad\u00f3 gondoskodik arr\u00f3l, hogy az \u00e1ruk kirakodhat\u00f3k legyenek, v\u00e1llalja az importtal \u00e9s exporttal kapcsolatos felel\u0151ss\u00e9get, \u00e9s fizeti a vonatkoz\u00f3 v\u00e1mterheket.<\/p>\n<p>A kock\u00e1zat az elad\u00f3r\u00f3l a vev\u0151re sz\u00e1ll: Amikor az \u00e1ruk a megbesz\u00e9lt c\u00edmen kirakodhat\u00f3k.[\/vc_column_text][\/vc_tta_section][\/vc_tta_accordion][\/vc_column][\/vc_row][vc_row css=&#8221;.vc_custom_1449207080478{margin-bottom: 60px !important;}&#8221;][vc_column width=&#8221;1\/2&#8243; offset=&#8221;vc_col-lg-12 vc_col-md-12&#8243; css=&#8221;.vc_custom_1603281567718{margin-bottom: 30px !important;}&#8221;][vc_custom_heading text=&#8221;A tengeri \u00e9s belv\u00edzi haj\u00f3z\u00e1s szab\u00e1lyai&#8221; font_container=&#8221;tag:p|font_size:36|text_align:center|color:%23000000&#8243; google_fonts=&#8221;font_family:Open%20Sans%3A300%2C300italic%2Cregular%2Citalic%2C600%2C600italic%2C700%2C700italic%2C800%2C800italic|font_style:600%20bold%20regular%3A600%3Anormal&#8221; css=&#8221;.vc_custom_1604471994206{margin-bottom: 38px !important;}&#8221;][vc_tta_accordion style=&#8221;outline&#8221; shape=&#8221;square&#8221; color=&#8221;theme_style&#8221; c_icon=&#8221;chevron&#8221; c_position=&#8221;right&#8221; active_section=&#8221;-1&#8243; no_fill=&#8221;true&#8221;][vc_tta_section title=&#8221;FAS \u2013 Free Alongside Ship (K\u00f6lts\u00e9gmentesen a haj\u00f3 oldala mell\u00e9)&#8221; tab_id=&#8221;8&#8243;][vc_column_text]Mindaddig az elad\u00f3 visel minden k\u00f6lts\u00e9get \u00e9s kock\u00e1zatot, am\u00edg az \u00e1ruk meg nem \u00e9rkeznek a haj\u00f3 oldala mell\u00e9.<\/p>\n<p>A vev\u0151 ekkor veszi \u00e1t a kock\u00e1zatot, illetve gondoskodik az export \u00e9s import v\u00e1mkezel\u00e9sr\u0151l.<\/p>\n<p>A kock\u00e1zat az elad\u00f3r\u00f3l a vev\u0151re sz\u00e1ll: Amikor az \u00e1ruk a haj\u00f3 oldal\u00e1hoz \u00e9rkeznek.[\/vc_column_text][\/vc_tta_section][vc_tta_section title=&#8221;FOB \u2013 Free on Board (K\u00f6lts\u00e9gmentesen a haj\u00f3 fed\u00e9lzet\u00e9re)&#8221; tab_id=&#8221;9&#8243;][vc_column_text]Mindaddig az elad\u00f3 visel minden k\u00f6lts\u00e9get \u00e9s kock\u00e1zatot, am\u00edg az \u00e1ruk a haj\u00f3 fed\u00e9lzet\u00e9re nem ker\u00fclnek.<\/p>\n<p>Az export v\u00e1mkezel\u00e9s is az \u0151 feladata. A vev\u0151 az \u00e1ruk fed\u00e9lzetre \u00e9rkez\u00e9sekor veszi \u00e1t az \u00f6sszes felel\u0151ss\u00e9get.<\/p>\n<p>A kock\u00e1zat az elad\u00f3r\u00f3l a vev\u0151re sz\u00e1ll: Amikor az \u00e1ruk a haj\u00f3ra ker\u00fclnek.[\/vc_column_text][\/vc_tta_section][vc_tta_section title=&#8221;CFR \u2013 Cost and Freight (K\u00f6lts\u00e9g \u00e9s fuvard\u00edj fizetve)&#8221; tab_id=&#8221;10&#8243;][vc_column_text]Az elad\u00f3nak ugyanazok a felel\u0151ss\u00e9gei, mint az FOB eset\u00e9ben, de fizetnie kell az \u00e1ruk kik\u00f6t\u0151be sz\u00e1ll\u00edt\u00e1s\u00e1nak k\u00f6lts\u00e9g\u00e9t is.<\/p>\n<p>Az FOB-hoz hasonl\u00f3an a vev\u0151 az \u00e1ruk fed\u00e9lzetre \u00e9rkez\u00e9sekor \u00e1tv\u00e1llal minden felel\u0151ss\u00e9get.<\/p>\n<p>A kock\u00e1zat az elad\u00f3r\u00f3l a vev\u0151re sz\u00e1ll: Amikor az \u00e1ruk a haj\u00f3n vannak.[\/vc_column_text][\/vc_tta_section][vc_tta_section title=&#8221;CIF \u2013 Cost, Insurance and Freight (K\u00f6lts\u00e9g, biztos\u00edt\u00e1s \u00e9s fuvard\u00edj fizetve)&#8221; tab_id=&#8221;11&#8243;][vc_column_text]Az elad\u00f3 k\u00f6telezetts\u00e9gei ugyanazok, mint a CFR eset\u00e9ben, de viselnie kell a biztos\u00edt\u00e1s k\u00f6lts\u00e9geit is.<\/p>\n<p>A CIP-hez hasonl\u00f3an csak minim\u00e1lis fedezetet kell v\u00e1s\u00e1rolnia. Amennyiben a vev\u0151 \u00e1tfog\u00f3bb biztos\u00edt\u00e1sra tart ig\u00e9nyt, err\u0151l mag\u00e1nak kell gondoskodnia.<\/p>\n<p>A kock\u00e1zat az elad\u00f3r\u00f3l a vev\u0151re sz\u00e1ll: Amikor az \u00e1ruk a haj\u00f3n vannak.[\/vc_column_text][\/vc_tta_section][\/vc_tta_accordion][vc_column_text]<span style=\"font-size: 14pt;\">Ha t\u00f6bbet szeretne megtudni az Incoterms <span style=\"font-size: 12pt;\"><sup>\u00ae<\/sup><\/span> szab\u00e1lyair\u00f3l, el\u00e9rheti azokat a <a href=\"https:\/\/iccwbo.org\/resources-for-business\/incoterms-rules\/incoterms-2020\/\">International Chamber of Commerce<\/a> (ICC) hivatalos weboldal\u00e1n.<\/span>[\/vc_column_text][\/vc_column][\/vc_row][vc_row css=&#8221;.vc_custom_1589198588741{padding-top: 20px !important;padding-bottom: 20px !important;background-color: #183650 !important;}&#8221;][vc_column][vc_column_text]<\/p>\n<p style=\"text-align: center;\"><span style=\"font-size: 14pt;\"><strong><span style=\"color: #ffffff;\"><a style=\"color: #ffffff;\" href=\"https:\/\/europaexpeditie.com\/hu\/ajanlat-kerese\/\">Egy\u00fctt sikerrel j\u00e1rhatunk!<\/a><\/span><\/strong><\/span><\/p>\n<p>[\/vc_column_text][\/vc_column][\/vc_row][vc_row full_width=&#8221;stretch_row&#8221; css=&#8221;.vc_custom_1590579289606{margin-top: 0px !important;margin-bottom: 0px !important;padding-top: 50px !important;padding-bottom: 0px !important;background-image: url(https:\/\/europaexpeditie.com\/wp-content\/uploads\/2020\/05\/harta-firme-apartinatoare_.jpg?id=2127) !important;}&#8221;][vc_column offset=&#8221;vc_col-lg-12 vc_col-md-12&#8243; css=&#8221;.vc_custom_1587730827730{margin-top: 0px !important;}&#8221;][vc_column_text css=&#8221;.vc_custom_1588152386034{margin-bottom: 60px !important;}&#8221;]<\/p>\n<h2>E van Wijk Group Companies<\/h2>\n<p>[\/vc_column_text][vc_row_inner css=&#8221;.vc_custom_1449205358710{margin-bottom: 0px !important;}&#8221;][vc_column_inner width=&#8221;1\/4&#8243; css=&#8221;.vc_custom_1449205271760{margin-bottom: 30px !important;}&#8221;][vc_single_image image=&#8221;2130&#8243; img_size=&#8221;full&#8221; alignment=&#8221;center&#8221; onclick=&#8221;custom_link&#8221; img_link_target=&#8221;_blank&#8221; link=&#8221;http:\/\/www.evanwijk.ro\/&#8221;][vc_column_text css=&#8221;.vc_custom_1619440081209{border-right-width: 1px !important;padding-top: 40px !important;padding-right: 30px !important;padding-bottom: 40px !important;padding-left: 30px !important;border-right-color: #e6e6e6 !important;border-right-style: solid !important;}&#8221;]<\/p>\n<h5><span style=\"color: #183650;\">Logistic E van Wijk<\/span><\/h5>\n<p><span style=\"color: #183650;\">C\u00edm: Str. Clujului 7, 407042,\u00a0 Sannicoara, Jud. Cluj, Romania<\/span><br \/>\n<span style=\"color: #183650;\">Tel. <a style=\"color: #000000;\" href=\"tel:+40 372 300 200\">+40 372 300 200<\/a><\/span>[\/vc_column_text][\/vc_column_inner][vc_column_inner width=&#8221;1\/4&#8243; css=&#8221;.vc_custom_1449205275416{margin-bottom: 30px !important;}&#8221;][vc_single_image image=&#8221;2134&#8243; img_size=&#8221;full&#8221; alignment=&#8221;center&#8221; onclick=&#8221;custom_link&#8221; img_link_target=&#8221;_blank&#8221; link=&#8221;https:\/\/www.twentepoort-logistiek.nl\/&#8221;][vc_column_text css=&#8221;.vc_custom_1619440043687{border-right-width: 1px !important;padding-top: 40px !important;padding-right: 30px !important;padding-bottom: 40px !important;padding-left: 30px !important;border-right-color: #e6e6e6 !important;border-right-style: solid !important;}&#8221;]<\/p>\n<h5><span style=\"color: #183650;\">Twentepoort Logistiek BV<\/span><\/h5>\n<p><span style=\"color: #183650;\">C\u00edm: Vijverweg 2 , 7641 LH Wierden, Olanda<\/span><br \/>\n<span style=\"color: #183650;\">Tel. <a style=\"color: #000000;\" href=\"tel:+31 546 45 5374\">+31 546 45 5374<\/a><\/span>[\/vc_column_text][\/vc_column_inner][vc_column_inner width=&#8221;1\/4&#8243;][vc_single_image image=&#8221;2130&#8243; img_size=&#8221;full&#8221; alignment=&#8221;center&#8221; onclick=&#8221;custom_link&#8221; img_link_target=&#8221;_blank&#8221; link=&#8221;https:\/\/www.evanwijk.com\/en\/&#8221;][vc_column_text css=&#8221;.vc_custom_1619439998597{border-right-width: 1px !important;padding-top: 40px !important;padding-right: 30px !important;padding-bottom: 40px !important;padding-left: 30px !important;border-right-color: #e6e6e6 !important;border-right-style: solid !important;}&#8221;]<\/p>\n<h5><span style=\"color: #183650;\">E. van Wijk Logistics BV<\/span><\/h5>\n<p><span style=\"color: #183650;\">C\u00edm: Expeditiestraat 14 , 4283 JG Giessen, Olanda<\/span><br \/>\n<span style=\"color: #183650;\">Tel. <a style=\"color: #000000;\" href=\"tel:+31 (0) 183 44 79 00\">+31 (0) 183 44 79 00<\/a><\/span>[\/vc_column_text][\/vc_column_inner][vc_column_inner width=&#8221;1\/4&#8243;][vc_single_image image=&#8221;1795&#8243; img_size=&#8221;full&#8221; alignment=&#8221;center&#8221; onclick=&#8221;custom_link&#8221; img_link_target=&#8221;_blank&#8221; link=&#8221;https:\/\/himexlogistics.nl\/en&#8221;][vc_column_text css=&#8221;.vc_custom_1619439988487{border-right-width: 1px !important;padding-top: 40px !important;padding-right: 30px !important;padding-bottom: 40px !important;padding-left: 30px !important;border-right-color: #e6e6e6 !important;border-right-style: solid !important;}&#8221;]<\/p>\n<h5><span style=\"color: #183650;\">Himex Logistics<\/span><\/h5>\n<p><span style=\"color: #183650;\">C\u00edm: Vijverweg 2 , 7641 LH Wierden, Olanda<\/span><br \/>\n<span style=\"color: #183650;\">Tel. <a style=\"color: #000000;\" href=\"tel:+31 (0) 541 55 11 13\">+31 (0) 541 55 11 13<\/a><\/span>[\/vc_column_text][\/vc_column_inner][\/vc_row_inner][\/vc_column][\/vc_row]<\/p>\n<\/div>","protected":false},"excerpt":{"rendered":"<p>[vc_row][vc_column][vc_column_text]Mit jelentenek Incoterms \u00ae? Az angol \u201e Incoterms \u00ae\u201d egy r\u00f6vid \u00e9s tal\u00e1l\u00f3 sz\u00f3 az International Commercial Terms (Nemzetk\u00f6zi Kereskedelmi Felt\u00e9telek) helyett. El\u0151sz\u00f6r 1936-ban haszn\u00e1lt\u00e1k hivatalosan arra a 11 szab\u00e1lyra, amelyek meghat\u00e1rozt\u00e1k, kinek&#8230;<\/p>\n","protected":false},"author":3,"featured_media":0,"parent":0,"menu_order":0,"comment_status":"closed","ping_status":"closed","template":"","meta":{"footnotes":""},"class_list":["post-3191","page","type-page","status-publish","hentry"],"yoast_head":"<!-- This site is optimized with the Yoast SEO plugin v24.7 - https:\/\/yoast.com\/wordpress\/plugins\/seo\/ -->\n<title>Incoterms - Europa Expeditie<\/title>\n<meta name=\"robots\" content=\"index, follow, max-snippet:-1, max-image-preview:large, max-video-preview:-1\" \/>\n<link rel=\"canonical\" href=\"https:\/\/europaexpeditie.com\/hu\/incoterms-hu\/\" \/>\n<meta property=\"og:locale\" content=\"hu_HU\" \/>\n<meta property=\"og:type\" content=\"article\" \/>\n<meta property=\"og:title\" content=\"Incoterms - Europa Expeditie\" \/>\n<meta property=\"og:description\" content=\"[vc_row][vc_column][vc_column_text]Mit jelentenek Incoterms \u00ae? Az angol \u201e Incoterms \u00ae\u201d egy r\u00f6vid \u00e9s tal\u00e1l\u00f3 sz\u00f3 az International Commercial Terms (Nemzetk\u00f6zi Kereskedelmi Felt\u00e9telek) helyett. El\u0151sz\u00f6r 1936-ban haszn\u00e1lt\u00e1k hivatalosan arra a 11 szab\u00e1lyra, amelyek meghat\u00e1rozt\u00e1k, kinek...\" \/>\n<meta property=\"og:url\" content=\"https:\/\/europaexpeditie.com\/hu\/incoterms-hu\/\" \/>\n<meta property=\"og:site_name\" content=\"Europa Expeditie\" \/>\n<meta property=\"article:modified_time\" content=\"2024-06-17T10:13:07+00:00\" \/>\n<meta name=\"twitter:card\" content=\"summary_large_image\" \/>\n<meta name=\"twitter:label1\" content=\"Becs\u00fclt olvas\u00e1si id\u0151\" \/>\n\t<meta name=\"twitter:data1\" content=\"5 perc\" \/>\n<script type=\"application\/ld+json\" class=\"yoast-schema-graph\">{\"@context\":\"https:\/\/schema.org\",\"@graph\":[{\"@type\":\"WebPage\",\"@id\":\"https:\/\/europaexpeditie.com\/hu\/incoterms-hu\/\",\"url\":\"https:\/\/europaexpeditie.com\/hu\/incoterms-hu\/\",\"name\":\"Incoterms - Europa Expeditie\",\"isPartOf\":{\"@id\":\"https:\/\/europaexpeditie.com\/en\/#website\"},\"datePublished\":\"2020-10-21T11:58:19+00:00\",\"dateModified\":\"2024-06-17T10:13:07+00:00\",\"breadcrumb\":{\"@id\":\"https:\/\/europaexpeditie.com\/hu\/incoterms-hu\/#breadcrumb\"},\"inLanguage\":\"hu\",\"potentialAction\":[{\"@type\":\"ReadAction\",\"target\":[\"https:\/\/europaexpeditie.com\/hu\/incoterms-hu\/\"]}]},{\"@type\":\"BreadcrumbList\",\"@id\":\"https:\/\/europaexpeditie.com\/hu\/incoterms-hu\/#breadcrumb\",\"itemListElement\":[{\"@type\":\"ListItem\",\"position\":1,\"name\":\"Home\",\"item\":\"https:\/\/europaexpeditie.com\/hu\/\"},{\"@type\":\"ListItem\",\"position\":2,\"name\":\"Incoterms\"}]},{\"@type\":\"WebSite\",\"@id\":\"https:\/\/europaexpeditie.com\/en\/#website\",\"url\":\"https:\/\/europaexpeditie.com\/en\/\",\"name\":\"Europa Expeditie\",\"description\":\"\",\"publisher\":{\"@id\":\"https:\/\/europaexpeditie.com\/en\/#organization\"},\"potentialAction\":[{\"@type\":\"SearchAction\",\"target\":{\"@type\":\"EntryPoint\",\"urlTemplate\":\"https:\/\/europaexpeditie.com\/en\/?s={search_term_string}\"},\"query-input\":{\"@type\":\"PropertyValueSpecification\",\"valueRequired\":true,\"valueName\":\"search_term_string\"}}],\"inLanguage\":\"hu\"},{\"@type\":\"Organization\",\"@id\":\"https:\/\/europaexpeditie.com\/en\/#organization\",\"name\":\"Europa Expeditie\",\"url\":\"https:\/\/europaexpeditie.com\/en\/\",\"logo\":{\"@type\":\"ImageObject\",\"inLanguage\":\"hu\",\"@id\":\"https:\/\/europaexpeditie.com\/en\/#\/schema\/logo\/image\/\",\"url\":\"https:\/\/europaexpeditie.com\/wp-content\/uploads\/2020\/06\/logo-header.png\",\"contentUrl\":\"https:\/\/europaexpeditie.com\/wp-content\/uploads\/2020\/06\/logo-header.png\",\"width\":605,\"height\":150,\"caption\":\"Europa Expeditie\"},\"image\":{\"@id\":\"https:\/\/europaexpeditie.com\/en\/#\/schema\/logo\/image\/\"}}]}<\/script>\n<!-- \/ Yoast SEO plugin. -->","yoast_head_json":{"title":"Incoterms - Europa Expeditie","robots":{"index":"index","follow":"follow","max-snippet":"max-snippet:-1","max-image-preview":"max-image-preview:large","max-video-preview":"max-video-preview:-1"},"canonical":"https:\/\/europaexpeditie.com\/hu\/incoterms-hu\/","og_locale":"hu_HU","og_type":"article","og_title":"Incoterms - Europa Expeditie","og_description":"[vc_row][vc_column][vc_column_text]Mit jelentenek Incoterms \u00ae? Az angol \u201e Incoterms \u00ae\u201d egy r\u00f6vid \u00e9s tal\u00e1l\u00f3 sz\u00f3 az International Commercial Terms (Nemzetk\u00f6zi Kereskedelmi Felt\u00e9telek) helyett. El\u0151sz\u00f6r 1936-ban haszn\u00e1lt\u00e1k hivatalosan arra a 11 szab\u00e1lyra, amelyek meghat\u00e1rozt\u00e1k, kinek...","og_url":"https:\/\/europaexpeditie.com\/hu\/incoterms-hu\/","og_site_name":"Europa Expeditie","article_modified_time":"2024-06-17T10:13:07+00:00","twitter_card":"summary_large_image","twitter_misc":{"Becs\u00fclt olvas\u00e1si id\u0151":"5 perc"},"schema":{"@context":"https:\/\/schema.org","@graph":[{"@type":"WebPage","@id":"https:\/\/europaexpeditie.com\/hu\/incoterms-hu\/","url":"https:\/\/europaexpeditie.com\/hu\/incoterms-hu\/","name":"Incoterms - Europa Expeditie","isPartOf":{"@id":"https:\/\/europaexpeditie.com\/en\/#website"},"datePublished":"2020-10-21T11:58:19+00:00","dateModified":"2024-06-17T10:13:07+00:00","breadcrumb":{"@id":"https:\/\/europaexpeditie.com\/hu\/incoterms-hu\/#breadcrumb"},"inLanguage":"hu","potentialAction":[{"@type":"ReadAction","target":["https:\/\/europaexpeditie.com\/hu\/incoterms-hu\/"]}]},{"@type":"BreadcrumbList","@id":"https:\/\/europaexpeditie.com\/hu\/incoterms-hu\/#breadcrumb","itemListElement":[{"@type":"ListItem","position":1,"name":"Home","item":"https:\/\/europaexpeditie.com\/hu\/"},{"@type":"ListItem","position":2,"name":"Incoterms"}]},{"@type":"WebSite","@id":"https:\/\/europaexpeditie.com\/en\/#website","url":"https:\/\/europaexpeditie.com\/en\/","name":"Europa Expeditie","description":"","publisher":{"@id":"https:\/\/europaexpeditie.com\/en\/#organization"},"potentialAction":[{"@type":"SearchAction","target":{"@type":"EntryPoint","urlTemplate":"https:\/\/europaexpeditie.com\/en\/?s={search_term_string}"},"query-input":{"@type":"PropertyValueSpecification","valueRequired":true,"valueName":"search_term_string"}}],"inLanguage":"hu"},{"@type":"Organization","@id":"https:\/\/europaexpeditie.com\/en\/#organization","name":"Europa Expeditie","url":"https:\/\/europaexpeditie.com\/en\/","logo":{"@type":"ImageObject","inLanguage":"hu","@id":"https:\/\/europaexpeditie.com\/en\/#\/schema\/logo\/image\/","url":"https:\/\/europaexpeditie.com\/wp-content\/uploads\/2020\/06\/logo-header.png","contentUrl":"https:\/\/europaexpeditie.com\/wp-content\/uploads\/2020\/06\/logo-header.png","width":605,"height":150,"caption":"Europa Expeditie"},"image":{"@id":"https:\/\/europaexpeditie.com\/en\/#\/schema\/logo\/image\/"}}]}},"_links":{"self":[{"href":"https:\/\/europaexpeditie.com\/hu\/wp-json\/wp\/v2\/pages\/3191","targetHints":{"allow":["GET"]}}],"collection":[{"href":"https:\/\/europaexpeditie.com\/hu\/wp-json\/wp\/v2\/pages"}],"about":[{"href":"https:\/\/europaexpeditie.com\/hu\/wp-json\/wp\/v2\/types\/page"}],"author":[{"embeddable":true,"href":"https:\/\/europaexpeditie.com\/hu\/wp-json\/wp\/v2\/users\/3"}],"replies":[{"embeddable":true,"href":"https:\/\/europaexpeditie.com\/hu\/wp-json\/wp\/v2\/comments?post=3191"}],"version-history":[{"count":3,"href":"https:\/\/europaexpeditie.com\/hu\/wp-json\/wp\/v2\/pages\/3191\/revisions"}],"predecessor-version":[{"id":5753,"href":"https:\/\/europaexpeditie.com\/hu\/wp-json\/wp\/v2\/pages\/3191\/revisions\/5753"}],"wp:attachment":[{"href":"https:\/\/europaexpeditie.com\/hu\/wp-json\/wp\/v2\/media?parent=3191"}],"curies":[{"name":"wp","href":"https:\/\/api.w.org\/{rel}","templated":true}]}}